{"id":7655,"date":"2026-04-01T11:00:55","date_gmt":"2026-04-01T14:00:55","guid":{"rendered":"https:\/\/istlyr-caba.infd.edu.ar\/sitio\/?page_id=7655"},"modified":"2026-04-01T11:02:33","modified_gmt":"2026-04-01T14:02:33","slug":"consejo-directivo","status":"publish","type":"page","link":"https:\/\/istlyr-caba.infd.edu.ar\/sitio\/consejo-directivo\/","title":{"rendered":"Consejo Directivo"},"content":{"rendered":"\n<p><\/p>\n\n\n\n<p><a href=\"https:\/\/istlyr-caba.infd.edu.ar\/sitio\/consejo-de-convivencia-2\/\">Consejo de convivencia<\/a><\/p>\n\n\n\n<p><a href=\"https:\/\/istlyr-caba.infd.edu.ar\/sitio\/area-de-generos-y-diversidades\/\">\u00c1rea de g\u00e9neros<\/a><\/p>\n\n\n\n<p><a href=\"https:\/\/istlyr-caba.infd.edu.ar\/sitio\/wp-content\/uploads\/2026\/04\/REGLAMENTO_ADSCRIPCIONES_Y_AYUDANTIAS_-_ISTLYR.pdf\" target=\"_blank\" rel=\"noreferrer noopener\">Reglamento de adscripciones y ayudant\u00edas\u00a0de asignaturas<\/a><\/p>\n\n\n\n<p><a href=\"https:\/\/istlyr-caba.infd.edu.ar\/sitio\/wp-content\/uploads\/2026\/04\/Reglamento-ayudanti\u0301as-y-adscricio\u0301n-Investigacio\u0301n_2025-_versio\u0301n-corregida-2sept.docx\" target=\"_blank\" rel=\"noreferrer noopener\">Reglamento de adscripciones y ayudant\u00edas del \u00c1rea de Investigaci\u00f3n y la Jefatura de Investigaci\u00f3n<\/a><\/p>\n\n\n\n<p>Resoluciones del Consejo Directivo<\/p>\n","protected":false},"excerpt":{"rendered":"<p>Consejo de convivencia \u00c1rea de g\u00e9neros Reglamento de adscripciones y ayudant\u00edas\u00a0de asignaturas Reglamento de adscripciones y ayudant\u00edas del \u00c1rea de Investigaci\u00f3n y la Jefatura de Investigaci\u00f3n Resoluciones del Consejo Directivo<\/p>\n","protected":false},"author":716,"featured_media":0,"parent":0,"menu_order":0,"comment_status":"closed","ping_status":"closed","template":"","meta":[],"acf":[],"_links":{"self":[{"href":"https:\/\/istlyr-caba.infd.edu.ar\/sitio\/wp-json\/wp\/v2\/pages\/7655"}],"collection":[{"href":"https:\/\/istlyr-caba.infd.edu.ar\/sitio\/wp-json\/wp\/v2\/pages"}],"about":[{"href":"https:\/\/istlyr-caba.infd.edu.ar\/sitio\/wp-json\/wp\/v2\/types\/page"}],"author":[{"embeddable":true,"href":"https:\/\/istlyr-caba.infd.edu.ar\/sitio\/wp-json\/wp\/v2\/users\/716"}],"replies":[{"embeddable":true,"href":"https:\/\/istlyr-caba.infd.edu.ar\/sitio\/wp-json\/wp\/v2\/comments?post=7655"}],"version-history":[{"count":2,"href":"https:\/\/istlyr-caba.infd.edu.ar\/sitio\/wp-json\/wp\/v2\/pages\/7655\/revisions"}],"predecessor-version":[{"id":7660,"href":"https:\/\/istlyr-caba.infd.edu.ar\/sitio\/wp-json\/wp\/v2\/pages\/7655\/revisions\/7660"}],"wp:attachment":[{"href":"https:\/\/istlyr-caba.infd.edu.ar\/sitio\/wp-json\/wp\/v2\/media?parent=7655"}],"curies":[{"name":"wp","href":"https:\/\/api.w.org\/{rel}","templated":true}]}}