{"id":7289,"date":"2025-09-15T22:05:59","date_gmt":"2025-09-16T01:05:59","guid":{"rendered":"https:\/\/istlyr-caba.infd.edu.ar\/sitio\/?page_id=7289"},"modified":"2025-10-30T12:55:23","modified_gmt":"2025-10-30T15:55:23","slug":"cronograma-acto-eleccionario-consejeres-estudiantes-y-docentes-octubre-2025","status":"publish","type":"page","link":"https:\/\/istlyr-caba.infd.edu.ar\/sitio\/cronograma-acto-eleccionario-consejeres-estudiantes-y-docentes-octubre-2025\/","title":{"rendered":"El 23 de octubre votamos representantes para el Consejo Directivo"},"content":{"rendered":"\n<hr class=\"wp-block-separator has-alpha-channel-opacity\"\/>\n\n\n\n<p><strong>Listado de candidates &#8211; Claustro Docente&nbsp;<\/strong><\/p>\n\n\n\n<p>Les compartimos el listado de&nbsp;<strong>candidates<\/strong>&nbsp;para representar al CLAUSTRO DOCENTE en el CONSEJO DIRECTIVO:<\/p>\n\n\n\n<p>Ana Mazzino (PyES)<\/p>\n\n\n\n<p>Silvina Kurlat (PyES)<\/p>\n\n\n\n<p>Pablo Quatrini (Comu)<\/p>\n\n\n\n<p>Paola Rubinsztain (PyES)<\/p>\n\n\n\n<p>Johanna El\u00edas (Recreaci\u00f3n)<\/p>\n\n\n\n<p>Magal\u00ed Gomez (Comu)<\/p>\n\n\n\n<p>Natalia&nbsp;Gomez (Recreaci\u00f3n)<\/p>\n\n\n\n<p>Sebasti\u00e1n Calder\u00f3n (Comu)<\/p>\n\n\n\n<p>Laura Bernal (Recreaci\u00f3n)<\/p>\n\n\n\n<p>Virginia Azzaretti (PyES)<\/p>\n\n\n\n<p>Jimena Gonzalez Alsina (Recreaci\u00f3n)<\/p>\n\n\n\n<p>Florencia Brescia (Comu)<\/p>\n\n\n\n<p><strong>Listado de candidates &#8211; Claustro Estudiantil &nbsp;<\/strong><\/p>\n\n\n\n<p>Les compartimos el listado de candidates para representar al CLAUSTRO ESTUDIANTIL en el CONSEJO DIRECTIVO:<\/p>\n\n\n\n<p>Aleida Maidana (PyES)<\/p>\n\n\n\n<p>Graciela Garc\u00eda (PyES)<\/p>\n\n\n\n<p>Giselle Longhi (PyES)<\/p>\n\n\n\n<p>Ana Martinez (PyES)<\/p>\n\n\n\n<p>Melina Cabas\u00e9s (PyES)<\/p>\n\n\n\n<p>Mariela Costa (PyES)<\/p>\n\n\n\n<p>Les recordamos que las elecciones se realizar\u00e1n&nbsp;el&nbsp;<strong>jueves 23 de octubre<\/strong>.<\/p>\n\n\n\n<p>M\u00e1s abajo encontrar\u00e1n los&nbsp;<strong>padrones<\/strong>&nbsp;de ambos claustros.<\/p>\n\n\n\n<p><em>\u00a1Nos vemos el jueves 23 para seguir construyendo la vida democracia en el ISTLyR!&nbsp;<\/em><\/p>\n\n\n\n<hr class=\"wp-block-separator has-alpha-channel-opacity\"\/>\n\n\n\n<p><strong>\u00bfQu\u00e9 es el Consejo Directivo?<\/strong><\/p>\n\n\n\n<p>Es el \u00f3rgano de co-gobierno de nuestra instituci\u00f3n.<\/p>\n\n\n\n<p><strong>\u00bfDe qu\u00e9 se ocupa?&nbsp;<\/strong><\/p>\n\n\n\n<p>Se re\u00fane una vez por mes, toma decisiones de gesti\u00f3n institucional y tambi\u00e9n aconseja al Equipo Directivo.<\/p>\n\n\n\n<p><strong>\u00bfC\u00f3mo est\u00e1 conformado?&nbsp;<\/strong><\/p>\n\n\n\n<p>Tiene representaci\u00f3n de los tres claustros: docentes, estudiantes y graduades.<em>&nbsp;\u00a1Esto es lo que votamos el 23 de octubre!<\/em><\/p>\n\n\n\n<p><strong>\u00bfQui\u00e9nes votan?&nbsp;<\/strong><\/p>\n\n\n\n<ul>\n<li>Les docentes (titulares, interines&nbsp;y suplentes) con 1 a\u00f1o de antig\u00fcedad m\u00ednima.<\/li>\n\n\n\n<li>Todes les estudiantes regulares (aquelles que est\u00e1n cursando al menos una materia).<\/li>\n\n\n\n<li>Y les graduades que acrediten dicha situaci\u00f3n y se acerquen ese d\u00eda para construir desde la pluralidad de ideas.<\/li>\n<\/ul>\n\n\n\n<p><strong>Para garantizar la vida democr\u00e1tica y la diversidad de voces, para seguir construyendo de manera colectiva, \u00a1es s\u00faper importante tu participaci\u00f3n!&nbsp;<\/strong><\/p>\n\n\n\n<hr class=\"wp-block-separator has-alpha-channel-opacity\"\/>\n\n\n\n<p><strong><u>&nbsp;Cronograma Acto Eleccionario Consejeres Estudiantes y Docentes octubre 2025<\/u><\/strong><\/p>\n\n\n\n<p><strong>03\/09:<\/strong> El CD aprueba Junta Electoral.<\/p>\n\n\n\n<p><strong>10\/09: <\/strong>El CD aprueba Cronograma Electoral.&nbsp;<\/p>\n\n\n\n<p><strong>19\/09: <\/strong>Cierre de padrones en Secretar\u00eda.&nbsp;<\/p>\n\n\n\n<p><strong>22\/09: <\/strong>Remisi\u00f3n de padrones para la Junta Electoral.<\/p>\n\n\n\n<p><strong>23 al 25\/09:&nbsp; <\/strong>Verificaci\u00f3n de los padrones provisorios por la Junta Electoral.<\/p>\n\n\n\n<p><strong>26\/09:&nbsp; <\/strong>Exhibici\u00f3n de los padrones provisorios. Presentaci\u00f3n de impugnaciones y pedidos de inclusi\u00f3n.<\/p>\n\n\n\n<p><strong>29 y 30\/09:<\/strong> Resoluci\u00f3n de impugnaciones.<\/p>\n\n\n\n<p><strong>1\/10: <\/strong>Aprobaci\u00f3n de padrones definitivos.<\/p>\n\n\n\n<p><strong>2\/10: <\/strong>Exhibici\u00f3n de padrones definitivos.<\/p>\n\n\n\n<p><strong>6\/10: <\/strong>Presentaci\u00f3n de candidates.<\/p>\n\n\n\n<p><strong>7\/ 10: <\/strong>An\u00e1lisis de candidate\/s por parte de la Junta Electoral.<\/p>\n\n\n\n<p><strong>8\/10: <\/strong>Exhibici\u00f3n de candidates. Presentaci\u00f3n de impugnaciones y observaciones a candidates.<\/p>\n\n\n\n<p><strong>9\/10:&nbsp;<\/strong> Resoluci\u00f3n de impugnaci\u00f3n.<\/p>\n\n\n\n<p><strong>13\/10: <\/strong>Oficializaci\u00f3n de candidates.<\/p>\n\n\n\n<p><strong>13 al 19\/10: <\/strong>Presentaci\u00f3n de candidates a la comunidad educativa y campa\u00f1a electoral.<\/p>\n\n\n\n<p><strong>20\/10: <\/strong>Designaci\u00f3n de las autoridades de mesa.<\/p>\n\n\n\n<p><strong>20\/10: <\/strong>Cierre de propaganda electoral.<\/p>\n\n\n\n<p><strong>23\/10: <\/strong>Acto eleccionario &#8211; escrutinio provisorio.<\/p>\n\n\n\n<p><strong>24\/10: <\/strong>Escrutinio definitivo.<\/p>\n\n\n\n<p><strong>24\/10: <\/strong>Elevaci\u00f3n a la DFTS.<\/p>\n\n\n\n<p><strong>En la primera sesi\u00f3n de noviembre del CD asumen les consejeres elegides.<\/strong><\/p>\n\n\n\n<hr class=\"wp-block-separator has-alpha-channel-opacity\"\/>\n\n\n\n<p class=\"has-medium-font-size\"><strong>Y te dejamos los padrones docente y estudiantil<\/strong><\/p>\n\n\n\n<p><a href=\"https:\/\/istlyr-caba.infd.edu.ar\/sitio\/wp-content\/uploads\/2025\/09\/PADRONES-docentes-REGENCIA-1.pdf\" target=\"_blank\" rel=\"noreferrer noopener\">Padr\u00f3n Docentes<\/a><\/p>\n\n\n\n<p><a rel=\"noreferrer noopener\" href=\"https:\/\/istlyr-caba.infd.edu.ar\/sitio\/wp-content\/uploads\/2025\/09\/Padron-Estudiantes.pdf\" target=\"_blank\">Padr\u00f3n Estudiantes<\/a><\/p>\n\n\n\n<hr class=\"wp-block-separator has-alpha-channel-opacity\"\/>\n\n\n\n<p>Si ten\u00e9s alguna duda, comunicate con la presidenta de la Junta, Cynthia S\u00e1nchez, a&nbsp;<a href=\"mailto:cynthiacolosanchez@gmail.com\" target=\"_blank\" rel=\"noreferrer noopener\">cynthiacolosanchez@gmail.com<\/a><\/p>\n\n\n\n<hr class=\"wp-block-separator has-alpha-channel-opacity\"\/>\n\n\n\n<p><strong>INFO IMPORTANTE SOBRE LA VOTACI\u00d3N DEL 23\/10\/2025<\/strong><\/p>\n\n\n\n<p><strong>ELECCIONES&nbsp; CONSEJO DIRECTIVO 2025<\/strong><\/p>\n\n\n\n<p><strong>CLAUSTRO DOCENTE<\/strong><\/p>\n\n\n\n<p>-Ten\u00e9s que presentar tu DNI<\/p>\n\n\n\n<p>-Se vota por carrera<br>Si sos docente en m\u00e1s de una carrera, figurar\u00e1s en el padr\u00f3n de la carrera donde tengas mayor antig\u00fcedad docente.<\/p>\n\n\n\n<p>-Cuando te presentes en la mesa, la autoridad electoral te dar\u00e1 una boleta y un sobre para que ingreses en el cuarto oscuro.<\/p>\n\n\n\n<p>-Una vez en el cuarto oscuro, vas a marcar con una cruz a les postulantes que eleg\u00eds. Pod\u00e9s elegir hasta 4 postulantes.&nbsp;<\/p>\n\n\n\n<p>-Coloc\u00e1s la boleta en el sobre.<\/p>\n\n\n\n<p>-Al salir del cuarto oscuro, introduc\u00eds el sobre en la urna de CONSEJO DIRECTIVO<\/p>\n\n\n\n<p>-Definici\u00f3n de consejeres titulares y suplentes: seg\u00fan la resoluci\u00f3n&nbsp; EX-2015-26523364- -MGEYA-ESC200361, al finalizar el escrutinio se confeccionar\u00e1 un orden de m\u00e9rito seg\u00fan la cantidad de votos que hayan recibido; les primeres dos de cada carrera ser\u00e1n consejeres titulares. Quienes resultaran en tercer y cuarto lugar ser\u00e1n consejeres suplentes.&nbsp;<\/p>\n\n\n\n<p><strong>ELECCIONES CONSEJO DIRECTIVO&nbsp; 2025<\/strong><\/p>\n\n\n\n<p><strong>CLAUTRO ESTUDIANTIL<\/strong><\/p>\n\n\n\n<p>-Ten\u00e9s que presentar tu DNI<\/p>\n\n\n\n<p>-Se vota por claustro estudiantil en su totalidad.<\/p>\n\n\n\n<p>-Cuando te presentes en la mesa, la autoridad electoral te dar\u00e1 una boleta y un sobre para que ingreses en el cuarto oscuro.<\/p>\n\n\n\n<p>-Una vez en el cuarto oscuro, vas a marcar con una cruz a les postulantes que eleg\u00eds. Pod\u00e9s elegir hasta 6 postulantes.&nbsp;<\/p>\n\n\n\n<p>-Coloc\u00e1s la boleta en el sobre.<\/p>\n\n\n\n<p>-Al salir del cuarto oscuro, introduc\u00eds el sobre en la urna de CONSEJO DIRECTIVO<\/p>\n\n\n\n<p>-Definici\u00f3n de consejeres titulares y suplentes: se definir\u00e1 en la primera sesi\u00f3n de Consejo Directivo<\/p>\n\n\n\n<hr class=\"wp-block-separator has-alpha-channel-opacity\"\/>\n\n\n\n<p class=\"has-medium-font-size\"><strong>Resultado elecciones consejeres CD &#8211; 23\/10\/2025<\/strong><\/p>\n\n\n\n<p>A continuaci\u00f3n presentamos a les consejeres electes:&nbsp;<\/p>\n\n\n\n<p><strong>Claustro docente TLyR<\/strong><\/p>\n\n\n\n<p>Titulares: Jimena Gonzalez Alsina y Natalia Gomez<\/p>\n\n\n\n<p>Suplentes: Johana Elias y Laura Bernal<\/p>\n\n\n\n<p><strong>Claustro docente PyES<\/strong><\/p>\n\n\n\n<p>Titulares: Silvina Kurlat y Paola Rubinztain<\/p>\n\n\n\n<p>Suplentes: Ana Mazzino y Virginia Azzaretti<\/p>\n\n\n\n<p><strong>Claustro docente Comunicaci\u00f3n Social<\/strong><\/p>\n\n\n\n<p>Titulares: Magali Gomez y Sebastian Calderon<\/p>\n\n\n\n<p>Suplentes: Pablo Quatrinni y Florencia Brescia<\/p>\n\n\n\n<p><strong>Claustro estudiantes:<\/strong><\/p>\n\n\n\n<p>Titulares: Aleida Daidana, Ana Martinez y Melina Cabases<\/p>\n\n\n\n<p>Suplentes: Graciela Garcia, Giselle Longhi y Mariela Costa<\/p>\n\n\n\n<p><strong>\u00a1Felicitaciones a todes!<\/strong><\/p>\n","protected":false},"excerpt":{"rendered":"<p>Listado de candidates &#8211; Claustro Docente&nbsp; Les compartimos el listado de&nbsp;candidates&nbsp;para representar al CLAUSTRO DOCENTE en el CONSEJO DIRECTIVO: Ana Mazzino (PyES) Silvina Kurlat (PyES) Pablo Quatrini (Comu) Paola Rubinsztain (PyES) Johanna El\u00edas (Recreaci\u00f3n) Magal\u00ed Gomez (Comu) Natalia&nbsp;Gomez (Recreaci\u00f3n) Sebasti\u00e1n Calder\u00f3n (Comu) Laura Bernal (Recreaci\u00f3n) Virginia Azzaretti (PyES) Jimena Gonzalez Alsina (Recreaci\u00f3n) Florencia Brescia (Comu) &#8230; <a title=\"El 23 de octubre votamos representantes para el Consejo Directivo\" class=\"read-more\" href=\"https:\/\/istlyr-caba.infd.edu.ar\/sitio\/cronograma-acto-eleccionario-consejeres-estudiantes-y-docentes-octubre-2025\/\" aria-label=\"More on El 23 de octubre votamos representantes para el Consejo Directivo\">[+]<\/a><\/p>\n","protected":false},"author":712,"featured_media":0,"parent":0,"menu_order":0,"comment_status":"closed","ping_status":"closed","template":"","meta":[],"acf":[],"_links":{"self":[{"href":"https:\/\/istlyr-caba.infd.edu.ar\/sitio\/wp-json\/wp\/v2\/pages\/7289"}],"collection":[{"href":"https:\/\/istlyr-caba.infd.edu.ar\/sitio\/wp-json\/wp\/v2\/pages"}],"about":[{"href":"https:\/\/istlyr-caba.infd.edu.ar\/sitio\/wp-json\/wp\/v2\/types\/page"}],"author":[{"embeddable":true,"href":"https:\/\/istlyr-caba.infd.edu.ar\/sitio\/wp-json\/wp\/v2\/users\/712"}],"replies":[{"embeddable":true,"href":"https:\/\/istlyr-caba.infd.edu.ar\/sitio\/wp-json\/wp\/v2\/comments?post=7289"}],"version-history":[{"count":12,"href":"https:\/\/istlyr-caba.infd.edu.ar\/sitio\/wp-json\/wp\/v2\/pages\/7289\/revisions"}],"predecessor-version":[{"id":7430,"href":"https:\/\/istlyr-caba.infd.edu.ar\/sitio\/wp-json\/wp\/v2\/pages\/7289\/revisions\/7430"}],"wp:attachment":[{"href":"https:\/\/istlyr-caba.infd.edu.ar\/sitio\/wp-json\/wp\/v2\/media?parent=7289"}],"curies":[{"name":"wp","href":"https:\/\/api.w.org\/{rel}","templated":true}]}}