{"id":7108,"date":"2025-07-17T12:46:00","date_gmt":"2025-07-17T15:46:00","guid":{"rendered":"https:\/\/istlyr-caba.infd.edu.ar\/sitio\/?page_id=7108"},"modified":"2025-07-17T12:46:01","modified_gmt":"2025-07-17T15:46:01","slug":"dossier-recreacion-y-salud-una-primera-cartografia","status":"publish","type":"page","link":"https:\/\/istlyr-caba.infd.edu.ar\/sitio\/dossier-recreacion-y-salud-una-primera-cartografia\/","title":{"rendered":"Dossier Recreaci\u00f3n y Salud: una primera cartograf\u00eda"},"content":{"rendered":"\n<figure class=\"wp-block-image size-full is-resized\"><img decoding=\"async\" loading=\"lazy\" src=\"https:\/\/istlyr-caba.infd.edu.ar\/sitio\/wp-content\/uploads\/2025\/07\/Screenshot-2025-07-17-at-12.40.38\u202fPM.png\" alt=\"\" class=\"wp-image-7110\" width=\"391\" height=\"587\" srcset=\"https:\/\/istlyr-caba.infd.edu.ar\/sitio\/wp-content\/uploads\/2025\/07\/Screenshot-2025-07-17-at-12.40.38\u202fPM.png 848w, https:\/\/istlyr-caba.infd.edu.ar\/sitio\/wp-content\/uploads\/2025\/07\/Screenshot-2025-07-17-at-12.40.38\u202fPM-667x1000.png 667w, https:\/\/istlyr-caba.infd.edu.ar\/sitio\/wp-content\/uploads\/2025\/07\/Screenshot-2025-07-17-at-12.40.38\u202fPM-768x1152.png 768w\" sizes=\"(max-width: 391px) 100vw, 391px\" \/><\/figure>\n\n\n\n<p><strong>Si necesitas consultar o adquirir estas publicaciones en su versi\u00f3n impresa podes hacerlo en la Biblioteca del ISTLyR.<\/strong><\/p>\n\n\n\n<p><strong>Podes descargar la publicaci\u00f3n haciendo click\u00a0<a href=\"https:\/\/istlyr-caba.infd.edu.ar\/sitio\/wp-content\/uploads\/2025\/06\/Recreacio%CC%81n-y-salud.pdf\" target=\"_blank\" rel=\"noreferrer noopener\">aqu\u00ed<\/a><a rel=\"noreferrer noopener\" href=\"https:\/\/drive.google.com\/file\/d\/1QE6HB7-Ah3S3B4rjshDdWoBLkh9z0tfN\/view?usp=sharing\" target=\"_blank\">.<\/a><\/strong><\/p>\n\n\n\n<h3 class=\"wp-block-heading\">Indice<\/h3>\n\n\n\n<p><strong>Entre \/ Del desvalimiento a la creatividad en el campo de las infancias e instituciones en Santa Fe 2020-2022 <\/strong><br><em>Lorena Aguirre<\/em><br><br><strong>Juego como complemento de nuestras actividades en Educaci\u00f3n y Promoci\u00f3n de la Salud<\/strong><br><em>Amoedo, Mar\u00eda Julia; Ceres, Malen; Colella, Constanza; Khoury, Mat\u00edas; Oliverio, Alejandra y Prediger, Sof\u00eda Bel\u00e9n<\/em><br><br><strong>Narrar en tiempos de espera. Sobre los juegos de rol narrativos en el Hospital C. Tobar Garc\u00eda<\/strong><br><em>Barugel, Santiago y La Haije, Marileen<\/em><br><br><strong>Museo Accesible. Propuestas culturales para la inclusi\u00f3n y el bienestar psico-social de la comunidad<\/strong><br><em>Capurro, Mariana<\/em><\/p>\n\n\n\n<p><strong>Abordajes recreativos en contexto de internaci\u00f3n de adultes<\/strong><br><em>Cepeda, Milagros; Piccolo, Martina; Caliva, \u00c1ngeles; Szkatulak, Mariana; Merlo, Daniela y Lucana Liliana<\/em><br><br><strong>Relato de experiencia: Encuentro de creaci\u00f3n literaria \u2018De la queja individual hacia la problematizaci\u00f3n colectiva\u2019<\/strong><br><em>Cetratelli, Camila; Cruse\u00f1o, Daniela y Labate, Mar\u00eda Eugenia<\/em><br><br><strong>Psicoan\u00e1lisis y juegos de mesa: adentro hay un extra\u00f1o pa\u00eds<\/strong><br><em>Corcoglioniti, Mar\u00eda Paula<\/em><br><br><strong>De la poes\u00eda a la antisepsia. El medio de cambio no es el dinero sino el humano<\/strong><br><em>Debeljuh, Tom\u00e1s<\/em><br><br><strong>Experimentando las neudivergencias<\/strong><br><em>Pereyra, Victoria<\/em><br><br><strong>CuJuCa en Oculta, fortalecimiento de la trama comunitaria como promoci\u00f3n de la salud <\/strong><br><em>Echegaray, Nadia; Ravicovich, Edith; Salas, Silvia; V\u00e1zquez, Federico; Alvarado, Leila; Figueroa, Tiziana; Febrer Valverde, Daniela y Santomaso, C. Agustina<\/em><br><br><strong>Recreaci\u00f3n y Discapacidad: pensar una recreaci\u00f3n accesible que genere accesibilidad <\/strong><br><em>Levin, Axe<\/em><\/p>\n\n\n\n<hr class=\"wp-block-separator has-alpha-channel-opacity\"\/>\n\n\n\n<p><strong>Presentaci\u00f3n<\/strong><\/p>\n\n\n\n<p><strong>Santiago Barugel<\/strong><br>Comit\u00e9 de Organizaci\u00f3n de las 2\u00b0 Jornadas Abiertas de Recreaci\u00f3n y Salud<br><br>Estimade lectore:<br>En estas l\u00edneas tenemos el agrado de entregarle un mapa. Una hoja de ruta que puede guiarle a un tesoro, o a varios. Lo que sigue, invita a descubrir sitios cercanos y otros muy remotos. A experiencias tan innovadoras como necesarias. Pensamientos e interrogantes que esperamos, estimade lectore, provoquen sus propias preguntas y reflexiones.<br>As\u00ed como le proponemos este juego de b\u00fasqueda del tesoro, es el juego lo que trajo a les autores a este Dossier. Jugadores que vienen de otras tierras. Tierras de neurolog\u00edas, de trabajos sociales, de psicoan\u00e1lisis.<br>Est\u00e1n quienes navegan en barcos de poes\u00eda y literatura. De lugares estimulantes como museos, o espacios arrasados de est\u00edmulos. Autores que, sin importar la riqueza o pobreza de sus procedencias, supieron crear tiempos y mundos. Con sofisticados manuales, elaboradas piezas, o simplemente con el uso de la palabra. Algo que podr\u00e1 encontrar en todos estos trabajos, estimade lectore, es el impulso creador. Cuerpos dispuestos a jugar, de primeras, segundas y terceras edades. De personas que cuentan con cuidados, y otras que los necesitan.<br>As\u00ed como le proponemos hacer un recorrido por estas p\u00e1ginas y conocer estos lugares, tambi\u00e9n nos gustar\u00eda contarle que quienes aqu\u00ed escribieron, tambi\u00e9n hicieron un viaje.<br>Las 2\u00b0 Jornadas de Recreaci\u00f3n y Salud, que celebramos en el ISTLyR en noviembre de 2023, despertaron un inter\u00e9s inusitado. La organizaci\u00f3n conjunta con la Residencia Interdisciplinaria de Educaci\u00f3n y Promoci\u00f3n de la Salud (RIEPS), y la colaboraci\u00f3n de estudiantes, docentes, graduades del Instituto Superior de Tiempo Libre y Recreaci\u00f3n, generaron una convocatoria que, en apenas dos meses, logr\u00f3 reunir m\u00e1s de 50 presentaciones, entre ponencias, relatos de experiencias y talleres.<br>Su modalidad h\u00edbrida facilit\u00f3 la participaci\u00f3n, tanto f\u00edsica, con din\u00e1micas que involucraron el movimiento, como remota, con experiencias e investigaciones de profesionales de diferentes partes de Argentina, e<br>incluso otros lugares del mundo.<br>Este dossier, editado por el \u00e1rea de publicaciones del ISTLyR, es una selecci\u00f3n de 11 trabajos producidos para las Jornadas de Recreaci\u00f3n y Salud.<br>Las primeras Jornadas, organizadas en 1994, se gestaron dentro de una enorme b\u00fasqueda por la desmanicomializaci\u00f3n, nutrida por experiencias en los hospitales de salud mental. Vemos, 30 a\u00f1os despu\u00e9s, que el horizonte se expande, pero la b\u00fasqueda de producir cuidados se mantiene intacta.<br>Por eso esperamos, estimade lectore, que estas p\u00e1ginas resuenen con sus b\u00fasquedas y experiencias, y sean un est\u00edmulo para encontrarle en las pr\u00f3ximas jornadas.<\/p>\n","protected":false},"excerpt":{"rendered":"<p>Si necesitas consultar o adquirir estas publicaciones en su versi\u00f3n impresa podes hacerlo en la Biblioteca del ISTLyR. Podes descargar la publicaci\u00f3n haciendo click\u00a0aqu\u00ed. Indice Entre \/ Del desvalimiento a la creatividad en el campo de las infancias e instituciones en Santa Fe 2020-2022 Lorena Aguirre Juego como complemento de nuestras actividades en Educaci\u00f3n y &#8230; <a title=\"Dossier Recreaci\u00f3n y Salud: una primera cartograf\u00eda\" class=\"read-more\" href=\"https:\/\/istlyr-caba.infd.edu.ar\/sitio\/dossier-recreacion-y-salud-una-primera-cartografia\/\" aria-label=\"More on Dossier Recreaci\u00f3n y Salud: una primera cartograf\u00eda\">[+]<\/a><\/p>\n","protected":false},"author":712,"featured_media":0,"parent":0,"menu_order":0,"comment_status":"closed","ping_status":"closed","template":"","meta":[],"acf":[],"_links":{"self":[{"href":"https:\/\/istlyr-caba.infd.edu.ar\/sitio\/wp-json\/wp\/v2\/pages\/7108"}],"collection":[{"href":"https:\/\/istlyr-caba.infd.edu.ar\/sitio\/wp-json\/wp\/v2\/pages"}],"about":[{"href":"https:\/\/istlyr-caba.infd.edu.ar\/sitio\/wp-json\/wp\/v2\/types\/page"}],"author":[{"embeddable":true,"href":"https:\/\/istlyr-caba.infd.edu.ar\/sitio\/wp-json\/wp\/v2\/users\/712"}],"replies":[{"embeddable":true,"href":"https:\/\/istlyr-caba.infd.edu.ar\/sitio\/wp-json\/wp\/v2\/comments?post=7108"}],"version-history":[{"count":1,"href":"https:\/\/istlyr-caba.infd.edu.ar\/sitio\/wp-json\/wp\/v2\/pages\/7108\/revisions"}],"predecessor-version":[{"id":7111,"href":"https:\/\/istlyr-caba.infd.edu.ar\/sitio\/wp-json\/wp\/v2\/pages\/7108\/revisions\/7111"}],"wp:attachment":[{"href":"https:\/\/istlyr-caba.infd.edu.ar\/sitio\/wp-json\/wp\/v2\/media?parent=7108"}],"curies":[{"name":"wp","href":"https:\/\/api.w.org\/{rel}","templated":true}]}}