{"id":6407,"date":"2024-09-18T23:09:13","date_gmt":"2024-09-19T02:09:13","guid":{"rendered":"https:\/\/istlyr-caba.infd.edu.ar\/sitio\/?page_id=6407"},"modified":"2024-11-12T16:21:20","modified_gmt":"2024-11-12T19:21:20","slug":"cronograma-acto-eleccionario-vicerrectoria-2024","status":"publish","type":"page","link":"https:\/\/istlyr-caba.infd.edu.ar\/sitio\/cronograma-acto-eleccionario-vicerrectoria-2024\/","title":{"rendered":"Cronograma Acto Eleccionario Vicerrector\u00eda 2024"},"content":{"rendered":"\n<p><strong>5\/09:<\/strong> El CD aprueba Junta Electoral.<br><br><strong>12\/09: <\/strong>El CD aprueba cronograma.<br><br><strong>18\/09:<\/strong> Cierre de padrones en Secretar\u00eda.<br><br><strong>18\/09:<\/strong> Remisi\u00f3n de padrones para la Junta Electoral.<br><br><strong>19\/09 al 23\/09: <\/strong>Verificaci\u00f3n de los padrones provisorios por la Junta Electoral<br><br><strong>24\/09 al 30\/09: <\/strong>Exhibici\u00f3n de los padrones provisorios. Presentaci\u00f3n de impugnaciones y pedidos de<br>inclusi\u00f3n.<br><br><strong>30\/09: <\/strong>Resoluci\u00f3n de impugnaciones.<br><br><strong>02\/10: <\/strong>Aprobaci\u00f3n de padrones definitivos.<br><br><strong>03 y 04\/10: <\/strong>Exhibici\u00f3n de padrones definitivos.<br><br><strong>07 y 08\/10: <\/strong>Presentaci\u00f3n de candidate\/s.<br><br><strong>09\/10: <\/strong>An\u00e1lisis de candidate\/s por parte de la Junta Electoral.<br><br><strong>10\/10 al 14\/10: <\/strong>Exhibici\u00f3n de candidate\/s. Presentaci\u00f3n de impugnaciones y observaciones a candidade\/s.<br><br><strong>15 y 16\/10:<\/strong> Resoluci\u00f3n y respuesta de impugnaciones y observaciones.<br><br><strong>17\/10:<\/strong> Oficializaci\u00f3n de candidate\/s.<br><br><strong>17\/10 al 22\/10: <\/strong>Presentaci\u00f3n de candidate\/s a la comunidad educativa.<br><br><strong>23\/10 y 26\/10:<\/strong> Designaci\u00f3n de las autoridades de mesa.<br><br><strong>30\/10 (7 h):<\/strong> Cierre de propaganda electoral.<br><br><strong>30\/10 (7 h): <\/strong>Inicio de la veda electoral.<br><br><strong>31\/10 (20 a 22 h): <\/strong>Acto eleccionario-escrutinio provisorio.<br><br><strong>01\/11: <\/strong>Escrutinio definitivo.<br><br><strong>05\/11: <\/strong>Elevaci\u00f3n a la DFTS.<br><br><strong>Asunci\u00f3n de la nueva autoridad.<\/strong><\/p>\n\n\n\n<hr class=\"wp-block-separator has-alpha-channel-opacity\"\/>\n\n\n\n<p class=\"has-text-align-left has-medium-font-size\"><strong>PADRONES ACTO ELECCIONARIO<\/strong><\/p>\n\n\n\n<p>Tal como establece el cronograma electoral, se encuentran exhibidos los padrones provisorios correspondientes a los claustros de estudiantes y docentes para su verificaci\u00f3n.<br>Hasta el 30\/09 (inclusive) podr\u00e1n presentar pedidos de inclusi\u00f3n, impugnaciones o modificaciones. Para ello deber\u00e1n escribir a la Junta Electoral: istlyrjuntaelectoral2024@gmail.com<\/p>\n\n\n\n<p><strong>Junta Electoral<\/strong><\/p>\n\n\n\n<p><a href=\"https:\/\/istlyr-caba.infd.edu.ar\/sitio\/wp-content\/uploads\/2024\/09\/Patron-ISTLyR-ESTUDIANTES-completo.pdf\" target=\"_blank\" rel=\"noreferrer noopener\">Padron de Estudiantes<\/a><\/p>\n\n\n\n<p><a href=\"https:\/\/istlyr-caba.infd.edu.ar\/sitio\/wp-content\/uploads\/2024\/09\/padron-docente-istlyr.pdf\" target=\"_blank\" rel=\"noreferrer noopener\">Padr\u00f3n de Docentes<\/a><\/p>\n\n\n\n<hr class=\"wp-block-separator has-alpha-channel-opacity\"\/>\n\n\n\n<p class=\"has-medium-font-size\"><strong>Toda la info <\/strong><\/p>\n\n\n\n<p>relativa al proceso electoral &#8211; normativas, requisitos y especificaciones- se encuentra en el Reglamento Org\u00e1nico del Instituto (<a href=\"https:\/\/istlyr-caba.infd.edu.ar\/sitio\/wp-content\/uploads\/2024\/10\/REGLAMENTO_ORGANICO_ISTLYR_Modificatoria_Resol._290__1999.pdf\">Resoluci\u00f3n 290<\/a> y su <a href=\"https:\/\/istlyr-caba.infd.edu.ar\/sitio\/wp-content\/uploads\/2024\/10\/Res.-No71-AMPLIACION-290-1.pdf\">ampliaci\u00f3n<\/a>).<\/p>\n\n\n\n<p>Para cualquier consulta sobre el proceso, escribir a la Junta Electoral: istlyrjuntaelectoral2024@gmail.com<\/p>\n\n\n\n<hr class=\"wp-block-separator has-alpha-channel-opacity\"\/>\n\n\n\n<p class=\"has-text-align-left has-medium-font-size\"><strong>Padrones definitivos<\/strong><\/p>\n\n\n\n<p><a href=\"https:\/\/istlyr-caba.infd.edu.ar\/sitio\/wp-content\/uploads\/2024\/10\/Padron-definitivo-estudiantes.pdf\">Padr\u00f3n estudiantes<\/a><\/p>\n\n\n\n<p><a href=\"https:\/\/istlyr-caba.infd.edu.ar\/sitio\/wp-content\/uploads\/2024\/10\/padron-definitivo-docentes.pdf\">Padr\u00f3n docentes<\/a><\/p>\n\n\n\n<hr class=\"wp-block-separator has-alpha-channel-opacity\"\/>\n\n\n\n<p class=\"has-medium-font-size\"><strong>Exhibici\u00f3n de candidaturas<\/strong><\/p>\n\n\n\n<p>Tal como establece el calendario electoral, entre el el 10 y el 14\/10 se exhibe la candidatura al cargo de Vicerrector\u00eda de<\/p>\n\n\n\n<p><strong>Ana Carola Pardo, DNI 27641564<\/strong><\/p>\n\n\n\n<p>Hasta el 14\/10 hay tiempo de presentar impugnaciones y observaciones a la candidata.<\/p>\n\n\n\n<p><strong>Ante cualquier duda, comunicate con la Junta Electoral<\/strong>:<br>istlyrjuntaelectoral2024@gmail.com<\/p>\n\n\n\n<hr class=\"wp-block-separator has-alpha-channel-opacity\"\/>\n\n\n\n<p class=\"has-medium-font-size\"><strong>Oficializaci\u00f3n de candidaturas &#8211; 17 de octubre de 2024<\/strong><\/p>\n\n\n\n<p>Tal como establece el calendario electoral, el d\u00eda de hoy se oficializ\u00f3 la candidatura al cargo de Vicerrector\u00eda de<\/p>\n\n\n\n<p>Carola Pardo, DNI 27641564<\/p>\n\n\n\n<p>Ante cualquier duda, comunicate con la <strong>Junta Electoral<\/strong>:<br><strong>istlyrjuntaelectoral2024@gmail.com<\/strong><\/p>\n\n\n\n<hr class=\"wp-block-separator has-alpha-channel-opacity\"\/>\n\n\n\n<p class=\"has-text-align-center has-large-font-size\"><strong>El jueves 7 de noviembre votamos en el ISTLyR<\/strong><\/p>\n\n\n\n<p>Debido a las medidas anunciadas y de p\u00fablico conocimiento que afectan el funcionamiento de algunos transportes p\u00fablicos, y para garantizar el acceso de toda la comunidad del ISTLyR a la votaci\u00f3n de Vicerrector\u00eda, <strong>la Junta Electoral decide trasladar el d\u00eda de la elecci\u00f3n al jueves 7 de noviembre, de 20 a 22 h<\/strong>.<\/p>\n\n\n\n<p>\u00a1La participaci\u00f3n de todes es s\u00faper importante para fortalecer la vida democr\u00e1tica en el ISTLyR!<\/p>\n\n\n\n<p>Por cualquier consulta sobre el proceso, escribir a la Junta Electoral: istlyrjuntaelectoral2024@gmail.com<\/p>\n\n\n\n<hr class=\"wp-block-separator has-alpha-channel-opacity\"\/>\n\n\n\n<blockquote class=\"wp-block-quote is-style-plain\">\n<p class=\"has-medium-font-size\"><strong>Estimada comunidad,<\/strong><\/p>\n\n\n\n<p>Compartimos el escrutinio definitivo, a cargo de la Junta Electoral, de la votaci\u00f3n realizada el martes 7 de noviembre en el marco de las elecciones del cargo de la Vicerrector\u00eda del Equipo Directivo del ISTLyR para el per\u00edodo 2024-2026.<\/p>\n<\/blockquote>\n\n\n\n<blockquote class=\"wp-block-quote\">\n<figure class=\"wp-block-table\"><table><tbody><tr><td><strong>Claustro docente<\/strong><\/td><td><\/td><\/tr><tr><td>Total de votos<\/td><td>45<\/td><\/tr><tr><td>Votos afirmativos<\/td><td>42<\/td><\/tr><tr><td>Votos en blanco<\/td><td>3<\/td><\/tr><tr><td>Votos nulos<\/td><td>0<\/td><\/tr><tr><td>Voto ponderado<\/td><td>45.7%<\/td><\/tr><tr><td><\/td><td><\/td><\/tr><tr><td><strong>Claustro estudiantil<\/strong><\/td><td><\/td><\/tr><tr><td>Total de votos<\/td><td>100<\/td><\/tr><tr><td>Votos afirmativos<\/td><td>99<\/td><\/tr><tr><td>Votos en blanco<\/td><td>1<\/td><\/tr><tr><td>Votos nulos<\/td><td>0<\/td><\/tr><tr><td>Voto ponderado<\/td><td>39.6%<\/td><\/tr><tr><td><\/td><td><\/td><\/tr><tr><td><strong>Claustro graduades<\/strong><\/td><td><\/td><\/tr><tr><td>Total de votos<\/td><td>11<\/td><\/tr><tr><td>Votos afirmativos<\/td><td>11<\/td><\/tr><tr><td>Votos en blanco<\/td><td>0<\/td><\/tr><tr><td>Votos nulos<\/td><td>0<\/td><\/tr><tr><td>Voto ponderado<\/td><td>10%<\/td><\/tr><\/tbody><\/table><\/figure>\n<\/blockquote>\n\n\n\n<p>Queremos agradecer a las autoridades de mesa que se desempe\u00f1aron de manera responsable y comprometida; a todo el personal del Instituto que colabor\u00f3 con diferentes tareas que contribuyeron a que el acto electoral se desarrollara de manera normal, \u00e1gil y sin inconveniente alguno; y a todes les estudiantes, docentes y graduades que se acercaron a votar fortaleciendo, de esta forma, la vida democr\u00e1tica del ISTLyR.<br>Felicitamos a la Prof. Carola Pardo en su nuevo rol en el Instituto.<\/p>\n\n\n\n<p class=\"has-medium-font-size\"><strong>Autoridades de la Junta Electoral<\/strong><\/p>\n","protected":false},"excerpt":{"rendered":"<p>5\/09: El CD aprueba Junta Electoral. 12\/09: El CD aprueba cronograma. 18\/09: Cierre de padrones en Secretar\u00eda. 18\/09: Remisi\u00f3n de padrones para la Junta Electoral. 19\/09 al 23\/09: Verificaci\u00f3n de los padrones provisorios por la Junta Electoral 24\/09 al 30\/09: Exhibici\u00f3n de los padrones provisorios. Presentaci\u00f3n de impugnaciones y pedidos deinclusi\u00f3n. 30\/09: Resoluci\u00f3n de impugnaciones. &#8230; <a title=\"Cronograma Acto Eleccionario Vicerrector\u00eda 2024\" class=\"read-more\" href=\"https:\/\/istlyr-caba.infd.edu.ar\/sitio\/cronograma-acto-eleccionario-vicerrectoria-2024\/\" aria-label=\"More on Cronograma Acto Eleccionario Vicerrector\u00eda 2024\">[+]<\/a><\/p>\n","protected":false},"author":716,"featured_media":0,"parent":0,"menu_order":0,"comment_status":"closed","ping_status":"closed","template":"","meta":[],"acf":[],"_links":{"self":[{"href":"https:\/\/istlyr-caba.infd.edu.ar\/sitio\/wp-json\/wp\/v2\/pages\/6407"}],"collection":[{"href":"https:\/\/istlyr-caba.infd.edu.ar\/sitio\/wp-json\/wp\/v2\/pages"}],"about":[{"href":"https:\/\/istlyr-caba.infd.edu.ar\/sitio\/wp-json\/wp\/v2\/types\/page"}],"author":[{"embeddable":true,"href":"https:\/\/istlyr-caba.infd.edu.ar\/sitio\/wp-json\/wp\/v2\/users\/716"}],"replies":[{"embeddable":true,"href":"https:\/\/istlyr-caba.infd.edu.ar\/sitio\/wp-json\/wp\/v2\/comments?post=6407"}],"version-history":[{"count":13,"href":"https:\/\/istlyr-caba.infd.edu.ar\/sitio\/wp-json\/wp\/v2\/pages\/6407\/revisions"}],"predecessor-version":[{"id":6652,"href":"https:\/\/istlyr-caba.infd.edu.ar\/sitio\/wp-json\/wp\/v2\/pages\/6407\/revisions\/6652"}],"wp:attachment":[{"href":"https:\/\/istlyr-caba.infd.edu.ar\/sitio\/wp-json\/wp\/v2\/media?parent=6407"}],"curies":[{"name":"wp","href":"https:\/\/api.w.org\/{rel}","templated":true}]}}