{"id":6294,"date":"2024-09-10T16:30:21","date_gmt":"2024-09-10T19:30:21","guid":{"rendered":"https:\/\/istlyr-caba.infd.edu.ar\/sitio\/?page_id=6294"},"modified":"2024-09-13T15:18:32","modified_gmt":"2024-09-13T18:18:32","slug":"correlatividades-3","status":"publish","type":"page","link":"https:\/\/istlyr-caba.infd.edu.ar\/sitio\/correlatividades-3\/","title":{"rendered":"Correlatividades"},"content":{"rendered":"\n<figure class=\"wp-block-table is-style-regular has-small-font-size\"><table class=\"has-fixed-layout\"><thead><tr><th class=\"has-text-align-left\" data-align=\"left\">Para cursar<\/th><th>Se requiere haber aprobado<\/th><th>Se requiere haber cursado<\/th><\/tr><\/thead><tbody><tr><th class=\"has-text-align-left\" data-align=\"left\" rowspan=\"2\"><strong>Teor\u00edas de la Comunicaci\u00f3n II<\/strong><\/th><td> Teor\u00edas de la Comunicaci\u00f3n I<\/td><td><\/td><\/tr><tr><td class=\"has-text-align-left\" data-align=\"left\">Perspectivas filos\u00f3ficas y<br>culturales contempor\u00e1neas<\/td><td><\/td><\/tr><tr><td class=\"has-text-align-left\" data-align=\"left\"><strong>Comunicaci\u00f3n y Desarrollo II<\/strong><\/td><td>Comunicaci\u00f3n y Desarrollo I<\/td><td>Teor\u00edas de la Comunicaci\u00f3n I<\/td><\/tr><tr><th class=\"has-text-align-left\" data-align=\"left\" rowspan=\"2\"><strong>Econom\u00eda Pol\u00edtica y Comunicaci\u00f3n<\/strong><\/th><td>Historia Social Argentina<\/td><td><\/td><\/tr><tr><td>Sociedad, Estado y Desarrollo Local<\/td><td><\/td><\/tr><tr><th class=\"has-text-align-left\" data-align=\"left\" rowspan=\"2\"><strong>Seminario Taller de Actualizaci\u00f3n en el Area de Comunicaci\u00f3n <\/strong><\/th><td>Comunicaci\u00f3n y Desarrollo I<\/td><td>Teor\u00edas de la Comunicaci\u00f3n I<\/td><\/tr><tr><td>Semiolog\u00eda y An\u00e1lisis de los Discursos Sociales<\/td><td><\/td><\/tr><tr><td class=\"has-text-align-left\" data-align=\"left\"><strong>Taller de Radio II<\/strong><\/td><td>Taller de Radio I<\/td><td><\/td><\/tr><tr><td class=\"has-text-align-left\" data-align=\"left\"><strong>Taller de Producci\u00f3n Audiovisual II<\/strong><\/td><td>Taller de Introducci\u00f3n a la Producci\u00f3n Audiovisual<\/td><td><\/td><\/tr><tr><th class=\"has-text-align-left\" data-align=\"left\" rowspan=\"4\"><strong>Taller de Actualizaci\u00f3n \/ Profundizaci\u00f3n Multimedial<\/strong><\/th><td>Taller de Radio I<\/td><td>Taller de Producci\u00f3n Oral y Escrita<\/td><\/tr><tr><td>Taller de Radio II<\/td><td><\/td><\/tr><tr><td>Taller de Introducci\u00f3n a la Producci\u00f3n Audiovisual<\/td><td><\/td><\/tr><tr><td>Taller de producci\u00f3n Audiovisual-Documental<\/td><td><\/td><\/tr><tr><td class=\"has-text-align-left\" data-align=\"left\"><strong>Taller de Producci\u00f3n Period\u00edstica para Medios Gr\u00e1ficos<\/strong><\/td><td>Taller de producci\u00f3n de<br>materiales gr\u00e1ficos<\/td><td>Taller de producci\u00f3n Oral y Escrita<\/td><\/tr><tr><th class=\"has-text-align-left\" data-align=\"left\" rowspan=\"3\"><strong>Pr\u00e1cticas Profesionalizantes I<\/strong><\/th><td>Comunicaci\u00f3n y Desarrollo I<\/td><td>Comunicaci\u00f3n y Desarrollo II<\/td><\/tr><tr><td>Taller de producci\u00f3n Oral y Escrita<\/td><td><\/td><\/tr><tr><td>Un taller del \u00e1rea de Producci\u00f3n<br>(Radial, Audiovisual o Gr\u00e1fica)<\/td><td><\/td><\/tr><tr><th class=\"has-text-align-left\" data-align=\"left\" rowspan=\"3\"><strong>Pr\u00e1cticas Profesionalizantes II<\/strong><\/th><td>Pr\u00e1cticas Profesionalizantes I<\/td><td><\/td><\/tr><tr><td>Taller de Producci\u00f3n<br>de Materiales Gr\u00e1ficos<\/td><td><\/td><\/tr><tr><td>Taller de Producci\u00f3n Audiovisual I<\/td><td><\/td><\/tr><tr><td class=\"has-text-align-left\" data-align=\"left\"><strong> Pr\u00e1cticas Profesionalizantes III<\/strong><\/td><td>Pr\u00e1cticas Profesionalizantes II<br>Comunicaci\u00f3n institucional y comunitaria<\/td><td>Teor\u00edas de la Comunicaci\u00f3n I<br>Comunicaci\u00f3n y Desarrollo I<\/td><\/tr><\/tbody><\/table><\/figure>\n","protected":false},"excerpt":{"rendered":"<p>Para cursar Se requiere haber aprobado Se requiere haber cursado Teor\u00edas de la Comunicaci\u00f3n II Teor\u00edas de la Comunicaci\u00f3n I Perspectivas filos\u00f3ficas yculturales contempor\u00e1neas Comunicaci\u00f3n y Desarrollo II Comunicaci\u00f3n y Desarrollo I Teor\u00edas de la Comunicaci\u00f3n I Econom\u00eda Pol\u00edtica y Comunicaci\u00f3n Historia Social Argentina Sociedad, Estado y Desarrollo Local Seminario Taller de Actualizaci\u00f3n en el &#8230; <a title=\"Correlatividades\" class=\"read-more\" href=\"https:\/\/istlyr-caba.infd.edu.ar\/sitio\/correlatividades-3\/\" aria-label=\"More on Correlatividades\">[+]<\/a><\/p>\n","protected":false},"author":716,"featured_media":0,"parent":0,"menu_order":0,"comment_status":"closed","ping_status":"closed","template":"","meta":[],"acf":[],"_links":{"self":[{"href":"https:\/\/istlyr-caba.infd.edu.ar\/sitio\/wp-json\/wp\/v2\/pages\/6294"}],"collection":[{"href":"https:\/\/istlyr-caba.infd.edu.ar\/sitio\/wp-json\/wp\/v2\/pages"}],"about":[{"href":"https:\/\/istlyr-caba.infd.edu.ar\/sitio\/wp-json\/wp\/v2\/types\/page"}],"author":[{"embeddable":true,"href":"https:\/\/istlyr-caba.infd.edu.ar\/sitio\/wp-json\/wp\/v2\/users\/716"}],"replies":[{"embeddable":true,"href":"https:\/\/istlyr-caba.infd.edu.ar\/sitio\/wp-json\/wp\/v2\/comments?post=6294"}],"version-history":[{"count":17,"href":"https:\/\/istlyr-caba.infd.edu.ar\/sitio\/wp-json\/wp\/v2\/pages\/6294\/revisions"}],"predecessor-version":[{"id":6324,"href":"https:\/\/istlyr-caba.infd.edu.ar\/sitio\/wp-json\/wp\/v2\/pages\/6294\/revisions\/6324"}],"wp:attachment":[{"href":"https:\/\/istlyr-caba.infd.edu.ar\/sitio\/wp-json\/wp\/v2\/media?parent=6294"}],"curies":[{"name":"wp","href":"https:\/\/api.w.org\/{rel}","templated":true}]}}