{"id":6191,"date":"2024-08-28T10:46:19","date_gmt":"2024-08-28T13:46:19","guid":{"rendered":"https:\/\/istlyr-caba.infd.edu.ar\/sitio\/?page_id=6191"},"modified":"2024-08-28T10:46:21","modified_gmt":"2024-08-28T13:46:21","slug":"cooparte-cooperadora-del-istlyr","status":"publish","type":"page","link":"https:\/\/istlyr-caba.infd.edu.ar\/sitio\/cooparte-cooperadora-del-istlyr\/","title":{"rendered":"Cooparte &#8211; Cooperadora del ISTLyR"},"content":{"rendered":"\n<p><strong>\u00a1Hola!\u00a0<\/strong><br><strong>Somos COOPARTE, la cooperadora del ISTLyR<\/strong>.\u00a0<\/p>\n\n\n\n<p>La coope es un espacio de participaci\u00f3n horizontal y activa, integrado \u00fanicamente por estudiantes. Funcionamos como Asociaci\u00f3n Civil y nos encargamos de administrar los ingresos que llegan a trav\u00e9s de subsidios del Gobierno de la Ciudad y del aporte de les estudiantes. A partir de esos ingresos es que podemos acompa\u00f1ar los proyectos estudiantiles de las tres carreras y las necesidades del estudiantado.&nbsp;<\/p>\n\n\n\n<p>Hoy en d\u00eda la coope est\u00e1 formada por nueve estudiantes: Cacu como presidenta, Juli como secretaria y Mena como tesorera. Tenemos tres vocales: Norber, Joaco y Fabi; y una comi revisora de cuentas formada por Jaz, Quimey y Xime. M\u00e1s abajo te dejamos algunas de nuestras caritas por si nos ves por los pasillos y quer\u00e9s traernos alguna sugerencia o proyecto para trabajar. Tambien pod\u00e9s escribirnos por instagram <strong><a href=\"https:\/\/www.instagram.com\/lacoope.istlyr\/\" target=\"_blank\" rel=\"noreferrer noopener\">@lacoope.istlyr<\/a><\/strong> o a nuestro <strong>mail<\/strong> <a href=\"mailto:coopecoparte@gmail.com\">coopecoparte@gmail.com<\/a><\/p>\n\n\n\n<p>Nos vas a encontrar la segunda semana de cada mes en la mesita de la entrada cobrando la <strong>Cuota Social<\/strong>, que es el aporte que hacemos les estudiantes para poder seguir construyendo juntes el Instituto que so\u00f1amos. Pod\u00e9s colaborar con la <strong>cuota anual de $8000<\/strong> o la <strong>cuota mensual de $1000<\/strong>. En la mesita aceptamos efectivo y transferencias, pero te dejamos el link por si no pod\u00e9s esperar para colaborar con nosotres:\u00a0<a href=\"https:\/\/forms.gle\/scKpgVZHcDrUm7n36\">https:\/\/forms.gle\/scKpgVZHcDrUm7n36<\/a><\/p>\n\n\n\n<p>Les mandamos un abrazo caracol.<br>\u00a1<strong>Nos vemos en los pasillos!<\/strong><\/p>\n\n\n\n<div class=\"wp-block-columns is-layout-flex wp-container-4\">\n<div class=\"wp-block-column is-layout-flow\">\n<figure class=\"wp-block-image size-full is-resized\"><img decoding=\"async\" loading=\"lazy\" src=\"https:\/\/istlyr-caba.infd.edu.ar\/sitio\/wp-content\/uploads\/2024\/08\/Screenshot-2024-08-28-at-10.43.47.png\" alt=\"\" class=\"wp-image-6192\" width=\"312\" height=\"321\"\/><\/figure>\n\n\n\n<p><strong>Mena<\/strong><br>Tesorera<\/p>\n<\/div>\n\n\n\n<div class=\"wp-block-column is-layout-flow\">\n<figure class=\"wp-block-image size-full is-resized\"><img decoding=\"async\" loading=\"lazy\" src=\"https:\/\/istlyr-caba.infd.edu.ar\/sitio\/wp-content\/uploads\/2024\/08\/Screenshot-2024-08-28-at-10.43.36.png\" alt=\"\" class=\"wp-image-6193\" width=\"332\" height=\"325\"\/><\/figure>\n\n\n\n<p><strong>Cacu<\/strong><br>Presidenta<\/p>\n<\/div>\n\n\n\n<div class=\"wp-block-column is-layout-flow\">\n<figure class=\"wp-block-image size-full\"><img decoding=\"async\" loading=\"lazy\" width=\"466\" height=\"478\" src=\"https:\/\/istlyr-caba.infd.edu.ar\/sitio\/wp-content\/uploads\/2024\/08\/Screenshot-2024-08-28-at-10.43.42.png\" alt=\"\" class=\"wp-image-6194\"\/><\/figure>\n\n\n\n<p><strong>Julia<\/strong><br>Secretaria<\/p>\n<\/div>\n<\/div>\n","protected":false},"excerpt":{"rendered":"<p>\u00a1Hola!\u00a0Somos COOPARTE, la cooperadora del ISTLyR.\u00a0 La coope es un espacio de participaci\u00f3n horizontal y activa, integrado \u00fanicamente por estudiantes. Funcionamos como Asociaci\u00f3n Civil y nos encargamos de administrar los ingresos que llegan a trav\u00e9s de subsidios del Gobierno de la Ciudad y del aporte de les estudiantes. A partir de esos ingresos es que &#8230; <a title=\"Cooparte &#8211; Cooperadora del ISTLyR\" class=\"read-more\" href=\"https:\/\/istlyr-caba.infd.edu.ar\/sitio\/cooparte-cooperadora-del-istlyr\/\" aria-label=\"More on Cooparte &#8211; Cooperadora del ISTLyR\">[+]<\/a><\/p>\n","protected":false},"author":716,"featured_media":0,"parent":0,"menu_order":0,"comment_status":"closed","ping_status":"closed","template":"","meta":[],"acf":[],"_links":{"self":[{"href":"https:\/\/istlyr-caba.infd.edu.ar\/sitio\/wp-json\/wp\/v2\/pages\/6191"}],"collection":[{"href":"https:\/\/istlyr-caba.infd.edu.ar\/sitio\/wp-json\/wp\/v2\/pages"}],"about":[{"href":"https:\/\/istlyr-caba.infd.edu.ar\/sitio\/wp-json\/wp\/v2\/types\/page"}],"author":[{"embeddable":true,"href":"https:\/\/istlyr-caba.infd.edu.ar\/sitio\/wp-json\/wp\/v2\/users\/716"}],"replies":[{"embeddable":true,"href":"https:\/\/istlyr-caba.infd.edu.ar\/sitio\/wp-json\/wp\/v2\/comments?post=6191"}],"version-history":[{"count":1,"href":"https:\/\/istlyr-caba.infd.edu.ar\/sitio\/wp-json\/wp\/v2\/pages\/6191\/revisions"}],"predecessor-version":[{"id":6195,"href":"https:\/\/istlyr-caba.infd.edu.ar\/sitio\/wp-json\/wp\/v2\/pages\/6191\/revisions\/6195"}],"wp:attachment":[{"href":"https:\/\/istlyr-caba.infd.edu.ar\/sitio\/wp-json\/wp\/v2\/media?parent=6191"}],"curies":[{"name":"wp","href":"https:\/\/api.w.org\/{rel}","templated":true}]}}