{"id":6165,"date":"2024-08-15T17:02:59","date_gmt":"2024-08-15T20:02:59","guid":{"rendered":"https:\/\/istlyr-caba.infd.edu.ar\/sitio\/?page_id=6165"},"modified":"2026-03-19T15:07:04","modified_gmt":"2026-03-19T18:07:04","slug":"aulas-y-horarios-comunicacion-social-orientada-al-desarrollo-local","status":"publish","type":"page","link":"https:\/\/istlyr-caba.infd.edu.ar\/sitio\/aulas-y-horarios-comunicacion-social-orientada-al-desarrollo-local\/","title":{"rendered":"Aulas y horarios"},"content":{"rendered":"\n<h2 class=\"wp-block-heading\">Lunes<\/h2>\n\n\n\n<figure class=\"wp-block-table has-small-font-size\"><table><thead><tr><th class=\"has-text-align-left\" data-align=\"left\">Materia<\/th><th class=\"has-text-align-left\" data-align=\"left\">Docente<\/th><th class=\"has-text-align-left\" data-align=\"left\">Horario<\/th><th class=\"has-text-align-left\" data-align=\"left\">Aula<\/th><\/tr><\/thead><tbody><tr><td class=\"has-text-align-left\" data-align=\"left\" colspan=\"5\"><strong>2\u00ba piso<\/strong><\/td><\/tr><tr><td class=\"has-text-align-left\" data-align=\"left\">Taller de Producci\u00f3n Period\u00edstica<\/td><td class=\"has-text-align-left\" data-align=\"left\">Baretta<\/td><td class=\"has-text-align-left\" data-align=\"left\">18.50 a 23 h<\/td><td class=\"has-text-align-left\" data-align=\"left\">22<\/td><\/tr><tr><td class=\"has-text-align-left\" data-align=\"left\">Taller de Producci\u00f3n Oral y Escrita<\/td><td class=\"has-text-align-left\" data-align=\"left\">Lozada<\/td><td class=\"has-text-align-left\" data-align=\"left\">18.50 a 20.50 h<\/td><td class=\"has-text-align-left\" data-align=\"left\">23<\/td><\/tr><tr><td class=\"has-text-align-left\" data-align=\"left\" colspan=\"5\"><strong>3\u00ba piso<\/strong><\/td><\/tr><tr><td class=\"has-text-align-left\" data-align=\"left\">Historia de los Medios<\/td><td class=\"has-text-align-left\" data-align=\"left\">Bustos<\/td><td class=\"has-text-align-left\" data-align=\"left\">18.50 a 20.50 h<\/td><td class=\"has-text-align-left\" data-align=\"left\">35<\/td><\/tr><tr><td class=\"has-text-align-left\" data-align=\"left\">Comunicaci\u00f3n Institucional y&nbsp;Comunitaria<\/td><td class=\"has-text-align-left\" data-align=\"left\"><\/td><td class=\"has-text-align-left\" data-align=\"left\"> 21 a 23 h<\/td><td class=\"has-text-align-left\" data-align=\"left\">35<\/td><\/tr><tr><td class=\"has-text-align-left\" data-align=\"left\">Taller de Producci\u00f3n Audiovisual<\/td><td class=\"has-text-align-left\" data-align=\"left\">Escobar<\/td><td class=\"has-text-align-left\" data-align=\"left\">18.50 a 23 h<\/td><td class=\"has-text-align-left\" data-align=\"left\">36<\/td><\/tr><tr><td class=\"has-text-align-left\" data-align=\"left\" colspan=\"5\"><strong>4\u00ba piso<\/strong><\/td><\/tr><tr><td class=\"has-text-align-left\" data-align=\"left\">Taller de Radio II<\/td><td class=\"has-text-align-left\" data-align=\"left\">Calder\u00f3n<\/td><td class=\"has-text-align-left\" data-align=\"left\">18.50 a 23 h<\/td><td class=\"has-text-align-left\" data-align=\"left\">Multimedia<\/td><\/tr><\/tbody><\/table><\/figure>\n\n\n\n<div style=\"height:40px\" aria-hidden=\"true\" class=\"wp-block-spacer\"><\/div>\n\n\n\n<h2 class=\"wp-block-heading\">Martes<\/h2>\n\n\n\n<figure class=\"wp-block-table has-small-font-size\"><table><thead><tr><th class=\"has-text-align-left\" data-align=\"left\">Materia<\/th><th class=\"has-text-align-left\" data-align=\"left\">Docente<\/th><th class=\"has-text-align-left\" data-align=\"left\">Horario<\/th><th class=\"has-text-align-left\" data-align=\"left\">Aula<\/th><\/tr><\/thead><tbody><tr><td class=\"has-text-align-left\" data-align=\"left\" colspan=\"5\"><strong>1\u00ba piso<\/strong><\/td><\/tr><tr><td class=\"has-text-align-left\" data-align=\"left\">Teor\u00edas de la Comunicaci\u00f3n I<\/td><td class=\"has-text-align-left\" data-align=\"left\">Quatrini<\/td><td class=\"has-text-align-left\" data-align=\"left\">18.50 a 20.50 h<\/td><td class=\"has-text-align-left\" data-align=\"left\">11<\/td><\/tr><tr><td class=\"has-text-align-left\" data-align=\"left\">Comunicaci\u00f3n y Desarrollo II<\/td><td class=\"has-text-align-left\" data-align=\"left\">Coelho<\/td><td class=\"has-text-align-left\" data-align=\"left\">18.50 a 20.50 h<\/td><td class=\"has-text-align-left\" data-align=\"left\">12<\/td><\/tr><tr><td class=\"has-text-align-left\" data-align=\"left\">Econom\u00eda Pol\u00edtica de la Comunicaci\u00f3n<\/td><td class=\"has-text-align-left\" data-align=\"left\">Calicchio<\/td><td class=\"has-text-align-left\" data-align=\"left\">18.50 a 20.50 h<\/td><td class=\"has-text-align-left\" data-align=\"left\">13<\/td><\/tr><tr><td class=\"has-text-align-left\" data-align=\"left\">Seminario de Actualizaci\u00f3n en Comunicaci\u00f3n<\/td><td class=\"has-text-align-left\" data-align=\"left\">Calicchio<\/td><td class=\"has-text-align-left\" data-align=\"left\">21 a 23 h<\/td><td class=\"has-text-align-left\" data-align=\"left\">13<\/td><\/tr><tr><td class=\"has-text-align-left\" data-align=\"left\">Comunicaci\u00f3n y Desarrollo I<\/td><td class=\"has-text-align-left\" data-align=\"left\">Brescia<\/td><td class=\"has-text-align-left\" data-align=\"left\">18.50 a 20.50 h<\/td><td class=\"has-text-align-left\" data-align=\"left\">14<\/td><\/tr><tr><td class=\"has-text-align-left\" data-align=\"left\">Sociedad, Estado y Desarrollo Local<\/td><td class=\"has-text-align-left\" data-align=\"left\">Femia<\/td><td class=\"has-text-align-left\" data-align=\"left\">21 a 23 h<\/td><td class=\"has-text-align-left\" data-align=\"left\">14<\/td><\/tr><tr><td class=\"has-text-align-left\" data-align=\"left\">Historia Social Argentina<\/td><td class=\"has-text-align-left\" data-align=\"left\">Elisalde<\/td><td class=\"has-text-align-left\" data-align=\"left\">18.50 a 20.50 h<\/td><td class=\"has-text-align-left\" data-align=\"left\">15<\/td><\/tr><tr><td class=\"has-text-align-left\" data-align=\"left\">Perspectivas Filos\u00f3ficas Contempor\u00e1neas<\/td><td class=\"has-text-align-left\" data-align=\"left\">Gianonni<\/td><td class=\"has-text-align-left\" data-align=\"left\">21 a 23 h<\/td><td class=\"has-text-align-left\" data-align=\"left\">15<\/td><\/tr><tr><td class=\"has-text-align-left\" data-align=\"left\">Teor\u00edas de la Comunicaci\u00f3n II<\/td><td class=\"has-text-align-left\" data-align=\"left\">Bustos<\/td><td class=\"has-text-align-left\" data-align=\"left\">18.50 a 20.50 h<\/td><td class=\"has-text-align-left\" data-align=\"left\">16<\/td><\/tr><tr><td class=\"has-text-align-left\" data-align=\"left\">Semiolog\u00eda y An\u00e1lisis del Discurso<\/td><td class=\"has-text-align-left\" data-align=\"left\">Perez Rial<\/td><td class=\"has-text-align-left\" data-align=\"left\">21 a 23 h<\/td><td class=\"has-text-align-left\" data-align=\"left\">16<\/td><\/tr><tr><td class=\"has-text-align-left\" data-align=\"left\" colspan=\"5\"><strong>2\u00ba piso<\/strong><\/td><\/tr><tr><td class=\"has-text-align-left\" data-align=\"left\">Taller de Actualizaci\u00f3n Multimedial<\/td><td class=\"has-text-align-left\" data-align=\"left\">Bernal, L.<\/td><td class=\"has-text-align-left\" data-align=\"left\">18.50 a 20.50 h<\/td><td class=\"has-text-align-left\" data-align=\"left\">36<\/td><\/tr><tr><td class=\"has-text-align-left\" data-align=\"left\">Tecnolog\u00edas de la Informacion y la<br>Comunicaci\u00f3n TICS<\/td><td class=\"has-text-align-left\" data-align=\"left\">Bernal, L.<\/td><td class=\"has-text-align-left\" data-align=\"left\">21 a 23 h<\/td><td class=\"has-text-align-left\" data-align=\"left\">36<\/td><\/tr><\/tbody><\/table><\/figure>\n\n\n\n<div style=\"height:40px\" aria-hidden=\"true\" class=\"wp-block-spacer\"><\/div>\n\n\n\n<h2 class=\"wp-block-heading\">Mi\u00e9rcoles<\/h2>\n\n\n\n<figure class=\"wp-block-table has-small-font-size\"><table><thead><tr><th class=\"has-text-align-left\" data-align=\"left\">Materia<\/th><th class=\"has-text-align-left\" data-align=\"left\">Docente<\/th><th class=\"has-text-align-left\" data-align=\"left\">Horario<\/th><th class=\"has-text-align-left\" data-align=\"left\">Aula<\/th><\/tr><\/thead><tbody><tr><td class=\"has-text-align-left\" data-align=\"left\" colspan=\"5\"><strong>1\u00ba piso<\/strong><\/td><\/tr><tr><td class=\"has-text-align-left\" data-align=\"left\">Taller de Producci\u00f3n de materiales de Gr\u00e1ficos<\/td><td class=\"has-text-align-left\" data-align=\"left\">Prevotel<\/td><td class=\"has-text-align-left\" data-align=\"left\">18.50 a 23 h<\/td><td class=\"has-text-align-left\" data-align=\"left\">16<\/td><\/tr><tr><td class=\"has-text-align-left\" data-align=\"left\" colspan=\"5\"><strong>3\u00ba piso<\/strong><\/td><\/tr><tr><td class=\"has-text-align-left\" data-align=\"left\">Pr\u00e1cticas Profesionalizantes II<\/td><td class=\"has-text-align-left\" data-align=\"left\">Coelho<\/td><td class=\"has-text-align-left\" data-align=\"left\">18.50 a 23 h<\/td><td class=\"has-text-align-left\" data-align=\"left\">32<\/td><\/tr><tr><td class=\"has-text-align-left\" data-align=\"left\">Pr\u00e1cticas Profesionalizantes III<\/td><td class=\"has-text-align-left\" data-align=\"left\">G\u00f3mez, M.<\/td><td class=\"has-text-align-left\" data-align=\"left\">18.50 a 23 h<\/td><td class=\"has-text-align-left\" data-align=\"left\">33<\/td><\/tr><tr><td class=\"has-text-align-left\" data-align=\"left\">Pr\u00e1cticas Profesionalizantes I<\/td><td class=\"has-text-align-left\" data-align=\"left\">Coccoz<\/td><td class=\"has-text-align-left\" data-align=\"left\">18.50 a 20.50 h<\/td><td class=\"has-text-align-left\" data-align=\"left\">34<\/td><\/tr><tr><td class=\"has-text-align-left\" data-align=\"left\" colspan=\"5\"><strong>4\u00ba piso<\/strong><\/td><\/tr><tr><td class=\"has-text-align-left\" data-align=\"left\">Taller de radio 1<\/td><td class=\"has-text-align-left\" data-align=\"left\">Lombardi<\/td><td class=\"has-text-align-left\" data-align=\"left\">18.50 a 23 h<\/td><td class=\"has-text-align-left\" data-align=\"left\">Multimedia<\/td><\/tr><\/tbody><\/table><\/figure>\n\n\n\n<div style=\"height:40px\" aria-hidden=\"true\" class=\"wp-block-spacer\"><\/div>\n\n\n\n<h2 class=\"wp-block-heading\">Jueves<\/h2>\n\n\n\n<figure class=\"wp-block-table has-small-font-size\"><table><thead><tr><th class=\"has-text-align-left\" data-align=\"left\">Materia<\/th><th class=\"has-text-align-left\" data-align=\"left\">Docente<\/th><th class=\"has-text-align-left\" data-align=\"left\">Horario<\/th><th class=\"has-text-align-left\" data-align=\"left\">Aula<\/th><\/tr><\/thead><tbody><tr><td class=\"has-text-align-left\" data-align=\"left\" colspan=\"5\"><strong>1\u00ba piso<\/strong><\/td><\/tr><tr><td class=\"has-text-align-left\" data-align=\"left\">Teor\u00edas de la Comunicaci\u00f3n I<\/td><td class=\"has-text-align-left\" data-align=\"left\">Quatrini<\/td><td class=\"has-text-align-left\" data-align=\"left\">18.50 a 20.50 h<\/td><td class=\"has-text-align-left\" data-align=\"left\">11<\/td><\/tr><tr><td class=\"has-text-align-left\" data-align=\"left\">Taller de Producci\u00f3n Audiovisual Documental<\/td><td class=\"has-text-align-left\" data-align=\"left\">Bernal, L.<\/td><td class=\"has-text-align-left\" data-align=\"left\">18.50 a 23 hs<\/td><td class=\"has-text-align-left\" data-align=\"left\">12<\/td><\/tr><tr><td class=\"has-text-align-left\" data-align=\"left\">Derecho a la Comunicaci\u00f3n<\/td><td class=\"has-text-align-left\" data-align=\"left\">Carril<\/td><td class=\"has-text-align-left\" data-align=\"left\">18.50 a 20.50 h<\/td><td class=\"has-text-align-left\" data-align=\"left\">13<\/td><\/tr><tr><td class=\"has-text-align-left\" data-align=\"left\">Portugu\u00e9s<\/td><td class=\"has-text-align-left\" data-align=\"left\">Conforti<\/td><td class=\"has-text-align-left\" data-align=\"left\">21 a 23 h<\/td><td class=\"has-text-align-left\" data-align=\"left\">13<\/td><\/tr><tr><td class=\"has-text-align-left\" data-align=\"left\">Comunicaci\u00f3n y Desarrollo I<\/td><td class=\"has-text-align-left\" data-align=\"left\">Brescia<\/td><td class=\"has-text-align-left\" data-align=\"left\">18.50 a 20.50 h<\/td><td class=\"has-text-align-left\" data-align=\"left\">14<\/td><\/tr><tr><td class=\"has-text-align-left\" data-align=\"left\">Sociedad, Estado y Desarrollo Local<\/td><td class=\"has-text-align-left\" data-align=\"left\">Femia<\/td><td class=\"has-text-align-left\" data-align=\"left\">21 a 23 h<\/td><td class=\"has-text-align-left\" data-align=\"left\">14<\/td><\/tr><tr><td class=\"has-text-align-left\" data-align=\"left\">Comunicaci\u00f3n y Desarrollo II<\/td><td class=\"has-text-align-left\" data-align=\"left\">Coelho<\/td><td class=\"has-text-align-left\" data-align=\"left\">18.50 a 20.50 h<\/td><td class=\"has-text-align-left\" data-align=\"left\">15<\/td><\/tr><tr><td class=\"has-text-align-left\" data-align=\"left\">Perspectivas Filos\u00f3ficas Contempor\u00e1neas<\/td><td class=\"has-text-align-left\" data-align=\"left\">Gianonni<\/td><td class=\"has-text-align-left\" data-align=\"left\">21 a 23 h<\/td><td class=\"has-text-align-left\" data-align=\"left\">15<\/td><\/tr><tr><td class=\"has-text-align-left\" data-align=\"left\">Teor\u00edas de la Comunicaci\u00f3n II<\/td><td class=\"has-text-align-left\" data-align=\"left\">Bustos<\/td><td class=\"has-text-align-left\" data-align=\"left\">18.50 a 20.50 h<\/td><td class=\"has-text-align-left\" data-align=\"left\">16<\/td><\/tr><tr><td class=\"has-text-align-left\" data-align=\"left\">Semiolog\u00eda y An\u00e1lisis del Discurso<\/td><td class=\"has-text-align-left\" data-align=\"left\">Perez Rial<\/td><td class=\"has-text-align-left\" data-align=\"left\">21 a 23 h<\/td><td class=\"has-text-align-left\" data-align=\"left\">16<\/td><\/tr><tr><td class=\"has-text-align-left\" data-align=\"left\" colspan=\"5\"><strong>2\u00ba piso<\/strong><\/td><\/tr><tr><td class=\"has-text-align-left\" data-align=\"left\">Sujetos e identidades<\/td><td class=\"has-text-align-left\" data-align=\"left\">Fira Chmiel<\/td><td class=\"has-text-align-left\" data-align=\"left\">18.50 a 20.50 h<\/td><td class=\"has-text-align-left\" data-align=\"left\">23<\/td><\/tr><tr><td class=\"has-text-align-left\" data-align=\"left\">Taller de Artes y lenguajes Expresivos<\/td><td class=\"has-text-align-left\" data-align=\"left\"><\/td><td class=\"has-text-align-left\" data-align=\"left\">21 a 23 h<\/td><td class=\"has-text-align-left\" data-align=\"left\">25<\/td><\/tr><\/tbody><\/table><\/figure>\n","protected":false},"excerpt":{"rendered":"<p>Lunes Materia Docente Horario Aula 2\u00ba piso Taller de Producci\u00f3n Period\u00edstica Baretta 18.50 a 23 h 22 Taller de Producci\u00f3n Oral y Escrita Lozada 18.50 a 20.50 h 23 3\u00ba piso Historia de los Medios Bustos 18.50 a 20.50 h 35 Comunicaci\u00f3n Institucional y&nbsp;Comunitaria 21 a 23 h 35 Taller de Producci\u00f3n Audiovisual Escobar 18.50 &#8230; <a title=\"Aulas y horarios\" class=\"read-more\" href=\"https:\/\/istlyr-caba.infd.edu.ar\/sitio\/aulas-y-horarios-comunicacion-social-orientada-al-desarrollo-local\/\" aria-label=\"More on Aulas y horarios\">[+]<\/a><\/p>\n","protected":false},"author":712,"featured_media":0,"parent":0,"menu_order":0,"comment_status":"closed","ping_status":"closed","template":"","meta":[],"acf":[],"_links":{"self":[{"href":"https:\/\/istlyr-caba.infd.edu.ar\/sitio\/wp-json\/wp\/v2\/pages\/6165"}],"collection":[{"href":"https:\/\/istlyr-caba.infd.edu.ar\/sitio\/wp-json\/wp\/v2\/pages"}],"about":[{"href":"https:\/\/istlyr-caba.infd.edu.ar\/sitio\/wp-json\/wp\/v2\/types\/page"}],"author":[{"embeddable":true,"href":"https:\/\/istlyr-caba.infd.edu.ar\/sitio\/wp-json\/wp\/v2\/users\/712"}],"replies":[{"embeddable":true,"href":"https:\/\/istlyr-caba.infd.edu.ar\/sitio\/wp-json\/wp\/v2\/comments?post=6165"}],"version-history":[{"count":11,"href":"https:\/\/istlyr-caba.infd.edu.ar\/sitio\/wp-json\/wp\/v2\/pages\/6165\/revisions"}],"predecessor-version":[{"id":7642,"href":"https:\/\/istlyr-caba.infd.edu.ar\/sitio\/wp-json\/wp\/v2\/pages\/6165\/revisions\/7642"}],"wp:attachment":[{"href":"https:\/\/istlyr-caba.infd.edu.ar\/sitio\/wp-json\/wp\/v2\/media?parent=6165"}],"curies":[{"name":"wp","href":"https:\/\/api.w.org\/{rel}","templated":true}]}}