{"id":6155,"date":"2024-08-15T16:59:14","date_gmt":"2024-08-15T19:59:14","guid":{"rendered":"https:\/\/istlyr-caba.infd.edu.ar\/sitio\/?page_id=6155"},"modified":"2026-03-19T14:15:11","modified_gmt":"2026-03-19T17:15:11","slug":"aulas-y-horarios-pedagogia-y-educacion-social","status":"publish","type":"page","link":"https:\/\/istlyr-caba.infd.edu.ar\/sitio\/aulas-y-horarios-pedagogia-y-educacion-social\/","title":{"rendered":"Aulas y horarios"},"content":{"rendered":"\n<div style=\"height:20px\" aria-hidden=\"true\" class=\"wp-block-spacer\"><\/div>\n\n\n\n<h2 class=\"wp-block-heading\">Lunes<\/h2>\n\n\n\n<figure class=\"wp-block-table has-small-font-size\"><table><thead><tr><th class=\"has-text-align-left\" data-align=\"left\">Materia<\/th><th class=\"has-text-align-left\" data-align=\"left\">Docente<\/th><th class=\"has-text-align-left\" data-align=\"left\">Horario<\/th><th class=\"has-text-align-left\" data-align=\"left\">Aula<\/th><\/tr><\/thead><tbody><tr><td class=\"has-text-align-left\" data-align=\"left\" colspan=\"5\"><strong>3\u00ba piso<\/strong><\/td><\/tr><tr><td class=\"has-text-align-left\" data-align=\"left\">Pr\u00e1cticas Profesionalizantes III<\/td><td class=\"has-text-align-left\" data-align=\"left\">Montesinos-S\u00e1nchez<\/td><td class=\"has-text-align-left\" data-align=\"left\">18.50 a 23 h<\/td><td class=\"has-text-align-left\" data-align=\"left\">32<\/td><\/tr><tr><td class=\"has-text-align-left\" data-align=\"left\">Pr\u00e1cticas Profesionalizantes II<\/td><td class=\"has-text-align-left\" data-align=\"left\">Soto<\/td><td class=\"has-text-align-left\" data-align=\"left\">18.50 a 23 h<\/td><td class=\"has-text-align-left\" data-align=\"left\">33<\/td><\/tr><tr><td class=\"has-text-align-left\" data-align=\"left\">Pr\u00e1cticas Profesionalizantes I<\/td><td class=\"has-text-align-left\" data-align=\"left\">Kurlat<\/td><td class=\"has-text-align-left\" data-align=\"left\">18.50 a 23 h<\/td><td class=\"has-text-align-left\" data-align=\"left\">34<\/td><\/tr><\/tbody><\/table><\/figure>\n\n\n\n<div style=\"height:40px\" aria-hidden=\"true\" class=\"wp-block-spacer\"><\/div>\n\n\n\n<h2 class=\"wp-block-heading\">Martes<\/h2>\n\n\n\n<figure class=\"wp-block-table has-small-font-size\"><table><thead><tr><th class=\"has-text-align-left\" data-align=\"left\">Materia<\/th><th class=\"has-text-align-left\" data-align=\"left\">Docente<\/th><th class=\"has-text-align-left\" data-align=\"left\">Horario<\/th><th class=\"has-text-align-left\" data-align=\"left\">Aula<\/th><\/tr><\/thead><tbody><tr><td class=\"has-text-align-left\" data-align=\"left\" colspan=\"5\"><strong>2\u00ba piso<\/strong><\/td><\/tr><tr><td class=\"has-text-align-left\" data-align=\"left\">Dise\u00f1o de Proyectos Socioeducativos<\/td><td class=\"has-text-align-left\" data-align=\"left\">Ampudia<\/td><td class=\"has-text-align-left\" data-align=\"left\">18.50 a 20.50 h<\/td><td class=\"has-text-align-left\" data-align=\"left\">22<\/td><\/tr><tr><td class=\"has-text-align-left\" data-align=\"left\">Taller de Arte, Educaci\u00f3n y Sociedad<\/td><td class=\"has-text-align-left\" data-align=\"left\">Guidalevich<\/td><td class=\"has-text-align-left\" data-align=\"left\">18.50 a 20.50 h<\/td><td class=\"has-text-align-left\" data-align=\"left\">23<\/td><\/tr><tr><td class=\"has-text-align-left\" data-align=\"left\">Comunicaci\u00f3n, tecnolog\u00eda y Educaci\u00f3n<\/td><td class=\"has-text-align-left\" data-align=\"left\">Bernal, M.<\/td><td class=\"has-text-align-left\" data-align=\"left\">18.50 a 20.50 h<\/td><td class=\"has-text-align-left\" data-align=\"left\">24<\/td><\/tr><tr><td class=\"has-text-align-left\" data-align=\"left\">Taller de Producci\u00f3n de materiales de comunicaci\u00f3n<\/td><td class=\"has-text-align-left\" data-align=\"left\">Prevotel<\/td><td class=\"has-text-align-left\" data-align=\"left\">21 a 23 h<\/td><td class=\"has-text-align-left\" data-align=\"left\">24<\/td><\/tr><tr><td class=\"has-text-align-left\" data-align=\"left\">Sujetos de la Educaci\u00f3n Social 2<\/td><td class=\"has-text-align-left\" data-align=\"left\">Rubinsztain<\/td><td class=\"has-text-align-left\" data-align=\"left\">18.50 a 20.50 h<\/td><td class=\"has-text-align-left\" data-align=\"left\">25<\/td><\/tr><tr><td class=\"has-text-align-left\" data-align=\"left\">Historia Social Argentina<\/td><td class=\"has-text-align-left\" data-align=\"left\">Elisalde<\/td><td class=\"has-text-align-left\" data-align=\"left\">21 a 23 h<\/td><td class=\"has-text-align-left\" data-align=\"left\">25<\/td><\/tr><tr><td class=\"has-text-align-left\" data-align=\"left\">Taller de Investigaci\u00f3n<\/td><td class=\"has-text-align-left\" data-align=\"left\">Garro<\/td><td class=\"has-text-align-left\" data-align=\"left\">18.50 a 20.50 h<\/td><td class=\"has-text-align-left\" data-align=\"left\">26<\/td><\/tr><tr><td class=\"has-text-align-left\" data-align=\"left\">Mundo del Trabajo y FP<\/td><td class=\"has-text-align-left\" data-align=\"left\">Garro<\/td><td class=\"has-text-align-left\" data-align=\"left\">21 a 23 h<\/td><td class=\"has-text-align-left\" data-align=\"left\">26<\/td><\/tr><\/tbody><\/table><\/figure>\n\n\n\n<div style=\"height:40px\" aria-hidden=\"true\" class=\"wp-block-spacer\"><\/div>\n\n\n\n<h2 class=\"wp-block-heading\">Mi\u00e9rcoles<\/h2>\n\n\n\n<figure class=\"wp-block-table has-small-font-size\"><table><thead><tr><th class=\"has-text-align-left\" data-align=\"left\">Materia<\/th><th class=\"has-text-align-left\" data-align=\"left\">Docente<\/th><th class=\"has-text-align-left\" data-align=\"left\">Horario<\/th><th class=\"has-text-align-left\" data-align=\"left\">Aula<\/th><\/tr><\/thead><tbody><tr><td class=\"has-text-align-left\" data-align=\"left\" colspan=\"5\"><strong>1\u00ba piso<\/strong><\/td><\/tr><tr><td class=\"has-text-align-left\" data-align=\"left\">Pedagog\u00eda y Educaci\u00f3n Social 1<\/td><td class=\"has-text-align-left\" data-align=\"left\">Baichman<\/td><td class=\"has-text-align-left\" data-align=\"left\">18.50 a 23 h<\/td><td class=\"has-text-align-left\" data-align=\"left\">11<\/td><\/tr><tr><td class=\"has-text-align-left\" data-align=\"left\">Pedagog\u00eda y Educaci\u00f3n Social 2<\/td><td class=\"has-text-align-left\" data-align=\"left\">Mazzino<\/td><td class=\"has-text-align-left\" data-align=\"left\">18.50 a 23 h<\/td><td class=\"has-text-align-left\" data-align=\"left\">12<\/td><\/tr><tr><td class=\"has-text-align-left\" data-align=\"left\">Pedagog\u00eda<\/td><td class=\"has-text-align-left\" data-align=\"left\">Jeria<\/td><td class=\"has-text-align-left\" data-align=\"left\">18.50 a 23 h<\/td><td class=\"has-text-align-left\" data-align=\"left\">13<\/td><\/tr><tr><td class=\"has-text-align-left\" data-align=\"left\">Seminario de profundizaci\u00f3n de<br>Educaci\u00f3n Popular<\/td><td class=\"has-text-align-left\" data-align=\"left\">Elisalde<\/td><td class=\"has-text-align-left\" data-align=\"left\">18.50 a 20.50 h<\/td><td class=\"has-text-align-left\" data-align=\"left\">14<\/td><\/tr><tr><td class=\"has-text-align-left\" data-align=\"left\">Seminario de Judicializaci\u00f3n<\/td><td class=\"has-text-align-left\" data-align=\"left\">Ramos<\/td><td class=\"has-text-align-left\" data-align=\"left\">18.50 a 20.50 h<\/td><td class=\"has-text-align-left\" data-align=\"left\">15<\/td><\/tr><tr><td class=\"has-text-align-left\" data-align=\"left\">Taller de Escritura y Memoria Profesional<\/td><td class=\"has-text-align-left\" data-align=\"left\">Tanoni<\/td><td class=\"has-text-align-left\" data-align=\"left\">21 a 23 h<\/td><td class=\"has-text-align-left\" data-align=\"left\">15<\/td><\/tr><tr><td class=\"has-text-align-left\" data-align=\"left\" colspan=\"5\"><strong>3\u00ba piso<\/strong><\/td><\/tr><tr><td class=\"has-text-align-left\" data-align=\"left\">Taller de Herramientas Inform\u00e1ticas A<\/td><td class=\"has-text-align-left\" data-align=\"left\">Felamini<\/td><td class=\"has-text-align-left\" data-align=\"left\">21 a 23 h<\/td><td class=\"has-text-align-left\" data-align=\"left\">36<\/td><\/tr><\/tbody><\/table><\/figure>\n\n\n\n<div style=\"height:40px\" aria-hidden=\"true\" class=\"wp-block-spacer\"><\/div>\n\n\n\n<h2 class=\"wp-block-heading\">Jueves<\/h2>\n\n\n\n<figure class=\"wp-block-table has-small-font-size\"><table><thead><tr><th class=\"has-text-align-left\" data-align=\"left\">Materia<\/th><th class=\"has-text-align-left\" data-align=\"left\">Docente<\/th><th class=\"has-text-align-left\" data-align=\"left\">Horario<\/th><th class=\"has-text-align-left\" data-align=\"left\">Aula<\/th><\/tr><\/thead><tbody><tr><td class=\"has-text-align-left\" data-align=\"left\" colspan=\"5\"><strong>1\u00ba piso<\/strong><\/td><\/tr><tr><td class=\"has-text-align-left\" data-align=\"left\">Seminario de Coordinaci\u00f3n de Grupos<\/td><td class=\"has-text-align-left\" data-align=\"left\">Azzaretti<\/td><td class=\"has-text-align-left\" data-align=\"left\">21 a 23 h<\/td><td class=\"has-text-align-left\" data-align=\"left\">SUM<\/td><\/tr><tr><td class=\"has-text-align-left\" data-align=\"left\" colspan=\"5\"><strong>2\u00ba piso<\/strong><\/td><\/tr><tr><td class=\"has-text-align-left\" data-align=\"left\">Pol\u00edticas P\u00fablicas<\/td><td class=\"has-text-align-left\" data-align=\"left\">Lea Blaustein<\/td><td class=\"has-text-align-left\" data-align=\"left\">18.50 a 20.50 h<\/td><td class=\"has-text-align-left\" data-align=\"left\">22<\/td><\/tr><tr><td class=\"has-text-align-left\" data-align=\"left\">Sujetos 1 &#8211; Infancias y Adolescencias<\/td><td class=\"has-text-align-left\" data-align=\"left\">Gallardo<\/td><td class=\"has-text-align-left\" data-align=\"left\">18.50 a 23 h<\/td><td class=\"has-text-align-left\" data-align=\"left\">24<\/td><\/tr><tr><td class=\"has-text-align-left\" data-align=\"left\">Taller de Artes y lenguajes Expresivos<\/td><td class=\"has-text-align-left\" data-align=\"left\">Challier<\/td><td class=\"has-text-align-left\" data-align=\"left\">18.50 a 20.50 h<\/td><td class=\"has-text-align-left\" data-align=\"left\">25<\/td><\/tr><tr><td class=\"has-text-align-left\" data-align=\"left\">\u00c9tica<\/td><td class=\"has-text-align-left\" data-align=\"left\">Fontenla<\/td><td class=\"has-text-align-left\" data-align=\"left\">18.50 a 20.50 h<\/td><td class=\"has-text-align-left\" data-align=\"left\">26<\/td><\/tr><tr><td class=\"has-text-align-left\" data-align=\"left\">Seminario de Estudios Urbanos<\/td><td class=\"has-text-align-left\" data-align=\"left\">Ferrerira Olaso<\/td><td class=\"has-text-align-left\" data-align=\"left\">21 a 23 h<\/td><td class=\"has-text-align-left\" data-align=\"left\">26<\/td><\/tr><tr><td class=\"has-text-align-left\" data-align=\"left\" colspan=\"5\"><strong>3\u00ba piso<\/strong><\/td><\/tr><tr><td class=\"has-text-align-left\" data-align=\"left\">Psicolog\u00eda Social e Institucional<\/td><td class=\"has-text-align-left\" data-align=\"left\">La Greca<\/td><td class=\"has-text-align-left\" data-align=\"left\">18.50 a 23 h<\/td><td class=\"has-text-align-left\" data-align=\"left\">36<\/td><\/tr><\/tbody><\/table><\/figure>\n\n\n\n<div style=\"height:40px\" aria-hidden=\"true\" class=\"wp-block-spacer\"><\/div>\n\n\n\n<h2 class=\"wp-block-heading\">Viernes<\/h2>\n\n\n\n<figure class=\"wp-block-table has-small-font-size\"><table><thead><tr><th class=\"has-text-align-left\" data-align=\"left\">Materia<\/th><th class=\"has-text-align-left\" data-align=\"left\">Docente<\/th><th class=\"has-text-align-left\" data-align=\"left\">Horario<\/th><th class=\"has-text-align-left\" data-align=\"left\">Aula<\/th><\/tr><\/thead><tbody><tr><td class=\"has-text-align-left\" data-align=\"left\" colspan=\"5\"><strong>3\u00ba piso<\/strong><\/td><\/tr><tr><td class=\"has-text-align-left\" data-align=\"left\">Sociedad y Cultura<\/td><td class=\"has-text-align-left\" data-align=\"left\">Gatica<\/td><td class=\"has-text-align-left\" data-align=\"left\">18.50 a 20.50 h<\/td><td class=\"has-text-align-left\" data-align=\"left\">33<\/td><\/tr><tr><td class=\"has-text-align-left\" data-align=\"left\">Sujetos e Identidades<\/td><td class=\"has-text-align-left\" data-align=\"left\">Marcos<\/td><td class=\"has-text-align-left\" data-align=\"left\">18.50 a 20.50 h<\/td><td class=\"has-text-align-left\" data-align=\"left\">34<\/td><\/tr><tr><td class=\"has-text-align-left\" data-align=\"left\">Sujetos y Aprendizajes profesionales<\/td><td class=\"has-text-align-left\" data-align=\"left\">Pereira, A.<\/td><td class=\"has-text-align-left\" data-align=\"left\">18.50 a 20.50 h<\/td><td class=\"has-text-align-left\" data-align=\"left\">35<\/td><\/tr><tr><td class=\"has-text-align-left\" data-align=\"left\">Seminario Perspectiva de G\u00e9nero<\/td><td class=\"has-text-align-left\" data-align=\"left\">Gallardo<\/td><td class=\"has-text-align-left\" data-align=\"left\">18.50 a 20.50 h<\/td><td class=\"has-text-align-left\" data-align=\"left\">36<\/td><\/tr><\/tbody><\/table><\/figure>\n","protected":false},"excerpt":{"rendered":"<p>Lunes Materia Docente Horario Aula 3\u00ba piso Pr\u00e1cticas Profesionalizantes III Montesinos-S\u00e1nchez 18.50 a 23 h 32 Pr\u00e1cticas Profesionalizantes II Soto 18.50 a 23 h 33 Pr\u00e1cticas Profesionalizantes I Kurlat 18.50 a 23 h 34 Martes Materia Docente Horario Aula 2\u00ba piso Dise\u00f1o de Proyectos Socioeducativos Ampudia 18.50 a 20.50 h 22 Taller de Arte, Educaci\u00f3n &#8230; <a title=\"Aulas y horarios\" class=\"read-more\" href=\"https:\/\/istlyr-caba.infd.edu.ar\/sitio\/aulas-y-horarios-pedagogia-y-educacion-social\/\" aria-label=\"More on Aulas y horarios\">[+]<\/a><\/p>\n","protected":false},"author":712,"featured_media":0,"parent":0,"menu_order":0,"comment_status":"closed","ping_status":"closed","template":"","meta":[],"acf":[],"_links":{"self":[{"href":"https:\/\/istlyr-caba.infd.edu.ar\/sitio\/wp-json\/wp\/v2\/pages\/6155"}],"collection":[{"href":"https:\/\/istlyr-caba.infd.edu.ar\/sitio\/wp-json\/wp\/v2\/pages"}],"about":[{"href":"https:\/\/istlyr-caba.infd.edu.ar\/sitio\/wp-json\/wp\/v2\/types\/page"}],"author":[{"embeddable":true,"href":"https:\/\/istlyr-caba.infd.edu.ar\/sitio\/wp-json\/wp\/v2\/users\/712"}],"replies":[{"embeddable":true,"href":"https:\/\/istlyr-caba.infd.edu.ar\/sitio\/wp-json\/wp\/v2\/comments?post=6155"}],"version-history":[{"count":7,"href":"https:\/\/istlyr-caba.infd.edu.ar\/sitio\/wp-json\/wp\/v2\/pages\/6155\/revisions"}],"predecessor-version":[{"id":7637,"href":"https:\/\/istlyr-caba.infd.edu.ar\/sitio\/wp-json\/wp\/v2\/pages\/6155\/revisions\/7637"}],"wp:attachment":[{"href":"https:\/\/istlyr-caba.infd.edu.ar\/sitio\/wp-json\/wp\/v2\/media?parent=6155"}],"curies":[{"name":"wp","href":"https:\/\/api.w.org\/{rel}","templated":true}]}}