{"id":6094,"date":"2024-08-06T12:41:39","date_gmt":"2024-08-06T15:41:39","guid":{"rendered":"https:\/\/istlyr-caba.infd.edu.ar\/sitio\/?page_id=6094"},"modified":"2024-09-17T09:57:33","modified_gmt":"2024-09-17T12:57:33","slug":"correlatividades-2","status":"publish","type":"page","link":"https:\/\/istlyr-caba.infd.edu.ar\/sitio\/correlatividades-2\/","title":{"rendered":"Correlatividades"},"content":{"rendered":"\n<figure class=\"wp-block-table has-small-font-size\"><table class=\"has-fixed-layout\"><thead><tr><th class=\"has-text-align-left\" data-align=\"left\">Para cursar<\/th><th class=\"has-text-align-left\" data-align=\"left\">Debe tener<\/th><\/tr><\/thead><tbody><tr><th class=\"has-text-align-left\" data-align=\"left\" colspan=\"2\" bgcolor=\"#AF1C53\"><p style=\"color:#ffffff\">2\u00ba Ciclo<\/p><\/th><\/tr><tr><th class=\"has-text-align-left\" data-align=\"left\" rowspan=\"2\">Recreaci\u00f3n y Pedagog\u00eda<\/th><td class=\"has-text-align-left\" data-align=\"left\"><em>Aprobado: <\/em>Recreaci\u00f3n y Educaci\u00f3n<\/td><\/tr><tr><td class=\"has-text-align-left\" data-align=\"left\"><em>Aprobado: <\/em>Sujetos e identidades<\/td><\/tr><tr><th class=\"has-text-align-left\" data-align=\"left\" rowspan=\"3\">Taller de coordinaci\u00f3n de actividades l\u00fadicas<\/th><td class=\"has-text-align-left\" data-align=\"left\"><em>Aprobado: <\/em>Taller de experiencias l\u00fadicas y juegos<\/td><\/tr><tr><td class=\"has-text-align-left\" data-align=\"left\"><em>Aprobado o final: <\/em>Recreaci\u00f3n y Educaci\u00f3n<\/td><\/tr><tr><td class=\"has-text-align-left\" data-align=\"left\"><em>Aprobado o final:<\/em> Sujetos e identidades<\/td><\/tr><tr><td class=\"has-text-align-left\" data-align=\"left\"><strong>Historias y teor\u00edas del juego<\/strong><\/td><td class=\"has-text-align-left\" data-align=\"left\"><em>Aprobado o final:<\/em> Historias y teor\u00edas del tiempo libre y la Recreaci\u00f3n<\/td><\/tr><tr><th class=\"has-text-align-left\" data-align=\"left\" rowspan=\"2\">Taller de experiencias recreativas en la naturaleza<\/th><td class=\"has-text-align-left\" data-align=\"left\"><em>Aprobado: <\/em>Taller de experiencias l\u00fadicas y juegos<\/td><\/tr><tr><td class=\"has-text-align-left\" data-align=\"left\"><em>Aprobado o final:<\/em> Recreaci\u00f3n y Educaci\u00f3n<\/td><\/tr><tr><td class=\"has-text-align-left\" data-align=\"left\"><strong>Historia social Argentina<\/strong><\/td><td class=\"has-text-align-left\" data-align=\"left\">\u2014<\/td><\/tr><tr><th class=\"has-text-align-left\" data-align=\"left\" colspan=\"2\" bgcolor=\"#AF1C53\"><p style=\"color:#ffffff\">3\u00ba Ciclo<\/p><\/th><\/tr><tr><th class=\"has-text-align-left\" data-align=\"left\" rowspan=\"3\">Pr\u00e1cticas profesionales I<\/th><td class=\"has-text-align-left\" data-align=\"left\"><em>Aprobado:<\/em> Recreaci\u00f3n y Educaci\u00f3n<\/td><\/tr><tr><td class=\"has-text-align-left\" data-align=\"left\"><em>Aprobado:<\/em> Sujetos e identidades<\/td><\/tr><tr><td class=\"has-text-align-left\" data-align=\"left\"><em>Aprobado:<\/em> Taller de experiencias l\u00fadicas y juegos<\/td><\/tr><tr><td class=\"has-text-align-left\" data-align=\"left\"><strong>Psicolog\u00eda social e institucional<\/strong><\/td><td class=\"has-text-align-left\" data-align=\"left\"><em>Aprobado o final:<\/em> Sujetos e identidades<\/td><\/tr><tr><td class=\"has-text-align-left\" data-align=\"left\"><strong>Sujetos de la recreaci\u00f3n I<\/strong><\/td><td class=\"has-text-align-left\" data-align=\"left\"><em>Aprobado:<\/em> Sujetos e identidades<\/td><\/tr><tr><td class=\"has-text-align-left\" data-align=\"left\"><strong>Taller de expresi\u00f3n musical<\/strong><\/td><td class=\"has-text-align-left\" data-align=\"left\">\u2014<\/td><\/tr><tr><th class=\"has-text-align-left\" data-align=\"left\" colspan=\"2\" bgcolor=\"#AF1C53\"><p style=\"color:#ffffff\">4\u00ba Ciclo<\/p><\/th><\/tr><tr><th class=\"has-text-align-left\" data-align=\"left\" rowspan=\"5\">Pr\u00e1cticas profesionales II<\/th><td class=\"has-text-align-left\" data-align=\"left\"><em>Aprobado:<\/em> Pr\u00e1cticas profesionales I<\/td><\/tr><tr><td class=\"has-text-align-left\" data-align=\"left\"><em>Aprobado:<\/em> Taller de coordinaci\u00f3n de actividades l\u00fadicas<\/td><\/tr><tr><td class=\"has-text-align-left\" data-align=\"left\"><em>Aprobado:<\/em> 2 Talleres Expresivas<\/td><\/tr><tr><td class=\"has-text-align-left\" data-align=\"left\"><em>Aprobado o final:<\/em> Sujetos de la recreaci\u00f3n I<\/td><\/tr><tr><td class=\"has-text-align-left\" data-align=\"left\"><em>Aprobado o final:<\/em> Psicolog\u00eda social e institucional<\/td><\/tr><tr><td class=\"has-text-align-left\" data-align=\"left\"><strong>Sujetos de la recreaci\u00f3n II<\/strong><\/td><td class=\"has-text-align-left\" data-align=\"left\"><em>Aprobado o final:<\/em> Sujetos de la recreaci\u00f3n I<\/td><\/tr><tr><td class=\"has-text-align-left\" data-align=\"left\"><strong>Taller la dimensi\u00f3n ambiental en las experiencias l\u00fadicas<\/strong><\/td><td class=\"has-text-align-left\" data-align=\"left\"><em>Aprobado:<\/em> Taller de experiencias recreativas en la naturaleza<\/td><\/tr><tr><th class=\"has-text-align-left\" data-align=\"left\" rowspan=\"2\">Sociolog\u00eda de la cultura y del tiempo libre<\/th><td class=\"has-text-align-left\" data-align=\"left\"><em>Aprobado:<\/em> Historia social Argentina<\/td><\/tr><tr><td class=\"has-text-align-left\" data-align=\"left\"><em>Aprobado:<\/em> Historias y teor\u00edas del juego<\/td><\/tr><tr><td class=\"has-text-align-left\" data-align=\"left\"><strong>Taller de lectura, escritura y literatura infantil y juvenil<\/strong><\/td><td class=\"has-text-align-left\" data-align=\"left\">\u2014<\/td><\/tr><tr><th class=\"has-text-align-left\" data-align=\"left\" colspan=\"2\" bgcolor=\"#AF1C53\"><p style=\"color:#ffffff\">5\u00ba Ciclo<\/p><\/th><\/tr><tr><th class=\"has-text-align-left\" data-align=\"left\" rowspan=\"3\">Pr\u00e1cticas profesionales III<\/th><td class=\"has-text-align-left\" data-align=\"left\"><em>Aprobado:<\/em> Pr\u00e1cticas profesionales II<\/td><\/tr><tr><td class=\"has-text-align-left\" data-align=\"left\"><em>Aprobado:<\/em> Recreaci\u00f3n y Pedagog\u00eda<\/td><\/tr><tr><td class=\"has-text-align-left\" data-align=\"left\"><em>Aprobado:<\/em> Psicolog\u00eda social e institucional<\/td><\/tr><tr><td class=\"has-text-align-left\" data-align=\"left\"><strong>Sujetos de la recreaci\u00f3n III<\/strong><\/td><td class=\"has-text-align-left\" data-align=\"left\"><em>Aprobado o final:<\/em> Sujetos de la recreaci\u00f3n II<\/td><\/tr><tr><th class=\"has-text-align-left\" data-align=\"left\" rowspan=\"3\">Taller de coordinaci\u00f3n de espacios y proyectos en Recreaci\u00f3n<\/th><td class=\"has-text-align-left\" data-align=\"left\"><em>Aprobado:<\/em> Pr\u00e1cticas profesionales II<\/td><\/tr><tr><td class=\"has-text-align-left\" data-align=\"left\"><em>Aprobado:<\/em> 2 Talleres Expresivas<\/td><\/tr><tr><td class=\"has-text-align-left\" data-align=\"left\"><em>Aprobado o final:<\/em> Psicolog\u00eda social e institucional<\/td><\/tr><tr><th class=\"has-text-align-left\" data-align=\"left\" rowspan=\"4\">Taller de Dise\u00f1o integral de proyectos de Recreaci\u00f3n<\/th><td class=\"has-text-align-left\" data-align=\"left\"><em>Aprobado:<\/em> Pr\u00e1cticas profesionales II<\/td><\/tr><tr><td class=\"has-text-align-left\" data-align=\"left\"><em>Aprobado:<\/em> Recreaci\u00f3n y Pedagog\u00eda<\/td><\/tr><tr><td class=\"has-text-align-left\" data-align=\"left\"><em>Aprobado:<\/em> Psicolog\u00eda social e institucional<\/td><\/tr><tr><td class=\"has-text-align-left\" data-align=\"left\"><em>Aprobado:<\/em> 2 Talleres Expresivas<\/td><\/tr><tr><td class=\"has-text-align-left\" data-align=\"left\"><strong>Taller de expresi\u00f3n pl\u00e1stica<\/strong><\/td><td class=\"has-text-align-left\" data-align=\"left\">\u2014<\/td><\/tr><tr><th class=\"has-text-align-left\" data-align=\"left\" colspan=\"2\" bgcolor=\"#AF1C53\"><p style=\"color:#ffffff\">6\u00ba Ciclo<\/p><\/th><\/tr><tr><th class=\"has-text-align-left\" data-align=\"left\" rowspan=\"2\">Pr\u00e1cticas profesionales IV<\/th><td class=\"has-text-align-left\" data-align=\"left\"><em>Aprobado:<\/em> Pr\u00e1cticas profesionales III<\/td><\/tr><tr><td class=\"has-text-align-left\" data-align=\"left\"><em>Aprobado:<\/em> Sujetos de la recreaci\u00f3n II<\/td><\/tr><tr><td class=\"has-text-align-left\" data-align=\"left\"><strong>Taller de gesti\u00f3n y documentaci\u00f3n de proyectos de recreaci\u00f3n o<br>Taller de escritura y memoria profesional<\/strong><\/td><td class=\"has-text-align-left\" data-align=\"left\"><em>Aprobado:<\/em> Taller de Dise\u00f1o integral de proyectos de Recreaci\u00f3n<\/td><\/tr><tr><th class=\"has-text-align-left\" data-align=\"left\" rowspan=\"3\">Pol\u00edticas y organizaciones del tiempo libre y la recreaci\u00f3n<\/th><td class=\"has-text-align-left\" data-align=\"left\"><em>Aprobado:<\/em> Recreaci\u00f3n y Educaci\u00f3n<\/td><\/tr><tr><td class=\"has-text-align-left\" data-align=\"left\"><em>Aprobado:<\/em> Historias y teor\u00edas del tiempo libre y la Recreaci\u00f3n<\/td><\/tr><tr><td class=\"has-text-align-left\" data-align=\"left\"><em>Aprobado:<\/em> Sociolog\u00eda de la Cultura<\/td><\/tr><tr><td class=\"has-text-align-left\" data-align=\"left\"><strong>Taller de medios audiovisuales y TICS<\/strong><\/td><td class=\"has-text-align-left\" data-align=\"left\"><em>Aprobado:<\/em> Taller de herramientas inform\u00e1ticas<\/td><\/tr><tr><td class=\"has-text-align-left\" data-align=\"left\"><strong>Taller de lenguajes esc\u00e9nicos<\/strong><\/td><td class=\"has-text-align-left\" data-align=\"left\"><em>Aprobado:<\/em> 2 Talleres Expresivas<\/td><\/tr><tr><th class=\"has-text-align-left\" data-align=\"left\" rowspan=\"3\">Talleres tercera edad\/ Discapacidad<\/th><td class=\"has-text-align-left\" data-align=\"left\"><em>Aprobado:<\/em> 2 \u00c1rea Social<\/td><\/tr><tr><td class=\"has-text-align-left\" data-align=\"left\"><em>Aprobado:<\/em> 2 \u00c1rea Sujetos<\/td><\/tr><tr><td class=\"has-text-align-left\" data-align=\"left\"><em>Aprobado:<\/em> 2 \u00c1rea Recreativas<\/td><\/tr><tr><th class=\"has-text-align-left\" data-align=\"left\" rowspan=\"3\">Seminarios Turismo\/ Salud<\/th><td class=\"has-text-align-left\" data-align=\"left\"><em>Aprobado:<\/em> 2 \u00c1rea Social<\/td><\/tr><tr><td class=\"has-text-align-left\" data-align=\"left\"><em>Aprobado:<\/em> 2 \u00c1rea Sujetos<\/td><\/tr><tr><td class=\"has-text-align-left\" data-align=\"left\"><em>Aprobado:<\/em> 2 \u00c1rea Recreativas<\/td><\/tr><\/tbody><\/table><figcaption class=\"wp-element-caption\"><strong>Nota: Aprobado: <\/strong>materia promocionada durante la cursada (7 \u00f3 m\u00e1s)<br><strong>A final:<\/strong> materia no promocionada y en condici\u00f3n de rendir final (entre 4 y 6,99)<br><strong>Taller de herramientas inform\u00e1ticas: <\/strong>no posee ciclo definido, se puede cursar en 3\u00ba, 4\u00ba \u00f3 5\u00ba ciclo teniendo correlatividad en 6\u00ba.<\/figcaption><\/figure>\n","protected":false},"excerpt":{"rendered":"<p>Para cursar Debe tener 2\u00ba Ciclo Recreaci\u00f3n y Pedagog\u00eda Aprobado: Recreaci\u00f3n y Educaci\u00f3n Aprobado: Sujetos e identidades Taller de coordinaci\u00f3n de actividades l\u00fadicas Aprobado: Taller de experiencias l\u00fadicas y juegos Aprobado o final: Recreaci\u00f3n y Educaci\u00f3n Aprobado o final: Sujetos e identidades Historias y teor\u00edas del juego Aprobado o final: Historias y teor\u00edas del tiempo &#8230; <a title=\"Correlatividades\" class=\"read-more\" href=\"https:\/\/istlyr-caba.infd.edu.ar\/sitio\/correlatividades-2\/\" aria-label=\"More on Correlatividades\">[+]<\/a><\/p>\n","protected":false},"author":712,"featured_media":0,"parent":0,"menu_order":0,"comment_status":"closed","ping_status":"closed","template":"","meta":[],"acf":[],"_links":{"self":[{"href":"https:\/\/istlyr-caba.infd.edu.ar\/sitio\/wp-json\/wp\/v2\/pages\/6094"}],"collection":[{"href":"https:\/\/istlyr-caba.infd.edu.ar\/sitio\/wp-json\/wp\/v2\/pages"}],"about":[{"href":"https:\/\/istlyr-caba.infd.edu.ar\/sitio\/wp-json\/wp\/v2\/types\/page"}],"author":[{"embeddable":true,"href":"https:\/\/istlyr-caba.infd.edu.ar\/sitio\/wp-json\/wp\/v2\/users\/712"}],"replies":[{"embeddable":true,"href":"https:\/\/istlyr-caba.infd.edu.ar\/sitio\/wp-json\/wp\/v2\/comments?post=6094"}],"version-history":[{"count":12,"href":"https:\/\/istlyr-caba.infd.edu.ar\/sitio\/wp-json\/wp\/v2\/pages\/6094\/revisions"}],"predecessor-version":[{"id":6351,"href":"https:\/\/istlyr-caba.infd.edu.ar\/sitio\/wp-json\/wp\/v2\/pages\/6094\/revisions\/6351"}],"wp:attachment":[{"href":"https:\/\/istlyr-caba.infd.edu.ar\/sitio\/wp-json\/wp\/v2\/media?parent=6094"}],"curies":[{"name":"wp","href":"https:\/\/api.w.org\/{rel}","templated":true}]}}