{"id":5603,"date":"2023-08-31T22:20:57","date_gmt":"2023-09-01T01:20:57","guid":{"rendered":"https:\/\/istlyr-caba.infd.edu.ar\/sitio\/?page_id=5603"},"modified":"2024-09-13T15:45:03","modified_gmt":"2024-09-13T18:45:03","slug":"correlatividades","status":"publish","type":"page","link":"https:\/\/istlyr-caba.infd.edu.ar\/sitio\/correlatividades\/","title":{"rendered":"Correlatividades"},"content":{"rendered":"\n<figure class=\"wp-block-table is-style-regular has-small-font-size\"><table class=\"has-fixed-layout\"><thead><tr><th class=\"has-text-align-left\" data-align=\"left\">Materia a cursar<\/th><th class=\"has-text-align-left\" data-align=\"left\">Materias correlativas<\/th><th class=\"has-text-align-left\" data-align=\"left\">Condici\u00f3n de correlatividad<\/th><\/tr><\/thead><tbody><tr><td class=\"has-text-align-left\" data-align=\"left\"><strong>Pedagog\u00eda y educaci\u00f3n social I<\/strong><\/td><td class=\"has-text-align-left\" data-align=\"left\">Pedagog\u00eda<\/td><td class=\"has-text-align-left\" data-align=\"left\">Cursada aprobada pudiendo adeudar final<\/td><\/tr><tr><th class=\"has-text-align-left\" data-align=\"left\" rowspan=\"2\">Pedagog\u00eda y educaci\u00f3n social II<\/th><td class=\"has-text-align-left\" data-align=\"left\">Pedagog\u00eda<\/td><td class=\"has-text-align-left\" data-align=\"left\">Aprobada<\/td><\/tr><tr><td class=\"has-text-align-left\" data-align=\"left\">Pedagog\u00eda y educaci\u00f3n social I<\/td><td class=\"has-text-align-left\" data-align=\"left\">Cursada aprobada pudiendo adeudar final<\/td><\/tr><tr><td class=\"has-text-align-left\" data-align=\"left\"><strong>Taller de Arte y lenguajes expresivos<\/strong><\/td><td class=\"has-text-align-left\" data-align=\"left\">Taller de Arte Educaci\u00f3n y Sociedad<\/td><td class=\"has-text-align-left\" data-align=\"left\">Cursada aprobada pudiendo adeudar final<\/td><\/tr><tr><td class=\"has-text-align-left\" data-align=\"left\"><strong>Taller de Producci\u00f3n de materiales de comunicaci\u00f3n y educaci\u00f3n<\/strong><\/td><td class=\"has-text-align-left\" data-align=\"left\">Comunicaci\u00f3n, Tecnolog\u00eda y Educaci\u00f3n<\/td><td class=\"has-text-align-left\" data-align=\"left\">Cursada aprobada pudiendo adeudar final<\/td><\/tr><tr><td class=\"has-text-align-left\" data-align=\"left\"><strong>Dise\u00f1o y Gesti\u00f3n de Proyectos Socioeducativos<\/strong><\/td><th class=\"has-text-align-left\" data-align=\"left\" colspan=\"2\">Cursada en simult\u00e1neo o ya teniendo aprobada Pr\u00e1cticas Profesionales III<\/th><\/tr><tr><td class=\"has-text-align-left\" data-align=\"left\"><strong>Taller de Escritura y memoria profesional<\/strong><\/td><th class=\"has-text-align-left\" data-align=\"left\" colspan=\"2\">Cursada en simult\u00e1neo o ya teniendo aprobada Pr\u00e1cticas Profesionales III<\/th><\/tr><tr><th class=\"has-text-align-left\" data-align=\"left\" rowspan=\"5\">Pr\u00e1cticas Profesionales II<\/th><td class=\"has-text-align-left\" data-align=\"left\">Pr\u00e1cticas Profesionales I y Pedagog\u00eda<\/td><td class=\"has-text-align-left\" data-align=\"left\">Aprobada<\/td><\/tr><tr><td class=\"has-text-align-left\" data-align=\"left\">Psicolog\u00eda Social e Institucional<\/td><td class=\"has-text-align-left\" data-align=\"left\">Cursada aprobada pudiendo adeudar final. Aprobaci\u00f3n en Julio\/Agosto<\/td><\/tr><tr><td class=\"has-text-align-left\" data-align=\"left\">Pedagog\u00eda y Educaci\u00f3n Social I<\/td><td class=\"has-text-align-left\" data-align=\"left\">Se puede cursar en paralelo con PP II. Aprobaci\u00f3n en Julio\/Agosto<\/td><\/tr><tr><td class=\"has-text-align-left\" data-align=\"left\">Pol\u00edticas P\u00fablicas<\/td><td class=\"has-text-align-left\" data-align=\"left\">Se puede cursar en paralelo con PP II. Aprobaci\u00f3n en Julio\/Agosto<\/td><\/tr><tr><td class=\"has-text-align-left\" data-align=\"left\">Seminario de Coordinaci\u00f3n de Grupos<\/td><td class=\"has-text-align-left\" data-align=\"left\">Se puede cursar en paralelo con PP II. Aprobaci\u00f3n en Julio\/Agosto<\/td><\/tr><tr><th class=\"has-text-align-left\" data-align=\"left\" rowspan=\"7\">Pr\u00e1cticas Profesionales III<\/th><td class=\"has-text-align-left\" data-align=\"left\">Pr\u00e1cticas Profesionales II<\/td><td class=\"has-text-align-left\" data-align=\"left\">Aprobada<\/td><\/tr><tr><td class=\"has-text-align-left\" data-align=\"left\">Pedagog\u00eda y Educaci\u00f3n Social II<\/td><td class=\"has-text-align-left\" data-align=\"left\">Aprobada<\/td><\/tr><tr><td class=\"has-text-align-left\" data-align=\"left\">Sujetos y Aprendizajes<\/td><td class=\"has-text-align-left\" data-align=\"left\">Aprobada<\/td><\/tr><tr><td class=\"has-text-align-left\" data-align=\"left\">Sujetos e Identidades<\/td><td class=\"has-text-align-left\" data-align=\"left\">Aprobada<\/td><\/tr><tr><td class=\"has-text-align-left\" data-align=\"left\">Sujetos de la Educaci\u00f3n I y II<\/td><td class=\"has-text-align-left\" data-align=\"left\">Aprobada<\/td><\/tr><tr><td class=\"has-text-align-left\" data-align=\"left\">Taller de Investigaci\u00f3n Social y Educativa<\/td><td class=\"has-text-align-left\" data-align=\"left\">Cursada aprobada pudiendo adeudar final.<\/td><\/tr><tr><td class=\"has-text-align-left\" data-align=\"left\">Sociedad y Cultura<\/td><td class=\"has-text-align-left\" data-align=\"left\">Cursada aprobada pudiendo adeudar final.<\/td><\/tr><\/tbody><\/table><figcaption class=\"wp-element-caption\"><strong>Aprobada<\/strong> quiere decir que la materia se promocion\u00f3, o ya se aprob\u00f3 el final de la misma.<br><strong>Cursada aprobada<\/strong> quiere decir que se aprob\u00f3 la cursada de la materia, pero se puede adeudar el final.<\/figcaption><\/figure>\n","protected":false},"excerpt":{"rendered":"<p>Materia a cursar Materias correlativas Condici\u00f3n de correlatividad Pedagog\u00eda y educaci\u00f3n social I Pedagog\u00eda Cursada aprobada pudiendo adeudar final Pedagog\u00eda y educaci\u00f3n social II Pedagog\u00eda Aprobada Pedagog\u00eda y educaci\u00f3n social I Cursada aprobada pudiendo adeudar final Taller de Arte y lenguajes expresivos Taller de Arte Educaci\u00f3n y Sociedad Cursada aprobada pudiendo adeudar final Taller de &#8230; <a title=\"Correlatividades\" class=\"read-more\" href=\"https:\/\/istlyr-caba.infd.edu.ar\/sitio\/correlatividades\/\" aria-label=\"More on Correlatividades\">[+]<\/a><\/p>\n","protected":false},"author":716,"featured_media":0,"parent":0,"menu_order":0,"comment_status":"closed","ping_status":"closed","template":"","meta":[],"acf":[],"_links":{"self":[{"href":"https:\/\/istlyr-caba.infd.edu.ar\/sitio\/wp-json\/wp\/v2\/pages\/5603"}],"collection":[{"href":"https:\/\/istlyr-caba.infd.edu.ar\/sitio\/wp-json\/wp\/v2\/pages"}],"about":[{"href":"https:\/\/istlyr-caba.infd.edu.ar\/sitio\/wp-json\/wp\/v2\/types\/page"}],"author":[{"embeddable":true,"href":"https:\/\/istlyr-caba.infd.edu.ar\/sitio\/wp-json\/wp\/v2\/users\/716"}],"replies":[{"embeddable":true,"href":"https:\/\/istlyr-caba.infd.edu.ar\/sitio\/wp-json\/wp\/v2\/comments?post=5603"}],"version-history":[{"count":11,"href":"https:\/\/istlyr-caba.infd.edu.ar\/sitio\/wp-json\/wp\/v2\/pages\/5603\/revisions"}],"predecessor-version":[{"id":6334,"href":"https:\/\/istlyr-caba.infd.edu.ar\/sitio\/wp-json\/wp\/v2\/pages\/5603\/revisions\/6334"}],"wp:attachment":[{"href":"https:\/\/istlyr-caba.infd.edu.ar\/sitio\/wp-json\/wp\/v2\/media?parent=5603"}],"curies":[{"name":"wp","href":"https:\/\/api.w.org\/{rel}","templated":true}]}}