{"id":5458,"date":"2023-05-08T11:29:07","date_gmt":"2023-05-08T14:29:07","guid":{"rendered":"https:\/\/istlyr-caba.infd.edu.ar\/sitio\/?page_id=5458"},"modified":"2024-05-10T09:27:04","modified_gmt":"2024-05-10T12:27:04","slug":"elecciones-claustro-estudiantil-2024","status":"publish","type":"page","link":"https:\/\/istlyr-caba.infd.edu.ar\/sitio\/elecciones-claustro-estudiantil-2024\/","title":{"rendered":"Elecciones Claustro Estudiantil 2024"},"content":{"rendered":"\n<p><strong><strong>La Junta Electoral convoca a elecciones del Claustro de Estudiantes para conformar el Consejo Directivo.&nbsp;<\/strong><\/strong><\/p>\n\n\n\n<div style=\"height:30px\" aria-hidden=\"true\" class=\"wp-block-spacer\"><\/div>\n\n\n\n<p><em>Estimades estudiantes:<\/em><\/p>\n\n\n\n<p>El <strong>martes 14 de mayo<\/strong> se realizar\u00e1n las elecciones del claustro estudiantil para el Consejo Directivo.\u00a0<\/p>\n\n\n\n<p>Votan todes les estudiantes regulares, excepto les ingresantes de este primer cuatrimestre 2024.<\/p>\n\n\n\n<p><strong>La elecci\u00f3n se realizar\u00e1 de de 19 a 22 horas en planta baja del ISTLyR. Recuerden que necesitan DNI para votar.\u00a0<\/strong><\/p>\n\n\n\n<p>\u00a1Es muy importante tu participaci\u00f3n! Adem\u00e1s de ser parte de tu responsabilidad como estudiante del Nivel Superior, le otorga confianza y legitimidad a les compa\u00f1eres que se postularon para representar al estudiantado en el Consejo Directivo.<\/p>\n\n\n\n<p>\u00a1Te esperamos!\u00a0<br>Junta Electoral<\/p>\n\n\n\n<p>Correo de contacto:\u00a0<a rel=\"noreferrer noopener\" href=\"mailto:cynthiacolosanchez@gmail.com\" target=\"_blank\">cynthiacolosanchez@gmail.com<\/a>;\u00a0<a rel=\"noreferrer noopener\" href=\"mailto:quatrini.pablo@gmail.com\" target=\"_blank\">quatrini.pablo@gmail.com<\/a><\/p>\n\n\n\n<div style=\"height:30px\" aria-hidden=\"true\" class=\"wp-block-spacer\"><\/div>\n\n\n\n<hr class=\"wp-block-separator has-alpha-channel-opacity is-style-wide\"\/>\n\n\n\n<p><strong>Cronograma Electoral actualizadol (aprobado por el Consejo Directivo el 13\/03\/2024):&nbsp;<\/strong><\/p>\n\n\n\n<p><strong>13\/03<\/strong>: Presentaci\u00f3n de cronograma en CD \/ aprobaci\u00f3n<br><strong>09 al 19\/4<\/strong>: Convocatoria<br><strong>20 y 21\/04<\/strong>: Presentaci\u00f3n de candidates a la Junta a los correos electr\u00f3nicos:&nbsp;<a rel=\"noreferrer noopener\" href=\"mailto:cynthiacolosanchez@gmail.com\" target=\"_blank\">cynthiacolosanchez@gmail.com<\/a>;&nbsp;<a rel=\"noreferrer noopener\" href=\"mailto:quatrini.pablo@gmail.com\" target=\"_blank\">quatrini.pablo@gmail.com<\/a><br><strong>22 al 23\/04<\/strong>: Publicaci\u00f3n de n\u00f3mina de candidates<br><strong>24 al 26\/04<\/strong>: Presentaci\u00f3n de impugnaciones<br><strong>29 al 30\/04<\/strong>: Resoluci\u00f3n de impugnaciones. Las decisiones de la Junta son inapelables frente a posibles impugnaciones o reclamos o pedidos que se realicen<br><strong>2\/05<\/strong>: Oficializaci\u00f3n de candidates<br><strong>03 al 09\/05<\/strong>: Campa\u00f1a electoral<br><strong>10 al 13\/05<\/strong>: Veda electoral<br><strong>14\/05<\/strong>: Elecciones claustro estudiantil<br><strong>14\/05<\/strong>: Escrutinio provisional<br><strong>15\/05<\/strong>: Escrutinio definitivo<br><strong>15\/05<\/strong>: Comunicaci\u00f3n<\/p>\n\n\n\n<p>Agradecemos difusi\u00f3n.<\/p>\n\n\n\n<p><strong>Junta Electoral<\/strong><\/p>\n\n\n\n<hr class=\"wp-block-separator has-alpha-channel-opacity\"\/>\n\n\n\n<p><strong>N\u00f3mina de postulantes a Consejeres por parte del Claustro Estudiantil:<\/strong><\/p>\n\n\n\n<p>Leandro David Yusim<br>Bruno Lecce<br>Francisco Gradaschi<br>Juli\u00e1n Abecasis<br>Quimey Aluhe<br>Juli\u00e1n Oxman<br>Eloisa Mirelmann<\/p>\n\n\n\n<p><\/p>\n\n\n\n<hr class=\"wp-block-separator has-alpha-channel-opacity\"\/>\n\n\n\n<p><strong>2\/5\/2024<\/strong><\/p>\n\n\n\n<p>Estimades,<br>Les compartimos la OFICIALIZACI\u00d3N de la lista de postulantes a Consejeres por parte del Claustro Estudiantil:<\/p>\n\n\n\n<p>Leandro David Yusim<br>Bruno Lecce<br>Francisco Gradaschi<br>Juli\u00e1n Abecasis<br>Quimey Aluhe<br>Juli\u00e1n Oxman<br>Eloisa Mirelmann<\/p>\n\n\n\n<p>Recuerden que las elecciones se realizar\u00e1n el d\u00eda martes 14 de mayo.<\/p>\n\n\n\n<p>Atentamente,<br><strong>Junta Electoral<\/strong><\/p>\n","protected":false},"excerpt":{"rendered":"<p>La Junta Electoral convoca a elecciones del Claustro de Estudiantes para conformar el Consejo Directivo.&nbsp; Estimades estudiantes: El martes 14 de mayo se realizar\u00e1n las elecciones del claustro estudiantil para el Consejo Directivo.\u00a0 Votan todes les estudiantes regulares, excepto les ingresantes de este primer cuatrimestre 2024. La elecci\u00f3n se realizar\u00e1 de de 19 a 22 &#8230; <a title=\"Elecciones Claustro Estudiantil 2024\" class=\"read-more\" href=\"https:\/\/istlyr-caba.infd.edu.ar\/sitio\/elecciones-claustro-estudiantil-2024\/\" aria-label=\"More on Elecciones Claustro Estudiantil 2024\">[+]<\/a><\/p>\n","protected":false},"author":712,"featured_media":0,"parent":0,"menu_order":0,"comment_status":"closed","ping_status":"closed","template":"","meta":[],"acf":[],"_links":{"self":[{"href":"https:\/\/istlyr-caba.infd.edu.ar\/sitio\/wp-json\/wp\/v2\/pages\/5458"}],"collection":[{"href":"https:\/\/istlyr-caba.infd.edu.ar\/sitio\/wp-json\/wp\/v2\/pages"}],"about":[{"href":"https:\/\/istlyr-caba.infd.edu.ar\/sitio\/wp-json\/wp\/v2\/types\/page"}],"author":[{"embeddable":true,"href":"https:\/\/istlyr-caba.infd.edu.ar\/sitio\/wp-json\/wp\/v2\/users\/712"}],"replies":[{"embeddable":true,"href":"https:\/\/istlyr-caba.infd.edu.ar\/sitio\/wp-json\/wp\/v2\/comments?post=5458"}],"version-history":[{"count":13,"href":"https:\/\/istlyr-caba.infd.edu.ar\/sitio\/wp-json\/wp\/v2\/pages\/5458\/revisions"}],"predecessor-version":[{"id":5808,"href":"https:\/\/istlyr-caba.infd.edu.ar\/sitio\/wp-json\/wp\/v2\/pages\/5458\/revisions\/5808"}],"wp:attachment":[{"href":"https:\/\/istlyr-caba.infd.edu.ar\/sitio\/wp-json\/wp\/v2\/media?parent=5458"}],"curies":[{"name":"wp","href":"https:\/\/api.w.org\/{rel}","templated":true}]}}