{"id":5040,"date":"2022-09-01T12:14:10","date_gmt":"2022-09-01T15:14:10","guid":{"rendered":"https:\/\/istlyr-caba.infd.edu.ar\/sitio\/?page_id=5040"},"modified":"2023-04-12T10:03:48","modified_gmt":"2023-04-12T13:03:48","slug":"estudiantes","status":"publish","type":"page","link":"https:\/\/istlyr-caba.infd.edu.ar\/sitio\/estudiantes\/","title":{"rendered":"Estudiantes"},"content":{"rendered":"\n<p>Podes ver las aulas de cada materia que est\u00e9s cursando, seg\u00fan horarios, d\u00eda de la semana y carrera en <a href=\"https:\/\/istlyr-caba.infd.edu.ar\/sitio\/wp-content\/uploads\/2023\/04\/Di\u0301as-y-Aulas-1C-2023.xlsx-Hoja1.pdf\" target=\"_blank\" rel=\"noreferrer noopener\">este archivo.<\/a><\/p>\n\n\n\n<hr class=\"wp-block-separator has-alpha-channel-opacity\"\/>\n\n\n\n<p>En el <strong>aula BEDEL\u00cdA<\/strong> del <strong>campus virtual,<\/strong> encontrar\u00e1s la informaci\u00f3n necesaria acerca de los siguientes tr\u00e1mites:<\/p>\n\n\n\n<p>\u2022 Homologaci\u00f3n<br>\u2022 Tr\u00e1mite de t\u00edtulo<br>\u2022 Pedido de equivalencias<br>\u2022 Certificado de alumne regular<br>\u2022 Certificado de examen<br>\u2022 Alumnes extranjeres<br>\u2022 Inscripci\u00f3n a ex\u00e1menes<br>\u2022 Baja de materias<br>\u2022 Reclamos y solicitudes<\/p>\n\n\n\n<p>Pod\u00e9s comunicarte con Bedel\u00eda a <a href=\"mailto:bedeliaistlyr@gmail.com\" target=\"_blank\" rel=\"noreferrer noopener\">bedeliaistlyr@gmail.com<\/a><\/p>\n","protected":false},"excerpt":{"rendered":"<p>Podes ver las aulas de cada materia que est\u00e9s cursando, seg\u00fan horarios, d\u00eda de la semana y carrera en este archivo. En el aula BEDEL\u00cdA del campus virtual, encontrar\u00e1s la informaci\u00f3n necesaria acerca de los siguientes tr\u00e1mites: \u2022 Homologaci\u00f3n\u2022 Tr\u00e1mite de t\u00edtulo\u2022 Pedido de equivalencias\u2022 Certificado de alumne regular\u2022 Certificado de examen\u2022 Alumnes extranjeres\u2022 Inscripci\u00f3n &#8230; <a title=\"Estudiantes\" class=\"read-more\" href=\"https:\/\/istlyr-caba.infd.edu.ar\/sitio\/estudiantes\/\" aria-label=\"More on Estudiantes\">[+]<\/a><\/p>\n","protected":false},"author":716,"featured_media":0,"parent":0,"menu_order":0,"comment_status":"closed","ping_status":"closed","template":"","meta":[],"acf":[],"_links":{"self":[{"href":"https:\/\/istlyr-caba.infd.edu.ar\/sitio\/wp-json\/wp\/v2\/pages\/5040"}],"collection":[{"href":"https:\/\/istlyr-caba.infd.edu.ar\/sitio\/wp-json\/wp\/v2\/pages"}],"about":[{"href":"https:\/\/istlyr-caba.infd.edu.ar\/sitio\/wp-json\/wp\/v2\/types\/page"}],"author":[{"embeddable":true,"href":"https:\/\/istlyr-caba.infd.edu.ar\/sitio\/wp-json\/wp\/v2\/users\/716"}],"replies":[{"embeddable":true,"href":"https:\/\/istlyr-caba.infd.edu.ar\/sitio\/wp-json\/wp\/v2\/comments?post=5040"}],"version-history":[{"count":2,"href":"https:\/\/istlyr-caba.infd.edu.ar\/sitio\/wp-json\/wp\/v2\/pages\/5040\/revisions"}],"predecessor-version":[{"id":5400,"href":"https:\/\/istlyr-caba.infd.edu.ar\/sitio\/wp-json\/wp\/v2\/pages\/5040\/revisions\/5400"}],"wp:attachment":[{"href":"https:\/\/istlyr-caba.infd.edu.ar\/sitio\/wp-json\/wp\/v2\/media?parent=5040"}],"curies":[{"name":"wp","href":"https:\/\/api.w.org\/{rel}","templated":true}]}}