{"id":5017,"date":"2022-09-01T11:12:36","date_gmt":"2022-09-01T14:12:36","guid":{"rendered":"https:\/\/istlyr-caba.infd.edu.ar\/sitio\/?page_id=5017"},"modified":"2022-09-01T11:14:48","modified_gmt":"2022-09-01T14:14:48","slug":"revista-itinerarios-impresa","status":"publish","type":"page","link":"https:\/\/istlyr-caba.infd.edu.ar\/sitio\/revista-itinerarios-impresa\/","title":{"rendered":"Revista Itinerarios Impresa"},"content":{"rendered":"\n<p class=\"has-text-align-left\"><span style=\"font-family: helvetica;\"><strong>Revista Itinerarios en Educaci\u00f3n \/ Recreaci\u00f3n. A\u00f1o 1, N\u00famero 1, Primavera de 2009<\/strong><\/span><\/p>\n\n\n\n<p class=\"has-text-align-left\"><span style=\"font-family: helvetica;\"><a title=\"Revista Itinerarios en Educaci\u00f3n \/ Recreaci\u00f3n\" href=\"index.cgi?wid_item=56&amp;wid_seccion=10\">Itinerarios es una publicaci\u00f3n peri\u00f3dica que pretende socializar las producciones de los educadores, estudiantes y graduados de las Tecnicaturas del ISTLyR vinculadas a sus respectivos campos de desarrollo acad\u00e9mico y profesional. Pretende ser un aporte a la discusi\u00f3n pol\u00edtica y acad\u00e9mica en el territorio de la Ciudad de Buenos Aires. En este primer n\u00famero abordamos el eje Recreaci\u00f3n y Educaci\u00f3n, su historia, problemas y sentidos posibles.<\/a><\/span><\/p>\n\n\n\n<hr class=\"wp-block-separator is-style-wide\"\/>\n\n\n\n<p class=\"has-text-align-left\"><span style=\"font-family: helvetica;\"><strong>Revista Itinerarios en G\u00e9nero, Educaci\u00f3n y Recreaci\u00f3n. A\u00f1o 2, N\u00famero 2, Primavera de 2010<\/strong><\/span><br><span style=\"font-family: helvetica;\"><a title=\"Revista Itinerarios en G\u00e9nero, Educaci\u00f3n y Recreaci\u00f3n\" href=\"index.cgi?wid_item=57&amp;wid_seccion=10\">Las cuestiones de g\u00e9nero son un tema relevante en la agenda de las pol\u00edticas educativas y sociales de los \u00faltimos a\u00f1os. Se trata de un campo de problemas que desaf\u00eda a educadores de todos los niveles y contextos a volver a pensar las formas en que se constituyen subjetividades en los proyectos socioeducativos, dentro y fuera de la escuela. En este n\u00famero, diversos especialistas abordan algunas aristas del problema y se presentan experiencias pol\u00edticas y educativas de g\u00e9nero.<\/a><\/span><\/p>\n\n\n\n<hr class=\"wp-block-separator is-style-wide\"\/>\n\n\n\n<p class=\"has-text-align-left\"><span style=\"font-family: helvetica;\"><strong>Revista Itinerarios en Arte, Educaci\u00f3n y Espacio P\u00fablico. A\u00f1o 3, N\u00famero 3, Primavera de 2012<\/strong><\/span><br><span style=\"font-family: helvetica;\"><a title=\"Revista Itinerarios en Arte, Educaci\u00f3n y Espacio P\u00fablico\" href=\"index.cgi?wid_item=58&amp;wid_seccion=10\">Este n\u00famero de Itinerarios aborda diferentes lenguajes y pr\u00e1cticas est\u00e9ticas, incluso desafiando las concepciones usuales sobre el arte o la idea misma de disciplinas espec\u00edficas, y muestra espacios y sujetos diversos en plena acci\u00f3n art\u00edstica. El interrogante que los atraviesa es el lugar del arte en los procesos educativos cuando se pone en escena el espacio p\u00fablico, sea la escuela, el barrio o la ciudad.<\/a><\/span><\/p>\n","protected":false},"excerpt":{"rendered":"<p>Revista Itinerarios en Educaci\u00f3n \/ Recreaci\u00f3n. A\u00f1o 1, N\u00famero 1, Primavera de 2009 Itinerarios es una publicaci\u00f3n peri\u00f3dica que pretende socializar las producciones de los educadores, estudiantes y graduados de las Tecnicaturas del ISTLyR vinculadas a sus respectivos campos de desarrollo acad\u00e9mico y profesional. Pretende ser un aporte a la discusi\u00f3n pol\u00edtica y acad\u00e9mica en &#8230; <a title=\"Revista Itinerarios Impresa\" class=\"read-more\" href=\"https:\/\/istlyr-caba.infd.edu.ar\/sitio\/revista-itinerarios-impresa\/\" aria-label=\"More on Revista Itinerarios Impresa\">[+]<\/a><\/p>\n","protected":false},"author":4,"featured_media":0,"parent":0,"menu_order":0,"comment_status":"closed","ping_status":"closed","template":"","meta":[],"acf":[],"_links":{"self":[{"href":"https:\/\/istlyr-caba.infd.edu.ar\/sitio\/wp-json\/wp\/v2\/pages\/5017"}],"collection":[{"href":"https:\/\/istlyr-caba.infd.edu.ar\/sitio\/wp-json\/wp\/v2\/pages"}],"about":[{"href":"https:\/\/istlyr-caba.infd.edu.ar\/sitio\/wp-json\/wp\/v2\/types\/page"}],"author":[{"embeddable":true,"href":"https:\/\/istlyr-caba.infd.edu.ar\/sitio\/wp-json\/wp\/v2\/users\/4"}],"replies":[{"embeddable":true,"href":"https:\/\/istlyr-caba.infd.edu.ar\/sitio\/wp-json\/wp\/v2\/comments?post=5017"}],"version-history":[{"count":2,"href":"https:\/\/istlyr-caba.infd.edu.ar\/sitio\/wp-json\/wp\/v2\/pages\/5017\/revisions"}],"predecessor-version":[{"id":5020,"href":"https:\/\/istlyr-caba.infd.edu.ar\/sitio\/wp-json\/wp\/v2\/pages\/5017\/revisions\/5020"}],"wp:attachment":[{"href":"https:\/\/istlyr-caba.infd.edu.ar\/sitio\/wp-json\/wp\/v2\/media?parent=5017"}],"curies":[{"name":"wp","href":"https:\/\/api.w.org\/{rel}","templated":true}]}}