{"id":4109,"date":"2022-03-14T18:43:47","date_gmt":"2022-03-14T21:43:47","guid":{"rendered":"https:\/\/istlyr-caba.infd.edu.ar\/sitio\/?page_id=4109"},"modified":"2022-03-14T19:18:38","modified_gmt":"2022-03-14T22:18:38","slug":"elecciones-equipo-directivo-2022","status":"publish","type":"page","link":"https:\/\/istlyr-caba.infd.edu.ar\/sitio\/elecciones-equipo-directivo-2022\/","title":{"rendered":"Elecciones Equipo Directivo 2022"},"content":{"rendered":"\n<p>Este a\u00f1o, en el Instituto Superior de Tiempo Libre y Recreaci\u00f3n, se eligen autoridades: <strong>Rector o Rectora, Vicerrector o Vicerrectora y 2 Regentes<\/strong>. Las cuatro autoridades son elegidas por f\u00f3rmula o lista completa, por elecci\u00f3n directa y secreta de les miembres de los cuatro claustros* y por el sistema de voto ponderado. El voto es individual, secreto y obligatorio para estudiantes, docentes y no docentes. <\/p>\n\n\n\n<p>Las <strong>listas de candidates <\/strong>deben ser presentadas entre el 4 y el 5\/4 y deben estar avaladas por el 2% de les electores de, al menos, dos claustros. Ser\u00e1n numeradas por orden de presentaci\u00f3n. La publicidad electoral podr\u00e1 realizarse desde que se oficializan las listas hasta 36 horas antes del inicio de los comicios. <\/p>\n\n\n\n<p><strong>El 10\/5 cada elector o electora se presentar\u00e1 a votar en la mesa que le corresponde <\/strong>con su DNI, LE, LC o CI. Al finalizar el acto eleccionario, se realizar\u00e1 el recuento de los votos y se labrar\u00e1 un acta provisoria. La Junta Electoral recibir\u00e1 las actas y las urnas y realizar\u00e1 el escrutinio definitivo. Resultar\u00e1 electa la lista que obtenga la mayor\u00eda simple de los votos. <\/p>\n\n\n\n<hr class=\"wp-block-separator\"\/>\n\n\n\n<p><strong>Claustros<\/strong> <\/p>\n\n\n\n<p>*El <strong>claustro de docentes <\/strong>est\u00e1 formado por les profesores titulares, interines y suplentes, incluyendo a les que se encuentran en uso de licencia, que tengan una antig\u00fcedad m\u00ednima de 1 a\u00f1o en el ISTLyR a la fecha de cierre de los padrones. <\/p>\n\n\n\n<p>El <strong>claustro de graduades <\/strong>est\u00e1 formado por les graduades de las carreras que se dictan en el Instituto. <\/p>\n\n\n\n<p>El <strong>claustro de estudiantes <\/strong>se integra con les alumnes regulares del ISTLyR que hayan aprobado en el \u00faltimo a\u00f1o por lo menos una materia del Plan de Estudios. <\/p>\n\n\n\n<p>El <strong>claustro de personal<\/strong> no docente est\u00e1 formado por les empleades de la planta permanente  del Instituto, incluyendo al personal contratade. Deben contar con una antig\u00fcedad m\u00ednima de 1 a\u00f1o en el establecimiento. <\/p>\n\n\n\n<p><\/p>\n\n\n\n<p><\/p>\n","protected":false},"excerpt":{"rendered":"<p>Este a\u00f1o, en el Instituto Superior de Tiempo Libre y Recreaci\u00f3n, se eligen autoridades: Rector o Rectora, Vicerrector o Vicerrectora y 2 Regentes. Las cuatro autoridades son elegidas por f\u00f3rmula o lista completa, por elecci\u00f3n directa y secreta de les miembres de los cuatro claustros* y por el sistema de voto ponderado. El voto es &#8230; <a title=\"Elecciones Equipo Directivo 2022\" class=\"read-more\" href=\"https:\/\/istlyr-caba.infd.edu.ar\/sitio\/elecciones-equipo-directivo-2022\/\" aria-label=\"More on Elecciones Equipo Directivo 2022\">[+]<\/a><\/p>\n","protected":false},"author":766,"featured_media":0,"parent":0,"menu_order":0,"comment_status":"closed","ping_status":"closed","template":"","meta":[],"acf":[],"_links":{"self":[{"href":"https:\/\/istlyr-caba.infd.edu.ar\/sitio\/wp-json\/wp\/v2\/pages\/4109"}],"collection":[{"href":"https:\/\/istlyr-caba.infd.edu.ar\/sitio\/wp-json\/wp\/v2\/pages"}],"about":[{"href":"https:\/\/istlyr-caba.infd.edu.ar\/sitio\/wp-json\/wp\/v2\/types\/page"}],"author":[{"embeddable":true,"href":"https:\/\/istlyr-caba.infd.edu.ar\/sitio\/wp-json\/wp\/v2\/users\/766"}],"replies":[{"embeddable":true,"href":"https:\/\/istlyr-caba.infd.edu.ar\/sitio\/wp-json\/wp\/v2\/comments?post=4109"}],"version-history":[{"count":5,"href":"https:\/\/istlyr-caba.infd.edu.ar\/sitio\/wp-json\/wp\/v2\/pages\/4109\/revisions"}],"predecessor-version":[{"id":4116,"href":"https:\/\/istlyr-caba.infd.edu.ar\/sitio\/wp-json\/wp\/v2\/pages\/4109\/revisions\/4116"}],"wp:attachment":[{"href":"https:\/\/istlyr-caba.infd.edu.ar\/sitio\/wp-json\/wp\/v2\/media?parent=4109"}],"curies":[{"name":"wp","href":"https:\/\/api.w.org\/{rel}","templated":true}]}}