{"id":3735,"date":"2021-06-30T20:46:04","date_gmt":"2021-06-30T23:46:04","guid":{"rendered":"https:\/\/istlyr-caba.infd.edu.ar\/sitio\/?page_id=3735"},"modified":"2026-03-10T07:47:14","modified_gmt":"2026-03-10T10:47:14","slug":"charla-para-ingresantes","status":"publish","type":"page","link":"https:\/\/istlyr-caba.infd.edu.ar\/sitio\/charla-para-ingresantes\/","title":{"rendered":"Info para ingresantes"},"content":{"rendered":"<div class=\"wp-block-image\">\n<figure class=\"alignleft size-full\"><img decoding=\"async\" loading=\"lazy\" width=\"1080\" height=\"600\" src=\"https:\/\/istlyr-caba.infd.edu.ar\/sitio\/wp-content\/uploads\/2019\/04\/ingresantesDSCN0051.jpg\" alt=\"\" class=\"wp-image-2962\" srcset=\"https:\/\/istlyr-caba.infd.edu.ar\/sitio\/wp-content\/uploads\/2019\/04\/ingresantesDSCN0051.jpg 1080w, https:\/\/istlyr-caba.infd.edu.ar\/sitio\/wp-content\/uploads\/2019\/04\/ingresantesDSCN0051-1000x556.jpg 1000w, https:\/\/istlyr-caba.infd.edu.ar\/sitio\/wp-content\/uploads\/2019\/04\/ingresantesDSCN0051-768x427.jpg 768w\" sizes=\"(max-width: 1080px) 100vw, 1080px\" \/><figcaption class=\"wp-element-caption\"><strong>En este espacio encontrar\u00e1s informaci\u00f3n \u00fatil para inscribirte en alguna de las carreras del ISTLyR: <\/strong><br><strong>charlas informativas, modalidad de inscripci\u00f3n, requisitos, becas y jornadas para ingresantes.&nbsp;<\/strong><\/figcaption><\/figure><\/div>\n\n\n<div style=\"height:40px\" aria-hidden=\"true\" class=\"wp-block-spacer\"><\/div>\n\n\n\n<h2 class=\"wp-block-heading\"><strong>\u00bfC\u00f3mo me informo sobre el ISTLyR y sus carreras?&nbsp;<\/strong><\/h2>\n\n\n\n<div style=\"height:5px\" aria-hidden=\"true\" class=\"wp-block-spacer\"><\/div>\n\n\n\n<p><strong>Tenemos dos tipos de charlas informativas:&nbsp;<\/strong><\/p>\n\n\n\n<ul>\n<li><strong>Charlas informativas para escuelas<\/strong><\/li>\n<\/ul>\n\n\n\n<p>Si sos docente, parte del equipo pedag\u00f3gico o de orientaci\u00f3n o tutor, pod\u00e9s solicitar una charla para estudiantes del \u00faltimo a\u00f1o de la secundaria.<br>Contactate con Mariana Bernal, docente responsable de Extensi\u00f3n, Consultor\u00eda y Difusi\u00f3n, a&nbsp;<a rel=\"noreferrer noopener\" href=\"mailto:extensionistlyr@gmail.com\" target=\"_blank\">extensionistlyr@gmail.com<\/a><\/p>\n\n\n\n<div style=\"height:5px\" aria-hidden=\"true\" class=\"wp-block-spacer\"><\/div>\n\n\n\n<ul>\n<li><strong>Charlas informativas abiertas a la comunidad<\/strong><\/li>\n<\/ul>\n\n\n\n<p>A mitad y a fin de a\u00f1o docentes y graduades del ISTLyR ofrecemos charlas informativas orientadas a ingresantes sobre nuestras tres carreras. Las fechas las vas a ver publicadas en las redes sociales (Instagram y Facebook institucionales). Son presenciales y est\u00e1n abiertas a la comunidad en general. \u00a1Fijate en nuestras redes cu\u00e1les son las pr\u00f3ximas charlas!<\/p>\n\n\n\n<div style=\"height:20px\" aria-hidden=\"true\" class=\"wp-block-spacer\"><\/div>\n\n\n\n<h2 class=\"wp-block-heading\"><strong>\u00bfC\u00f3mo me inscribo?<\/strong><\/h2>\n\n\n\n<p>Las inscripciones son a trav\u00e9s del\u00a0<a href=\"https:\/\/guarani-autogestionagencia.bue.edu.ar\/preinscripcion\/DGAHPEF\/\" target=\"_blank\" rel=\"noreferrer noopener\"><strong>Sistema SIU Guaran\u00ed<\/strong>.\u00a0<\/a>Es una herramienta para sistematizar la gesti\u00f3n administrativa y acad\u00e9mica en los establecimientos educativos del Nivel Superior y para realizar las inscripciones a carreras, materias y ex\u00e1menes.<\/p>\n\n\n\n<p><strong>Hay dos per\u00edodos de inscripci\u00f3n:&nbsp;<\/strong><\/p>\n\n\n\n<p>1)&nbsp;A fin de a\u00f1o para empezar en marzo<br>2)&nbsp;Entre los meses de mayo y junio para el segundo cuatrimestre.<\/p>\n\n\n\n<p>Prest\u00e1 atenci\u00f3n a las fechas de apertura de las inscripciones siguiendo las redes institucionales o acerc\u00e1ndote al ISTLyR.<\/p>\n\n\n\n<div style=\"height:20px\" aria-hidden=\"true\" class=\"wp-block-spacer\"><\/div>\n\n\n\n<h2 class=\"wp-block-heading\"><strong>\u00bfCu\u00e1les son los requisitos para poder estudiar en el ISTLyR?<\/strong><\/h2>\n\n\n\n<p>Adem\u00e1s de inscribirte online a trav\u00e9s del SIU, tendr\u00e1s que completar unos M\u00f3dulos Autoasistidos que exige el Gobierno de la Ciudad de Buenos Aires &nbsp;para completar la inscripci\u00f3n. Estos m\u00f3dulos se realizan en el aula virtual. Es importante que los completes porque despu\u00e9s te sirven para dar los ex\u00e1menes obligatorios ya que te toman contenidos vistos en los m\u00f3dulos autoasistidos.&nbsp;<\/p>\n\n\n\n<div style=\"height:20px\" aria-hidden=\"true\" class=\"wp-block-spacer\"><\/div>\n\n\n\n<h2 class=\"wp-block-heading\"><strong>Jornadas de Bienvenida&nbsp;<\/strong><\/h2>\n\n\n\n<p>Antes de empezar las clases, compartimos&nbsp;<strong>Jornadas de Bienvenida para Ingresantes<\/strong>, destinadas a orientarte para que conozcas la propuesta educativa del ISTLyR, los espacios y \u00e1reas institucionales, las primeras materias a las que podr\u00e1s inscribirse, y para generar los primeros contactos y encuentros entre quienes formamos el ISTLyR. Los encuentros son de asistencia obligatoria.<\/p>\n\n\n\n<p><strong>Descarg\u00e1 los cuadernillos para ingresantes por carrera:<\/strong><\/p>\n\n\n\n<p><a rel=\"noreferrer noopener\" href=\"https:\/\/istlyr-caba.infd.edu.ar\/sitio\/wp-content\/uploads\/2023\/03\/ingresantes-tlyr.pdf\" target=\"_blank\">Tiempo Libre y Recreaci\u00f3n<\/a><br><a rel=\"noreferrer noopener\" href=\"https:\/\/istlyr-caba.infd.edu.ar\/sitio\/wp-content\/uploads\/2023\/03\/ingresantes-pyes.pdf\" target=\"_blank\">Pedagog\u00eda y Educaci\u00f3n Social<\/a><br><a rel=\"noreferrer noopener\" href=\"https:\/\/istlyr-caba.infd.edu.ar\/sitio\/wp-content\/uploads\/2023\/03\/ingresantes-comu_1_230314_152853.pdf\" target=\"_blank\">Comunicaci\u00f3n Social orientada al desarrollo social<\/a><\/p>\n\n\n\n<div style=\"height:20px\" aria-hidden=\"true\" class=\"wp-block-spacer\"><\/div>\n\n\n\n<h2 class=\"wp-block-heading\"><strong>B<\/strong>ecas<\/h2>\n\n\n\n<p>Si estudi\u00e1s en el ISTLyR y cumpl\u00eds los requisitos, pod\u00e9s solicitar una beca que te acompa\u00f1e econ\u00f3micamente para continuar estudiando y terminar la carrera que elijas.&nbsp;<\/p>\n\n\n\n<p>Ten\u00e9s dos tipos de becas: las Progresar, que otorga el Ministerio de Educaci\u00f3n de la Naci\u00f3n y paga ANSES, y las de Educaci\u00f3n Superior de la Ciudad para ingresantes.&nbsp;<\/p>\n\n\n\n<p>Conoc\u00e9 los requisitos y la modalidad de inscripci\u00f3n de las becas Progresar Nivel Superior en:<a href=\"https:\/\/www.argentina.gob.ar\/educacion\/progresar\/requisitos\/progresar-nivel-superior\" target=\"_blank\" rel=\"noreferrer noopener\">&nbsp;<\/a><a href=\"https:\/\/www.argentina.gob.ar\/educacion\/progresar\/requisitos\/progresar-nivel-superior\" target=\"_blank\" rel=\"noreferrer noopener\">https:\/\/www.argentina.gob.ar\/educacion\/progresar\/requisitos\/progresar-nivel-superior<\/a><\/p>\n\n\n\n<p>Las becas de Ciudad son \u00fanicamente para quienes hayan finalizado los estudios de Nivel Medio durante el ciclo lectivo anterior al momento de ingresar a la carrera con un promedio general de 7 puntos o m\u00e1s.<\/p>\n\n\n\n<p>Cualquier duda sobre las becas la pod\u00e9s consultar al \u00c1rea de Acompa\u00f1amiento Acad\u00e9mico y Bienestar Estudiantil del ISTLyR, escribiendo a&nbsp;<a rel=\"noreferrer noopener\" href=\"mailto:areabienestarestudiantil@gmail.com\" target=\"_blank\">areabienestarestudiantil@gmail.com<\/a><\/p>\n\n\n\n<hr class=\"wp-block-separator has-alpha-channel-opacity\"\/>\n\n\n<p><iframe loading=\"lazy\" title=\"YouTube video player\" src=\"https:\/\/www.youtube.com\/embed\/kW_t8j-nJtM\" width=\"560\" height=\"315\" frameborder=\"0\" allowfullscreen=\"allowfullscreen\"><\/iframe><\/p>","protected":false},"excerpt":{"rendered":"<p>\u00bfC\u00f3mo me informo sobre el ISTLyR y sus carreras?&nbsp; Tenemos dos tipos de charlas informativas:&nbsp; Si sos docente, parte del equipo pedag\u00f3gico o de orientaci\u00f3n o tutor, pod\u00e9s solicitar una charla para estudiantes del \u00faltimo a\u00f1o de la secundaria.Contactate con Mariana Bernal, docente responsable de Extensi\u00f3n, Consultor\u00eda y Difusi\u00f3n, a&nbsp;extensionistlyr@gmail.com A mitad y a fin &#8230; <a title=\"Info para ingresantes\" class=\"read-more\" href=\"https:\/\/istlyr-caba.infd.edu.ar\/sitio\/charla-para-ingresantes\/\" aria-label=\"More on Info para ingresantes\">[+]<\/a><\/p>\n","protected":false},"author":766,"featured_media":0,"parent":0,"menu_order":0,"comment_status":"closed","ping_status":"closed","template":"","meta":[],"acf":[],"_links":{"self":[{"href":"https:\/\/istlyr-caba.infd.edu.ar\/sitio\/wp-json\/wp\/v2\/pages\/3735"}],"collection":[{"href":"https:\/\/istlyr-caba.infd.edu.ar\/sitio\/wp-json\/wp\/v2\/pages"}],"about":[{"href":"https:\/\/istlyr-caba.infd.edu.ar\/sitio\/wp-json\/wp\/v2\/types\/page"}],"author":[{"embeddable":true,"href":"https:\/\/istlyr-caba.infd.edu.ar\/sitio\/wp-json\/wp\/v2\/users\/766"}],"replies":[{"embeddable":true,"href":"https:\/\/istlyr-caba.infd.edu.ar\/sitio\/wp-json\/wp\/v2\/comments?post=3735"}],"version-history":[{"count":19,"href":"https:\/\/istlyr-caba.infd.edu.ar\/sitio\/wp-json\/wp\/v2\/pages\/3735\/revisions"}],"predecessor-version":[{"id":7629,"href":"https:\/\/istlyr-caba.infd.edu.ar\/sitio\/wp-json\/wp\/v2\/pages\/3735\/revisions\/7629"}],"wp:attachment":[{"href":"https:\/\/istlyr-caba.infd.edu.ar\/sitio\/wp-json\/wp\/v2\/media?parent=3735"}],"curies":[{"name":"wp","href":"https:\/\/api.w.org\/{rel}","templated":true}]}}