{"id":1547,"date":"2018-07-03T13:12:18","date_gmt":"2018-07-03T16:12:18","guid":{"rendered":"https:\/\/istlyr-caba.infd.edu.ar\/sitio\/boletin-julio-2017\/"},"modified":"2019-04-10T17:16:09","modified_gmt":"2019-04-10T20:16:09","slug":"boletin-julio-2017","status":"publish","type":"page","link":"https:\/\/istlyr-caba.infd.edu.ar\/sitio\/boletin-julio-2017\/","title":{"rendered":"Bolet\u00edn Julio 2017"},"content":{"rendered":"<table id=\"templateHeader\" style=\"max-width: 600px;\" border=\"0\" cellspacing=\"0\" cellpadding=\"0\">\n<tbody>\n<tr>\n<td class=\"headerContainer\" valign=\"top\">\n<table class=\"mcnTextContentContainer\" style=\"max-width: 100%; min-width: 100%;\" border=\"0\" width=\"100%\" cellspacing=\"0\" cellpadding=\"0\" align=\"left\">\n<tbody>\n<tr>\n<td class=\"mcnTextContent\" style=\"padding: 0px 18px 9px; color: #333333;\" valign=\"top\">\n<h3><strong><span style=\"font-size: 24px;\">Presentaci\u00f3n del libro \u00abMiradas sobre Territorio, Comunicaci\u00f3n y Desarrollo Local\u00bb<\/span><\/strong><\/h3>\n<\/td>\n<\/tr>\n<\/tbody>\n<\/table>\n<table class=\"mcnImageCardBottomContent\" style=\"background-color: #ffffff;\" border=\"0\" width=\"100%\" cellspacing=\"0\" cellpadding=\"0\" align=\"left\">\n<tbody>\n<tr>\n<td class=\"mcnImageCardBottomImageContent\" style=\"padding: 18px 18px 0 18px;\" align=\"center\" valign=\"top\"><img decoding=\"async\" class=\"mcnImage\" style=\"max-width: 600px;\" src=\"https:\/\/gallery.mailchimp.com\/30d5a24b95dc1d5111a0768fd\/images\/1084667f-f315-42b9-b30f-ae428e81ac7f.jpg\" alt=\"\" width=\"528\" border=\"0\" \/><\/td>\n<\/tr>\n<tr>\n<td class=\"mcnTextContent\" style=\"padding: 9px 18px; color: #3f3f38; font-family: Georgia; font-size: 14px; font-style: normal; font-weight: normal; text-align: left;\" valign=\"top\" width=\"528\"><a href=\"index.cgi?wAccion=news&amp;wid_news=114&amp;wid_seccion=&amp;wid_item=\" target=\"_blank\" rel=\"noopener\">La primera publicaci\u00f3n de la Tecnicatura en Comunicaci\u00f3n, escrita por estudiantes y docentes de la carrera, se present\u00f3 el 8 de junio en el ISTLyR.<\/a><\/td>\n<\/tr>\n<\/tbody>\n<\/table>\n<\/td>\n<\/tr>\n<\/tbody>\n<tbody>\n<tr>\n<td class=\"bodyContainer\" valign=\"top\">\n<table class=\"mcnTextContentContainer\" style=\"max-width: 100%; min-width: 100%;\" border=\"0\" width=\"100%\" cellspacing=\"0\" cellpadding=\"0\" align=\"left\">\n<tbody>\n<tr>\n<td class=\"mcnTextContent\" style=\"padding: 0px 18px 9px; color: #333333;\" valign=\"top\"><span style=\"font-size: 24px;\"><strong>Presentaci\u00f3n del libro \u201cHuellas. Voces y trazos de nuestra memoria\u201d <\/strong><\/span><\/td>\n<\/tr>\n<\/tbody>\n<\/table>\n<table class=\"mcnImageCardBottomContent\" style=\"background-color: #ffffff;\" border=\"0\" width=\"100%\" cellspacing=\"0\" cellpadding=\"0\" align=\"right\">\n<tbody>\n<tr>\n<td class=\"mcnImageCardBottomImageContent\" style=\"padding: 18px 18px 0 18px;\" align=\"center\" valign=\"top\"><img decoding=\"async\" class=\"mcnImage\" style=\"max-width: 600px;\" src=\"https:\/\/gallery.mailchimp.com\/30d5a24b95dc1d5111a0768fd\/images\/9d63407f-387c-4180-a9fb-4f621a54b4bd.jpg\" alt=\"\" width=\"528\" border=\"0\" \/><\/td>\n<\/tr>\n<tr>\n<td class=\"mcnTextContent\" style=\"padding: 9px 18px; color: #ffffff; font-family: Georgia; font-size: 14px; font-style: normal; font-weight: normal; text-align: left;\" valign=\"top\" width=\"528\"><a href=\"index.cgi?wAccion=news&amp;wid_news=115&amp;wid_seccion=&amp;wid_item=\" target=\"_blank\" rel=\"noopener\">La actividad se realiz\u00f3 el 21 de junio en el ISTLyR. Fue coordinada por la profesora Agustina P\u00e9rez Rial, responsable del \u00c1rea de Extensi\u00f3n, Consultor\u00eda y Difusi\u00f3n; y organizada por la c\u00e1tedra de Pedagog\u00eda y Educaci\u00f3n Social I de PyES, a cargo de la profesora Ana Laura Garc\u00eda.<\/a><\/td>\n<\/tr>\n<\/tbody>\n<\/table>\n<table class=\"mcnTextContentContainer\" style=\"max-width: 290px;\" border=\"0\" width=\"100%\" cellspacing=\"0\" cellpadding=\"0\" align=\"left\">\n<tbody>\n<tr>\n<td class=\"mcnTextContent\" style=\"padding: 0px 18px 9px; font-family: 'Trebuchet MS', 'Lucida Grande', 'Lucida Sans Unicode', 'Lucida Sans', Tahoma, sans-serif; font-size: 12px; line-height: 150%;\" valign=\"top\"><strong>Feria de Proyectos de Recreaci\u00f3n<\/strong><br \/>\n<img decoding=\"async\" loading=\"lazy\" style=\"border: 0px initial; width: 260px; height: 200px; margin: 10px 0px;\" src=\"https:\/\/gallery.mailchimp.com\/30d5a24b95dc1d5111a0768fd\/images\/91ed577a-6485-44a0-9ab9-7bfa19d2cb59.jpg\" width=\"260\" height=\"200\" align=\"none\" border=\"0\" data-file-id=\"2330865\" \/><br \/>\n<a href=\"index.cgi?wAccion=news&amp;wid_news=116&amp;wid_seccion=&amp;wid_item=\" target=\"_blank\" rel=\"noopener\">Se llev\u00f3 a cabo el 28 de junio en el marco del <em>Taller de Dise\u00f1o Integral de Proyectos de Recreaci\u00f3n,<\/em> a cargo de la profesora Patricia Lizarraga y lxs ayudantes Brenda Bottini, Martina Gentile y Mart\u00edn Colombo.<\/a><\/p>\n<hr \/>\n<p><strong>Estudiantes del ISTLyR en la fogata de San Juan<\/strong><br \/>\n<img decoding=\"async\" loading=\"lazy\" style=\"border: 0px; width: 260px; height: 200px; margin: 10px 0px;\" src=\"https:\/\/gallery.mailchimp.com\/30d5a24b95dc1d5111a0768fd\/images\/ffd58359-7360-4e90-a940-76343b0b840e.jpg\" width=\"260\" height=\"200\" align=\"none\" border=\"0\" data-file-id=\"2330861\" \/><br \/>\n<a href=\"index.cgi?wAccion=news&amp;wid_news=117&amp;wid_seccion=&amp;wid_item=\" target=\"_blank\" rel=\"noopener\">El 24 de junio, bajo el lema <em>\u201ca\u00fan ante todo lo que sucede, todav\u00eda todos podemos transformar la realidad\u201d, <\/em>estudiantes del <em>Taller de Coordinaci\u00f3n de Espacios y Proyectos en Recreaci\u00f3n<\/em> a cargo de la profesora Anabella Larocca, realizaron una intervenci\u00f3n en la Fogata de San Juan del Bajo Flores.<\/a><\/p>\n<hr \/>\n<p><strong>Estudiantes de Comunicaci\u00f3n se sumaron a la campa\u00f1a de sensibilizaci\u00f3n p\u00fablica \u201cAcompa\u00f1e, no Castigue\u201d<\/strong><br \/>\n<img decoding=\"async\" loading=\"lazy\" style=\"border: 0px initial; width: 260px; height: 200px; margin: 10px 0px;\" src=\"https:\/\/gallery.mailchimp.com\/30d5a24b95dc1d5111a0768fd\/images\/71182899-7f5f-4cd8-94ad-5df7b9d425d2.jpg\" width=\"260\" height=\"200\" border=\"0\" data-file-id=\"2330869\" \/><br \/>\n<a href=\"index.cgi?wAccion=news&amp;wid_news=121&amp;wid_seccion=&amp;wid_item=\" target=\"_blank\" rel=\"noopener\">La actividad fue organizada por el \u00c1rea de Pr\u00e1cticas Especiales, coordinada por el Profesor Ramiro Coelho, y consisti\u00f3 en la producci\u00f3n de videos en apoyo a la Campa\u00f1a Global #SupportDontPunish liderada en Argentina por la Asociaci\u00f3n Civil Intercambios.<\/a><\/p>\n<hr \/>\n<p><strong>Expo Mitos &#8211; Expojuego 2017<\/strong><\/p>\n<p>Desde el <em>Taller de Experiencias L\u00fadicas y Juego<\/em> a cargo de los Profesores Guillermo Casta\u00f1eda y Jimena Gonz\u00e1lez Alsina, nos invitaron a reencontrarnos con nuestro ADN l\u00fadico para desmitificar que el juego es s\u00f3lo para ni\u00f1os. El 12 de junio pasado nos \u201carrimamos al fueguito del ISTLyR\u201d.<\/p>\n<hr \/>\n<p><strong>Intervenci\u00f3n en Parque Los Andes<\/strong><br \/>\n<img decoding=\"async\" loading=\"lazy\" style=\"border: 0px initial; width: 260px; height: 200px; margin: 10px 0px;\" src=\"https:\/\/gallery.mailchimp.com\/30d5a24b95dc1d5111a0768fd\/images\/2cee644c-9fde-4875-b28b-f54cac84dcdb.jpg\" width=\"260\" height=\"200\" border=\"0\" data-file-id=\"2330873\" \/><br \/>\n<a href=\"index.cgi?wAccion=news&amp;wid_news=119&amp;wid_seccion=&amp;wid_item=\" target=\"_blank\" rel=\"noopener\">El domingo 4 de junio, estudiantes del <em>Taller de Coordinaci\u00f3n de Espacios y Proyectos en Recreaci\u00f3n,<\/em> a cargo de la profesora Gladys Casta\u00f1eda, llevaron al lugar una propuesta de juegos para la familia y llenaron la plaza de color.<\/a><\/td>\n<\/tr>\n<\/tbody>\n<\/table>\n<table class=\"mcnTextContentContainer\" style=\"max-width: 290px;\" border=\"0\" width=\"100%\" cellspacing=\"0\" cellpadding=\"0\" align=\"left\">\n<tbody>\n<tr>\n<td class=\"mcnTextContent\" style=\"padding: 0px 18px 9px; font-family: 'Trebuchet MS', 'Lucida Grande', 'Lucida Sans Unicode', 'Lucida Sans', Tahoma, sans-serif; font-size: 12px; line-height: 150%;\" valign=\"top\"><strong>Encuentro con S\u00e9rgio Guimar\u00e3es en el ISTLyR<\/strong><br \/>\n<img decoding=\"async\" loading=\"lazy\" style=\"border: 0px initial; width: 260px; height: 200px; margin: 10px 0px;\" src=\"https:\/\/gallery.mailchimp.com\/30d5a24b95dc1d5111a0768fd\/images\/f9b6cf44-0809-44b8-a8e4-811ac3d39a65.jpg\" width=\"260\" height=\"200\" border=\"0\" data-file-id=\"2330877\" \/><br \/>\n<a href=\"index.cgi?wAccion=news&amp;wid_news=122&amp;wid_seccion=&amp;wid_item=\" target=\"_blank\" rel=\"noopener\">El 23 de junio, estudiantes de la c\u00e1tedra <em>Recreaci\u00f3n y Educaci\u00f3n de TLyR,<\/em> a cargo de la profesora Ariana Bastos, compartieron una clase especial sobre Paulo Freire a partir de la t\u00e9cnica del psicodrama. \u00a0<\/a><\/p>\n<hr \/>\n<p><strong>Juegos y tecnolog\u00edas: Juli\u00e1n Koop en el ISTLyR<\/strong><\/p>\n<p>El 21 de junio Juli\u00e1n Koop visit\u00f3 el Instituto invitado por la c\u00e1tedra <em>Historias y Teor\u00edas del Juego,<\/em> a cargo de Jazm\u00edn Leale y Ramiro Gonz\u00e1lez Ga\u00ednza para conversar acerca de su especialidad: los juegos y las tecnolog\u00edas. A\u00fan resuenan los di\u00e1logos y seguimos copensando.<\/p>\n<hr \/>\n<p><strong>Curso de financiamiento: Medios \u2013 Productoras \u2013 Proyectos Culturales. Caminos para desarrollar proyectos laborales<\/strong><br \/>\n<img decoding=\"async\" loading=\"lazy\" style=\"border: 0px initial; width: 260px; height: 200px; margin: 10px 0px;\" src=\"https:\/\/gallery.mailchimp.com\/30d5a24b95dc1d5111a0768fd\/images\/5b3f4434-a11c-4903-8136-8d2b4b46eec4.jpg\" width=\"260\" height=\"200\" border=\"0\" data-file-id=\"2330881\" \/><br \/>\n<a href=\"index.cgi?wAccion=news&amp;wid_news=118&amp;wid_seccion=&amp;wid_item=\" target=\"_blank\" rel=\"noopener\">Se llev\u00f3 a cabo durante el mes de junio, organizado por el <em>Seminario de Especializaci\u00f3n<\/em> dictado Pascual Calicchio, con la colaboraci\u00f3n del Mariano Carril, ambos docentes de la Tecnicatura en Comunicaci\u00f3n Social; y el \u00c1rea de Extensi\u00f3n del ISTLyR a cargo de la profesora Agustina P\u00e9rez Rial. Hubo m\u00e1s de 40 inscriptos entre alumnos, graduados, periodistas y p\u00fablico en general.<\/a><\/p>\n<hr \/>\n<p><strong>\u00a1El arte se la juega! Semana de las Expresivas 2017<\/strong><br \/>\n<img decoding=\"async\" loading=\"lazy\" style=\"border: 0px initial; width: 260px; height: 200px; margin: 10px 0px;\" src=\"https:\/\/gallery.mailchimp.com\/30d5a24b95dc1d5111a0768fd\/images\/7a0ba8d0-34cc-4cc4-ac36-8472bb728398.jpg\" width=\"260\" height=\"200\" border=\"0\" data-file-id=\"2330885\" \/><br \/>\n<a href=\"index.cgi?wAccion=news&amp;wid_news=120&amp;wid_seccion=&amp;wid_item=\" target=\"_blank\" rel=\"noopener\">Entre el 29 de mayo y el 2 de junio se desarrollaron actividades, intervenciones y propuestas, organizadas desde el \u00c1rea Artes, Expresi\u00f3n y Lenguajes de la Tecnicatura en Recreaci\u00f3n, a cargo del profesor Juan Pablo Mart\u00ednez Rabal.<\/a><\/p>\n<hr \/>\n<p><strong>Juegos, juguetes e infancias. Di\u00e1logos audaces con Daniela Pelegrinelli<\/strong><\/p>\n<p>La actividad se desarroll\u00f3 el 31 de mayo y fue organizada por la c\u00e1tedra <em>Historias y Teor\u00edas del Juego<\/em> de la Tecnicatura en Recreaci\u00f3n, a cargo de Jazm\u00edn Leale y Ramiro Gonz\u00e1lez Ga\u00ednza. Participaron estudiantes, docentes y graduados, que se reunieron en el SUM del ISTLyR para escuchar a Daniela Pelegrinelli, ex docente de la casa y una de las especialistas m\u00e1s importantes del pa\u00eds en la tem\u00e1tica.<\/td>\n<\/tr>\n<\/tbody>\n<\/table>\n<table class=\"mcnDividerContent\" style=\"min-width: 100%; border-top-width: 2px; border-top-style: solid; border-top-color: #B983A1;\" border=\"0\" width=\"100%\" cellspacing=\"0\" cellpadding=\"0\">\n<tbody>\n<tr>\n<td><\/td>\n<\/tr>\n<\/tbody>\n<\/table>\n<table class=\"mcnTextContentContainer\" style=\"max-width: 380px;\" border=\"0\" width=\"100%\" cellspacing=\"0\" cellpadding=\"0\" align=\"left\">\n<tbody>\n<tr>\n<td class=\"mcnTextContent\" style=\"padding: 0px 18px 9px; font-family: 'Trebuchet MS', 'Lucida Grande', 'Lucida Sans Unicode', 'Lucida Sans', Tahoma, sans-serif; font-size: 13px; font-weight: normal; line-height: 125%;\" valign=\"top\"><span style=\"color: #ffffff;\"><span style=\"background-color: #b983a1;\"><strong>\u00a0Pr\u00f3ximas actividades<\/strong>\u00a0<\/span><\/span><br \/>\n<span style=\"font-family: arial, helvetica, sans-serif; font-size: 12pt;\"><br \/>\n<strong>15\u00b0 Jornadas de Tiempo Libre y Recreaci\u00f3n y Pre-Congreso Internacional de Recreaci\u00f3n y Tiempo Libre 2018: \u201cTerritorio, Comunicaci\u00f3n y V\u00ednculos. Potenciando Redes desde la Recreaci\u00f3n\u201d<\/strong><\/span><br \/>\n<img decoding=\"async\" loading=\"lazy\" style=\"border: 0px initial; width: 350px; height: 226px; margin: 10px 0px;\" src=\"https:\/\/gallery.mailchimp.com\/30d5a24b95dc1d5111a0768fd\/images\/4764abaf-cbd0-4981-9683-2d9e9a7a6b4b.jpg\" width=\"350\" height=\"226\" border=\"0\" data-file-id=\"2330889\" \/>18 al 21 de agosto<br \/>\nContacto: <a href=\"mailto:academicas.jornadas@gmail.com\" target=\"_blank\" rel=\"noopener\">academicas.jornadas@gmail.com<\/a><br \/>\nM\u00e1s informaci\u00f3n haciendo <a href=\"http:\/\/jornadasderecreacion.blogspot.com.ar\/\" target=\"_blank\" rel=\"noopener\">clic aqu\u00ed<\/a><\/td>\n<\/tr>\n<\/tbody>\n<\/table>\n<table class=\"mcnTextContentContainer\" style=\"max-width: 200px;\" border=\"0\" width=\"100%\" cellspacing=\"0\" cellpadding=\"0\" align=\"left\">\n<tbody>\n<tr>\n<td class=\"mcnTextContent\" style=\"padding: 0px 18px 9px; font-family: 'Trebuchet MS', 'Lucida Grande', 'Lucida Sans Unicode', 'Lucida Sans', Tahoma, sans-serif; font-size: 13px; font-weight: normal; line-height: 125%;\" valign=\"top\"><span style=\"color: #ffffff;\"><span style=\"background-color: #b983a1;\"><strong>\u00a0Novedades<\/strong>\u00a0<\/span><\/span><br \/>\n<strong><span style=\"background-color: #afeeee;\"><br \/>\nEl ISTLyR en INSTAGRAM<\/span><\/strong><br \/>\nBuscanos como <a href=\"https:\/\/www.instagram.com\/istlyrcomunicacion\/\" target=\"_blank\" rel=\"noopener\">@istlyrcomunicacion<\/a> y seguinos, comentanos y megusteanos!<\/p>\n<p><strong><span style=\"background-color: #afeeee;\">Psicosociolog\u00eda del tiempo libre de Frederic Munn\u00e9, 37 a\u00f1os despu\u00e9s <\/span><\/strong><br \/>\nLa reedici\u00f3n del libro fue organizada por el equipo de la c\u00e1tedra <em>Historias y Teor\u00edas del Tiempo Libre y la Recreaci\u00f3n<\/em> de la Tecnicatura en Recreaci\u00f3n, a cargo de Maia Moreira, Pedro Di Fabio Rocca y Ramiro Gonzalez Ga\u00ednza. Se hab\u00eda agotado pero ya se encuentra nuevamente a la venta en la Biblioteca del Instituto, al precio de costo, $100.-<\/p>\n<p><strong><span style=\"background-color: #afeeee;\">JUNIO ARDE ROJO &#8211; PASION PIQUETERA \/ 15 a\u00f1os \u2013 Estaci\u00f3n Dar\u00edo y Maxi <\/span><\/strong><br \/>\n<strong>Del 16 de junio al 22 de julio en el Espacio Bar La Tribu, Lambar\u00e9 873, CABA<\/strong><br \/>\nCuradur\u00eda: Natalia Revale (docente del ISTLyR), Ayel\u00e9n Rodriguez y Javier del Olmo.<br \/>\nDise\u00f1o gr\u00e1fico: Estudio dosR\u00edos [dis&amp;com] (Florencia Croccia, dise\u00f1adora gr\u00e1fica del ISTLyR, y Gast\u00f3n Mato.<\/td>\n<\/tr>\n<\/tbody>\n<\/table>\n<\/td>\n<\/tr>\n<\/tbody>\n<\/table>\n","protected":false},"excerpt":{"rendered":"<p>Presentaci\u00f3n del libro \u00abMiradas sobre Territorio, Comunicaci\u00f3n y Desarrollo Local\u00bb La primera publicaci\u00f3n de la Tecnicatura en Comunicaci\u00f3n, escrita por estudiantes y docentes de la carrera, se present\u00f3 el 8 de junio en el ISTLyR. Presentaci\u00f3n del libro \u201cHuellas. Voces y trazos de nuestra memoria\u201d La actividad se realiz\u00f3 el 21 de junio en el &#8230; <a title=\"Bolet\u00edn Julio 2017\" class=\"read-more\" href=\"https:\/\/istlyr-caba.infd.edu.ar\/sitio\/boletin-julio-2017\/\" aria-label=\"More on Bolet\u00edn Julio 2017\">[+]<\/a><\/p>\n","protected":false},"author":19,"featured_media":0,"parent":0,"menu_order":0,"comment_status":"closed","ping_status":"closed","template":"","meta":[],"acf":[],"_links":{"self":[{"href":"https:\/\/istlyr-caba.infd.edu.ar\/sitio\/wp-json\/wp\/v2\/pages\/1547"}],"collection":[{"href":"https:\/\/istlyr-caba.infd.edu.ar\/sitio\/wp-json\/wp\/v2\/pages"}],"about":[{"href":"https:\/\/istlyr-caba.infd.edu.ar\/sitio\/wp-json\/wp\/v2\/types\/page"}],"author":[{"embeddable":true,"href":"https:\/\/istlyr-caba.infd.edu.ar\/sitio\/wp-json\/wp\/v2\/users\/19"}],"replies":[{"embeddable":true,"href":"https:\/\/istlyr-caba.infd.edu.ar\/sitio\/wp-json\/wp\/v2\/comments?post=1547"}],"version-history":[{"count":11,"href":"https:\/\/istlyr-caba.infd.edu.ar\/sitio\/wp-json\/wp\/v2\/pages\/1547\/revisions"}],"predecessor-version":[{"id":3045,"href":"https:\/\/istlyr-caba.infd.edu.ar\/sitio\/wp-json\/wp\/v2\/pages\/1547\/revisions\/3045"}],"wp:attachment":[{"href":"https:\/\/istlyr-caba.infd.edu.ar\/sitio\/wp-json\/wp\/v2\/media?parent=1547"}],"curies":[{"name":"wp","href":"https:\/\/api.w.org\/{rel}","templated":true}]}}