{"id":1543,"date":"2018-07-03T13:12:16","date_gmt":"2018-07-03T16:12:16","guid":{"rendered":"https:\/\/istlyr-caba.infd.edu.ar\/sitio\/ciclos-de-complementacion-3\/"},"modified":"2024-03-01T20:49:23","modified_gmt":"2024-03-01T23:49:23","slug":"ciclos-de-complementacion-3","status":"publish","type":"page","link":"https:\/\/istlyr-caba.infd.edu.ar\/sitio\/ciclos-de-complementacion-3\/","title":{"rendered":"Ciclos de complementaci\u00f3n"},"content":{"rendered":"\n<p>Los egresados de la <strong>Tecnicatura Superior en Comunicaci\u00f3n Social<\/strong>&nbsp;tienen la posibilidad de continuar sus estudios en diversas Universidades Nacionales:<\/p>\n\n\n\n<p>Licenciatura en Comunicaci\u00f3n Social en la <a rel=\"noopener\" href=\"http:\/\/www.unq.edu.ar\/\" target=\"_blank\">Universidad Nacional de Quilmes &#8211; UNQUI<\/a><br> Licenciatura en Ense\u00f1anza de las Artes Audiovisuales en la <a rel=\"noopener\" href=\"http:\/\/www.unsam.edu.ar\/\" target=\"_blank\">Universidad Nacional de San Mart\u00edn &#8211; UNSAM<\/a><br> Licenciatura en Periodismo en la <a rel=\"noopener\" href=\"http:\/\/www.undav.edu.ar\/\" target=\"_blank\">Universidad Nacional de Avellaneda &#8211; UNDAV<\/a><\/p>\n\n\n\n<p><strong><br>\nCiclo de Complementaci\u00f3n \/ Formaci\u00f3n Docente<\/strong><\/p>\n\n\n\n<p>Los <strong>egresados de las tres carreras<\/strong> tienen la posibilidad de realizar un Ciclo de Formaci\u00f3n Pedag\u00f3gica para desempe\u00f1arse en los Niveles Primario y Secundario. Pueden realizarlo en el&nbsp;<a href=\"http:\/\/juanbjusto.buenosaires.edu.ar\/institucional.html\" target=\"_blank\" rel=\"noopener\">\u200bInstituto de Educaci\u00f3n Superior Juan B. Justo<\/a>&nbsp;y en otras instituciones de la Ciudad y la Provincia de Buenos Aires.<\/p>\n","protected":false},"excerpt":{"rendered":"<p>Los egresados de la Tecnicatura Superior en Comunicaci\u00f3n Social&nbsp;tienen la posibilidad de continuar sus estudios en diversas Universidades Nacionales: Licenciatura en Comunicaci\u00f3n Social en la Universidad Nacional de Quilmes &#8211; UNQUI Licenciatura en Ense\u00f1anza de las Artes Audiovisuales en la Universidad Nacional de San Mart\u00edn &#8211; UNSAM Licenciatura en Periodismo en la Universidad Nacional de &#8230; <a title=\"Ciclos de complementaci\u00f3n\" class=\"read-more\" href=\"https:\/\/istlyr-caba.infd.edu.ar\/sitio\/ciclos-de-complementacion-3\/\" aria-label=\"More on Ciclos de complementaci\u00f3n\">[+]<\/a><\/p>\n","protected":false},"author":19,"featured_media":0,"parent":0,"menu_order":0,"comment_status":"closed","ping_status":"closed","template":"","meta":[],"acf":[],"_links":{"self":[{"href":"https:\/\/istlyr-caba.infd.edu.ar\/sitio\/wp-json\/wp\/v2\/pages\/1543"}],"collection":[{"href":"https:\/\/istlyr-caba.infd.edu.ar\/sitio\/wp-json\/wp\/v2\/pages"}],"about":[{"href":"https:\/\/istlyr-caba.infd.edu.ar\/sitio\/wp-json\/wp\/v2\/types\/page"}],"author":[{"embeddable":true,"href":"https:\/\/istlyr-caba.infd.edu.ar\/sitio\/wp-json\/wp\/v2\/users\/19"}],"replies":[{"embeddable":true,"href":"https:\/\/istlyr-caba.infd.edu.ar\/sitio\/wp-json\/wp\/v2\/comments?post=1543"}],"version-history":[{"count":3,"href":"https:\/\/istlyr-caba.infd.edu.ar\/sitio\/wp-json\/wp\/v2\/pages\/1543\/revisions"}],"predecessor-version":[{"id":5779,"href":"https:\/\/istlyr-caba.infd.edu.ar\/sitio\/wp-json\/wp\/v2\/pages\/1543\/revisions\/5779"}],"wp:attachment":[{"href":"https:\/\/istlyr-caba.infd.edu.ar\/sitio\/wp-json\/wp\/v2\/media?parent=1543"}],"curies":[{"name":"wp","href":"https:\/\/api.w.org\/{rel}","templated":true}]}}