{"id":1541,"date":"2018-07-03T13:12:16","date_gmt":"2018-07-03T16:12:16","guid":{"rendered":"https:\/\/istlyr-caba.infd.edu.ar\/sitio\/incumbencias-profesionales-2\/"},"modified":"2024-09-18T18:16:22","modified_gmt":"2024-09-18T21:16:22","slug":"incumbencias-profesionales-2","status":"publish","type":"page","link":"https:\/\/istlyr-caba.infd.edu.ar\/sitio\/incumbencias-profesionales-2\/","title":{"rendered":"Incumbencias Profesionales"},"content":{"rendered":"\n<div style=\"height:40px\" aria-hidden=\"true\" class=\"wp-block-spacer\"><\/div>\n\n\n<p><a href=\"https:\/\/istlyr-caba.infd.edu.ar\/sitio\/wp-content\/uploads\/2018\/09\/Tecnico-Superior-en-Pedagogia-y-Educacion-Social.pdf\">Ver listado de incumbencias profesionales de T\u00e9cnico Superior en Pedagog\u00eda y Educaci\u00f3n Social.<\/a><\/p>\n<p>\u00a0<\/p>\n<p>\u00a0<\/p>","protected":false},"excerpt":{"rendered":"<p>Ver listado de incumbencias profesionales de T\u00e9cnico Superior en Pedagog\u00eda y Educaci\u00f3n Social. \u00a0 \u00a0<\/p>\n","protected":false},"author":19,"featured_media":0,"parent":0,"menu_order":0,"comment_status":"closed","ping_status":"closed","template":"","meta":[],"acf":[],"_links":{"self":[{"href":"https:\/\/istlyr-caba.infd.edu.ar\/sitio\/wp-json\/wp\/v2\/pages\/1541"}],"collection":[{"href":"https:\/\/istlyr-caba.infd.edu.ar\/sitio\/wp-json\/wp\/v2\/pages"}],"about":[{"href":"https:\/\/istlyr-caba.infd.edu.ar\/sitio\/wp-json\/wp\/v2\/types\/page"}],"author":[{"embeddable":true,"href":"https:\/\/istlyr-caba.infd.edu.ar\/sitio\/wp-json\/wp\/v2\/users\/19"}],"replies":[{"embeddable":true,"href":"https:\/\/istlyr-caba.infd.edu.ar\/sitio\/wp-json\/wp\/v2\/comments?post=1541"}],"version-history":[{"count":2,"href":"https:\/\/istlyr-caba.infd.edu.ar\/sitio\/wp-json\/wp\/v2\/pages\/1541\/revisions"}],"predecessor-version":[{"id":6386,"href":"https:\/\/istlyr-caba.infd.edu.ar\/sitio\/wp-json\/wp\/v2\/pages\/1541\/revisions\/6386"}],"wp:attachment":[{"href":"https:\/\/istlyr-caba.infd.edu.ar\/sitio\/wp-json\/wp\/v2\/media?parent=1541"}],"curies":[{"name":"wp","href":"https:\/\/api.w.org\/{rel}","templated":true}]}}