{"id":1539,"date":"2018-07-03T13:12:15","date_gmt":"2018-07-03T16:12:15","guid":{"rendered":"https:\/\/istlyr-caba.infd.edu.ar\/sitio\/ciclos-de-complementacion-2\/"},"modified":"2024-03-01T20:48:33","modified_gmt":"2024-03-01T23:48:33","slug":"ciclos-de-complementacion-2","status":"publish","type":"page","link":"https:\/\/istlyr-caba.infd.edu.ar\/sitio\/ciclos-de-complementacion-2\/","title":{"rendered":"Ciclos de complementaci\u00f3n"},"content":{"rendered":"\n<p>Los egresados de la Tecnicatura Superior en Pedagog\u00eda y Educaci\u00f3n Social&nbsp;tienen la posibilidad de continuar sus estudios en diversas Universidades Nacionales:<\/p>\n\n\n\n<p>Licenciatura en Educaci\u00f3n en la <a rel=\"noopener\" href=\"http:\/\/www.unq.edu.ar\/\" target=\"_blank\">Universidad Nacional de Quilmes &#8211; UNQUI<\/a><br>Licenciatura en Educaci\u00f3n en la <a rel=\"noopener\" href=\"http:\/\/www.unla.edu.ar\/\" target=\"_blank\">Universidad Nacional de Lan\u00fas &#8211; UNLA<\/a><br>Licenciatura en Educaci\u00f3n en la<a rel=\"noopener\" href=\"http:\/\/unahur.edu.ar\/site\/\" target=\"_blank\">Universidad Nacional de Hurlingham &#8211; UNAHUR<\/a><\/p>\n\n\n\n<p><strong><br>Ciclo de Complementaci\u00f3n \/ Formaci\u00f3n Docente<\/strong><\/p>\n\n\n\n<p>Los<strong> egresados de las tres carreras<\/strong> tienen la posibilidad de realizar un Ciclo de Formaci\u00f3n Pedag\u00f3gica para desempe\u00f1arse en los Niveles Primario y Secundario.&nbsp;Pueden realizarlo en el&nbsp;<a href=\"http:\/\/juanbjusto.buenosaires.edu.ar\/institucional.html\" target=\"_blank\" rel=\"noopener\">\u200bInstituto de Educaci\u00f3n Superior Juan B. Justo<\/a>&nbsp;y en otras instituciones de la Ciudad y la Provincia de Buenos Aires.<\/p>\n","protected":false},"excerpt":{"rendered":"<p>Los egresados de la Tecnicatura Superior en Pedagog\u00eda y Educaci\u00f3n Social&nbsp;tienen la posibilidad de continuar sus estudios en diversas Universidades Nacionales: Licenciatura en Educaci\u00f3n en la Universidad Nacional de Quilmes &#8211; UNQUILicenciatura en Educaci\u00f3n en la Universidad Nacional de Lan\u00fas &#8211; UNLALicenciatura en Educaci\u00f3n en laUniversidad Nacional de Hurlingham &#8211; UNAHUR Ciclo de Complementaci\u00f3n \/ &#8230; <a title=\"Ciclos de complementaci\u00f3n\" class=\"read-more\" href=\"https:\/\/istlyr-caba.infd.edu.ar\/sitio\/ciclos-de-complementacion-2\/\" aria-label=\"More on Ciclos de complementaci\u00f3n\">[+]<\/a><\/p>\n","protected":false},"author":19,"featured_media":0,"parent":0,"menu_order":0,"comment_status":"closed","ping_status":"closed","template":"","meta":[],"acf":[],"_links":{"self":[{"href":"https:\/\/istlyr-caba.infd.edu.ar\/sitio\/wp-json\/wp\/v2\/pages\/1539"}],"collection":[{"href":"https:\/\/istlyr-caba.infd.edu.ar\/sitio\/wp-json\/wp\/v2\/pages"}],"about":[{"href":"https:\/\/istlyr-caba.infd.edu.ar\/sitio\/wp-json\/wp\/v2\/types\/page"}],"author":[{"embeddable":true,"href":"https:\/\/istlyr-caba.infd.edu.ar\/sitio\/wp-json\/wp\/v2\/users\/19"}],"replies":[{"embeddable":true,"href":"https:\/\/istlyr-caba.infd.edu.ar\/sitio\/wp-json\/wp\/v2\/comments?post=1539"}],"version-history":[{"count":2,"href":"https:\/\/istlyr-caba.infd.edu.ar\/sitio\/wp-json\/wp\/v2\/pages\/1539\/revisions"}],"predecessor-version":[{"id":5778,"href":"https:\/\/istlyr-caba.infd.edu.ar\/sitio\/wp-json\/wp\/v2\/pages\/1539\/revisions\/5778"}],"wp:attachment":[{"href":"https:\/\/istlyr-caba.infd.edu.ar\/sitio\/wp-json\/wp\/v2\/media?parent=1539"}],"curies":[{"name":"wp","href":"https:\/\/api.w.org\/{rel}","templated":true}]}}