{"id":1523,"date":"2018-07-03T13:12:10","date_gmt":"2018-07-03T16:12:10","guid":{"rendered":"https:\/\/istlyr-caba.infd.edu.ar\/sitio\/boletin-julio-2016\/"},"modified":"2018-08-07T12:34:19","modified_gmt":"2018-08-07T15:34:19","slug":"boletin-julio-2016","status":"publish","type":"page","link":"https:\/\/istlyr-caba.infd.edu.ar\/sitio\/boletin-julio-2016\/","title":{"rendered":"Bolet\u00edn Julio 2016"},"content":{"rendered":"<table style=\"width: 580px;\" border=\"0\" cellspacing=\"0\" cellpadding=\"0\">\n<tbody style=\"border: none !important;\">\n<tr style=\"border: none !important;\">\n<td align=\"center\" valign=\"top\" border=\"0\" style=\"border:none !important;\">\n<table style=\"max-width: 558px; width: 558px; height: 60px;\" border:\"0\" cellspacing=\"0\" cellpadding=\"0\" align=\"left\">\n<tbody style=\"border: none !important;\">\n<tr style=\"border: none !important;\">\n<td style=\"padding: 18px 18px 9px; border: none !important;\" valign=\"top\"><span style=\"font-size: 24px;\"><strong>Estudiantes del ISTLyR en FM Riachuelo<\/strong><\/span><\/td>\n<\/tr>\n<\/tbody>\n<\/table>\n<table style=\"width: 100%;\" border=\"0\" cellspacing=\"0\" cellpadding=\"0\" align=\"left\">\n<tbody>\n<tr style=\"border: none !important;\">\n<td style=\"padding: 18px 18px 0 18px; border: none !important;\" align=\"center\" valign=\"top\"><img decoding=\"async\" class=\"mcnImage\" style=\"max-width: 558px;\" src=\"https:\/\/gallery.mailchimp.com\/30d5a24b95dc1d5111a0768fd\/images\/24b82386-5c97-4d37-b6b6-b0e96defe6e9.jpg\" alt=\"\" width=\"528\" border=\"0\" \/><\/td>\n<\/tr>\n<tr>\n<td style=\"padding: 9px 18px; border: none !important; font-family: Georgia; font-size: 14px; font-style: normal; font-weight: normal; text-align: left;\" valign=\"top\" width=\"528\"><a href=\"index.cgi?wAccion=news&amp;wid_news=55&amp;wid_seccion=&amp;wid_item=\" target=\"_blank\" rel=\"noopener\">Los y las estudiantes de la c\u00e1tedra Producci\u00f3n Radiof\u00f3nica I de la Tecnicatura en Comunicaci\u00f3n Social realizaron el mi\u00e9rcoles 29 de junio dos programas en vivo por FM Riachuelo.<\/a><\/td>\n<\/tr>\n<\/tbody>\n<\/table>\n<\/td>\n<\/tr>\n<tr style=\"border: none !important;\">\n<td align=\"center\" valign=\"top\" style=\"border: none !important;\">\n<table style=\"max-width: 280px; border=\"0\" cellspacing=\"0\" cellpadding=\"0\" align=\"left\">\n<tbody style=\"border: none !important;\">\n<tr style=\"border: none !important;\">\n<td style=\"padding: 0px 18px 9px; font-size: 12px; line-height: 150%; border: none !important;\" valign=\"top\">\n<strong>La sistematizaci\u00f3n de experiencias: una propuesta de investigaci\u00f3n emancipadora desde la Educaci\u00f3n Popular<\/strong><br \/>\n<img decoding=\"async\" loading=\"lazy\" style=\"width: 260px; height: 200px; margin: 10px 0px;\" src=\"https:\/\/gallery.mailchimp.com\/30d5a24b95dc1d5111a0768fd\/images\/ff75705a-80f6-45e6-8eee-d77e1781a746.jpg\" width=\"260\" height=\"200\" align=\"center\" border=\"0\" \/><br \/>\n<a href=\"index.cgi?wAccion=news&amp;wid_news=56&amp;wid_seccion=&amp;wid_item=\" target=\"_blank\" rel=\"noopener\">En el marco de los <em>Seminarios de Educaci\u00f3n Popular y Pr\u00e1cticas Profesionalizantes II <\/em>de la Tecnicatura en Pedagog\u00eda y Educaci\u00f3n Social, el 8 de junio se realiz\u00f3 la presentaci\u00f3n del libro \u201cLas voces de los huelguistas. 53 d\u00edas de acampe y huelga de hambre. Sistematizaci\u00f3n de la experiencia\u201d. La presentaci\u00f3n estuvo a cargo de Carolina y An\u00edbal (Pa\u00f1uelos en Rebeld\u00eda) y Daniela (La Poderosa). Participaron de la actividad estudiantes de las tres carreras.<\/a><\/p>\n<hr \/>\n<p><strong>El ISTLyR en Rosario<\/strong><br \/>\n<img decoding=\"async\" loading=\"lazy\" style=\"width: 260px; height: 200px; margin: 10px 0px;\" src=\"https:\/\/gallery.mailchimp.com\/30d5a24b95dc1d5111a0768fd\/images\/2c613610-49bb-4a11-93b6-3dba99ddf737.jpg\" width=\"260\" height=\"200\" align=\"center\" border=\"0\" \/><a href=\"index.cgi?wAccion=news&amp;wid_news=58&amp;wid_seccion=&amp;wid_item=\" target=\"_blank\" rel=\"noopener\">La actividad institucional que el ISTLyR ofrece cada a\u00f1o para que estudiantes, docentes y graduados compartan una experiencia formativa en el \u201cTr\u00edptico de la Infancia\u201d, \u201cLa Ciudad de los Ni\u00f1os\u201d y el Archivo Cossettini, entre otras propuestas, se desarroll\u00f3 entre el 3 y el 5 de junio. Dos estudiantes de la Tecnicatura en Comunicaci\u00f3n Social relatan su experiencia.<\/a><\/p>\n<hr \/>\n<p><strong>Viernes Culturales en el ISTLyR La construcci\u00f3n de un espacio compartido<\/strong><br \/>\n<img decoding=\"async\" loading=\"lazy\" style=\"width: 260px; height: 200px; margin: 10px 0px;\" src=\"https:\/\/gallery.mailchimp.com\/30d5a24b95dc1d5111a0768fd\/images\/92a5aa80-76e2-466f-bfdd-6e0f1c5d08c6.jpg\" width=\"260\" height=\"200\" align=\"center\" border=\"0\" \/><a href=\"index.cgi?wAccion=news&amp;wid_news=60&amp;wid_seccion=&amp;wid_item=\" target=\"_blank\" rel=\"noopener\">En el ISTLyR est\u00e1n pasando cosas. Poco a poco va consolid\u00e1ndose un espacio en el que confluyen proyecciones, charlas, mesas redondas, jornadas, talleres y ferias autogestionadas por estudiantes. Un espacio abierto a estudiantes y docentes del Instituto y la comunidad en general.<\/a><\/td>\n<\/tr>\n<\/tbody>\n<\/table>\n<table style=\"max-width: 280px; \" border=\"0\" cellspacing=\"0\" cellpadding=\"0\" align=\"left\">\n<tbody>\n<tr>\n<td style=\"padding: 0px 18px 9px; font-size: 12px; line-height: 150%; border: none !important;\" valign=\"top\"><strong>5\u00b0 Encuentro de Comunicaci\u00f3n y Desarrollo Local. Internet y transformaci\u00f3n social: l\u00edmites, posibilidades y desaf\u00edos.<\/strong><br \/>\n<img decoding=\"async\" loading=\"lazy\" style=\"width: 260px; height: 200px; margin: 10px 0px;\" src=\"https:\/\/gallery.mailchimp.com\/30d5a24b95dc1d5111a0768fd\/images\/8535f0b4-5b09-4f75-aec3-ddc51ef34fc2.jpg\" width=\"260\" height=\"200\" align=\"none\" border=\"0\" \/><br \/>\n<a href=\"index.cgi?wAccion=news&amp;wid_news=57&amp;wid_seccion=&amp;wid_item=\" target=\"_blank\" rel=\"noopener\">Se realiz\u00f3 el jueves 9 de junio con la participaci\u00f3n de invitados, docentes, estudiantes y p\u00fablico en general. Mariano Feuer -especialista en redes sociales y Director Creativo de la empresa EsViral-; Javier Castrillo -responsable del Proyecto Huayra Linux para el programa Nacional Conectar Igualdad entre 2010 y 2015-; y Yamila Garc\u00eda -directora de Chicas Poderosas Argentinas- contaron sus experiencias y abrieron un espacio de debate que actualiz\u00f3 discusiones y plante\u00f3 nuevos desaf\u00edos para los comunicadores sociales.<\/a><\/p>\n<hr \/>\n<p><strong>Curso de Extensi\u00f3n: \u00bfC\u00f3mo aprovechar el impacto de las redes sociales?<\/strong><br \/>\n<img decoding=\"async\" loading=\"lazy\" style=\"width: 260px; height: 200px; margin: 10px 0px;\" src=\"https:\/\/gallery.mailchimp.com\/30d5a24b95dc1d5111a0768fd\/images\/ddb48be1-8bf2-45e8-8cd0-173057f150ac.jpg\" width=\"260\" height=\"200\" align=\"center\" border=\"0\" \/><a href=\"index.cgi?wAccion=news&amp;wid_news=59&amp;wid_seccion=&amp;wid_item=\" target=\"_blank\" rel=\"noopener\">Organizado desde el \u00c1rea de Extensi\u00f3n del ISTLyR, se llev\u00f3 a cabo durante el mes de mayo. Fue dictado por el Profesor Pascual Calicchio y cont\u00f3 con la con la participaci\u00f3n de Agust\u00edn Gim\u00e9nez (Social Live) y Ariel Tiferes (Muy Liebre \u2013 La Naci\u00f3n). Asistieron alrededor de 60 participantes, integrantes de organizaciones sociales, ONG y medios comunitarios.<\/a><\/p>\n<hr \/>\n<p><strong>Talleres de preparaci\u00f3n de ex\u00e1menes parciales<\/strong><br \/>\n<a href=\"index.cgi?wAccion=news&amp;wid_news=61&amp;wid_seccion=&amp;wid_item=\" target=\"_blank\" rel=\"noopener\">Por segundo a\u00f1o consecutivo se realizaron los talleres de preparaci\u00f3n de ex\u00e1menes parciales, destinados a estudiantes de los primeros ciclos de las tres carreras. La coordinaci\u00f3n estuvo a cargo de la Tutora del ISTLyR, Profesora Graciela Resala, con la colaboraci\u00f3n de la Coordinadora del \u00c1rea de Acompa\u00f1amiento y Bienestar Estudiantil, Profesora Patricia Lizarraga.<\/a><\/p>\n<hr \/>\n<p><strong>Experiencia socio-teatral como disparador de examen<\/strong><br \/>\n<a href=\"index.cgi?wAccion=news&amp;wid_news=62&amp;wid_seccion=&amp;wid_item=\" target=\"_blank\" rel=\"noopener\">En el marco de la c\u00e1tedra <em>Sociolog\u00eda de la Cultura y del Tiempo Libre<\/em> a cargo del Prof. Lic. Diego Berenstein, y como disparador de la primera consigna de parcial, realizamos una experiencia teatral.<\/a><\/td>\n<\/tr>\n<\/tbody>\n<\/table>\n<table style=\"max-width: 370px; \" border=\"0\" cellspacing=\"0\" cellpadding=\"0\" align=\"left\">\n<tbody style=\"border: none !important;\">\n<tr style=\"border: none !important;\">\n<td style=\"padding: 0px 18px 9px; font-size: 13px; font-weight: normal; line-height: 125%; border: none !important;\" valign=\"top\"><span style=\"color: #ffffff;\"><span style=\"background-color: #b983a1;\">\u00a0<strong>Actividades externas al ISTLyR<\/strong>\u00a0<\/span><\/span><br \/>\n<strong><br \/>\n14\u00b0 Jornadas de Tiempo Libre y Recreaci\u00f3n<\/strong><br \/>\n<img decoding=\"async\" loading=\"lazy\" style=\"width: 350px; height: 226px; margin: 10px 0px;\" src=\"https:\/\/gallery.mailchimp.com\/30d5a24b95dc1d5111a0768fd\/images\/4d8322fe-719a-471d-8282-60bbefc44a40.jpg\" width=\"350\" height=\"226\" align=\"none\" border=\"0\" \/><br \/>\n<a href=\"index.cgi?wAccion=news&amp;wid_news=64&amp;wid_seccion=&amp;wid_item=\" target=\"_blank\" rel=\"noopener\">\u201cEducaci\u00f3n, Organizaci\u00f3n y Derechos. Resistir y Construir hacia una \u00e9tica de la Recreaci\u00f3n\u201d<br \/>\n12 al 15 de agosto, en la Ciudad de Buenos Aires.<\/a><\/p>\n<hr \/>\n<p><strong>V Jornadas Nacionales y III Latinoamericanas de Investigadores e Investigadoras en Formaci\u00f3n en Educaci\u00f3n<\/strong><\/p>\n<p><a href=\"http:\/\/jornadasinvestigadoresenformacion.filo.uba.ar\/content\/2%C2%BA-circular-v-jornadas-iice\" target=\"_blank\" rel=\"noopener\">29 y 30 de noviembre y 1 de diciembre<br \/>\nFacultad de Filosof\u00eda y Letras, Universidad de Buenos Aires Puan 480, Ciudad Aut\u00f3noma de Buenos Aires<\/a><\/td>\n<\/tr>\n<\/tbody>\n<\/table>\n<table style=\"max-width: 210px; width: 195px;\" cellspacing=\"0\" cellpadding=\"0\" align=\"left\">\n<tbody style=\"border: none !important;\">\n<tr style=\"border: none !important;\">\n<td style=\"padding: 0px 18px 9px; font-size: 13px; font-weight: normal; line-height: 125%; border: none !important;\" valign=\"top\"><span style=\"color: #ffffff;\"><span style=\"background-color: #b983a1;\">\u00a0Novedades\u00a0<\/span><\/span><br \/>\n<strong><span style=\"background-color: #afeeee;\"><br \/>\nPublicaciones del ISTLyR<\/span><\/strong><\/br><a href=\"index.cgi?wid_seccion=10\" target=\"_blank\" rel=\"noopener\">El ISTLyR cuenta con una serie de publicaciones que abordan temas claves de los campos te\u00f3ricos y profesionales de las tres Tecnicaturas de la instituci\u00f3n. Es una pol\u00edtica editorial tendiente a participar en la agenda de discusiones socioeducativas en la Ciudad de Buenos Aires y m\u00e1s all\u00e1, en los problemas de la Recreaci\u00f3n, la Educaci\u00f3n Social y la Comunicaci\u00f3n en el contexto latinoamericano.<br \/>\nEn la Biblioteca del Instituto se pueden consultar o adquirir en su versi\u00f3n impresa y en la web se encuentra el listado completo, con fragmentos de cada una de ellas.<\/br><\/br><\/a><strong><span style=\"background-color: #afeeee;\"><br \/>\nInscripciones para empezar en agosto<\/br><\/span><\/strong>Las inscripciones para comenzar a cursar en el 2\u00b0 cuatrimestre las Tecnicaturas en Comunicaci\u00f3n Social orientada al Desarrollo Local; Pedagog\u00eda y Educaci\u00f3n Social; y Tiempo Libre y Recreaci\u00f3n se encuentran abiertas y se realizan a trav\u00e9s de la p\u00e1gina web del GCBA, haciendo <em><a href=\"http:\/\/www.buenosaires.gob.ar\/educacion\/estudiantes\/terciario\" target=\"_blank\" rel=\"noopener\">clic aqu\u00ed<\/a><\/em><br \/>\nM\u00e1s informaci\u00f3n<em> <a href=\"index.cgi\" target=\"_blank\" rel=\"noopener\">clic aqu\u00ed<\/a><\/em><\/td>\n<\/tr>\n<\/tbody>\n<\/table>\n<\/td>\n<\/tr>\n<\/tbody>\n<\/table>\n","protected":false},"excerpt":{"rendered":"<p>Estudiantes del ISTLyR en FM Riachuelo Los y las estudiantes de la c\u00e1tedra Producci\u00f3n Radiof\u00f3nica I de la Tecnicatura en Comunicaci\u00f3n Social realizaron el mi\u00e9rcoles 29 de junio dos programas en vivo por FM Riachuelo.<\/p>\n","protected":false},"author":19,"featured_media":0,"parent":0,"menu_order":0,"comment_status":"closed","ping_status":"closed","template":"","meta":[],"acf":[],"_links":{"self":[{"href":"https:\/\/istlyr-caba.infd.edu.ar\/sitio\/wp-json\/wp\/v2\/pages\/1523"}],"collection":[{"href":"https:\/\/istlyr-caba.infd.edu.ar\/sitio\/wp-json\/wp\/v2\/pages"}],"about":[{"href":"https:\/\/istlyr-caba.infd.edu.ar\/sitio\/wp-json\/wp\/v2\/types\/page"}],"author":[{"embeddable":true,"href":"https:\/\/istlyr-caba.infd.edu.ar\/sitio\/wp-json\/wp\/v2\/users\/19"}],"replies":[{"embeddable":true,"href":"https:\/\/istlyr-caba.infd.edu.ar\/sitio\/wp-json\/wp\/v2\/comments?post=1523"}],"version-history":[{"count":42,"href":"https:\/\/istlyr-caba.infd.edu.ar\/sitio\/wp-json\/wp\/v2\/pages\/1523\/revisions"}],"predecessor-version":[{"id":1793,"href":"https:\/\/istlyr-caba.infd.edu.ar\/sitio\/wp-json\/wp\/v2\/pages\/1523\/revisions\/1793"}],"wp:attachment":[{"href":"https:\/\/istlyr-caba.infd.edu.ar\/sitio\/wp-json\/wp\/v2\/media?parent=1523"}],"curies":[{"name":"wp","href":"https:\/\/api.w.org\/{rel}","templated":true}]}}