{"id":1498,"date":"2018-07-03T13:12:00","date_gmt":"2018-07-03T16:12:00","guid":{"rendered":"https:\/\/istlyr-caba.infd.edu.ar\/sitio\/derechos-humanos-hoy-grafica-a-40-anos-de-la-ultima-dictadura-militar\/"},"modified":"2018-07-03T13:12:00","modified_gmt":"2018-07-03T16:12:00","slug":"derechos-humanos-hoy-grafica-a-40-anos-de-la-ultima-dictadura-militar","status":"publish","type":"page","link":"https:\/\/istlyr-caba.infd.edu.ar\/sitio\/derechos-humanos-hoy-grafica-a-40-anos-de-la-ultima-dictadura-militar\/","title":{"rendered":"Derechos humanos hoy. Gr\u00e1fica a 40 a\u00f1os de la \u00faltima dictadura militar"},"content":{"rendered":"<table style=\"width: 645px;\" border=\"0\" cellspacing=\"6\" cellpadding=\"0\" align=\"left\">\n<tbody>\n<tr>\n<td style=\"width: 470px;\" align=\"left\" valign=\"top\"><span style=\"color: #447060; font-size: 10pt;\"><strong><span style=\"font-family: georgia, palatino;\">&ndash;Rese&ntilde;as&ndash;<\/span><\/strong><\/span><\/p>\n<p style=\"color: #333333; font-size: 13.6000003814697px;\"><span style=\"font-family: helvetica; font-size: 12pt;\"><span style=\"font-size: 10pt;\"><em>Por Natalia Revale<img decoding=\"async\" style=\"vertical-align: top; border: 0; margin-top: 10px; margin-bottom: 10px;\" src=\"https:\/\/istlyr-caba.infd.edu.ar\/sitio\/wp-content\/uploads\/2018\/07\/ape_res3.jpg\" border=\"0\"><\/em><\/span><\/span><\/p>\n<p style=\"color: #333333; font-size: 13.6000003814697px;\"><span style=\"font-family: helvetica; font-size: 12pt;\">El pasado 17 de marzo se realiz&oacute; la exposici&oacute;n <em>&ldquo;Derechos humanos hoy &ndash; gr&aacute;fica a 40 a&ntilde;os de la &uacute;ltima dictadura militar&rdquo;<\/em> en el espacio de artes visuales del espacio cultural de FM La Tribu. La muestra reun&iacute;a trabajos de m&aacute;s de 15 colectivos que trabajan desde la gr&aacute;fica, con un escenario com&uacute;n: la calle. Cuarenta a&ntilde;os desde la dictadura c&iacute;vico militar trae aparejado una vasta producci&oacute;n art&iacute;stica de lo m&aacute;s variada en materia de derechos humanos. Recuperar el espacio p&uacute;blico, volver a las calles, a trabajar y recuperar espacios colectivos de producci&oacute;n desde el arte y la cultura fue una constante desde la recuperaci&oacute;n de la democracia. Aun pensando en el recorte del lenguaje de la gr&aacute;fica, hubiera sido muy pretencioso concebir una muestra que d&eacute; cuenta de esa producci&oacute;n. Nos podemos remontar a 1982, con la acci&oacute;n del <em>Siluetazo<span style=\"font-size: 8pt;\"><sup>1<\/sup><\/span><\/em>, o algunas de las marchas de las resistencias en donde vemos a las Madres de Plaza de Mayo imprimiendo serigraf&iacute;a en la calle. Por eso, la exposici&oacute;n, &ldquo;Derechos humanos hoy&hellip;&rdquo; hace pie en el 76 como punto de partida pero para pensar el accionar de colectivos art&iacute;sticos y la utilizaci&oacute;n de la gr&aacute;fica para la visibilizaci&oacute;n de los derechos humanos hoy. <\/p>\n<p>Hacer visible lo invisible, poner de manifiesto lo oculto, revertir el ambiente opresor reinante. No decir una, sino mil veces. Treinta mil. Y m&aacute;s. <\/p>\n<p>Cuando en el a&ntilde;o 1982 se realiz&oacute; la acci&oacute;n del <em>Siluetazo<\/em>, el objetivo era reproducir treinta mil siluetas, dar cuenta del espacio real que ocupaban. Darle una dimensi&oacute;n tangible a la desaparici&oacute;n de personas. M&aacute;s tarde, la producci&oacute;n gr&aacute;fica ser&iacute;a multiplicar las voces, gritar, decir lo mismo, una y otra vez. Multiplicar. <\/p>\n<p>La serigraf&iacute;a, el est&eacute;ncil, son t&eacute;cnicas que facilitan la reproducci&oacute;n de una imagen, o de un texto, la cantidad de veces que deseemos. Desarrollar una imagen y luego reproducirla. Muy lejos de la unicidad de la obra de arte, a trav&eacute;s de la reproducci&oacute;n se busca la efectividad del mensaje, igualmente, desde una producci&oacute;n art&iacute;stica. <\/p>\n<p>Otro de los elementos en com&uacute;n que tienen muchas de las producciones que componen la muestra tiene que ver con la metodolog&iacute;a de trabajo: en muchos casos hay un elemento de participaci&oacute;n, de invitaci&oacute;n a participar de la impresi&oacute;n gr&aacute;fica, y a veces tambi&eacute;n t&eacute;cnicas que promuevan la realizaci&oacute;n de una imagen en poco tiempo, en el marco de una movilizaci&oacute;n o de una actividad. <\/p>\n<p><img decoding=\"async\" loading=\"lazy\" style=\"float: left; margin-top: 5px; margin-bottom: 5px;\" src=\"https:\/\/istlyr-caba.infd.edu.ar\/sitio\/wp-content\/uploads\/2018\/07\/res3e.jpg\" border=\"0\" width=\"470\" height=\"300\"><br \/><img decoding=\"async\" loading=\"lazy\" style=\"float: left; margin-top: 5px; margin-bottom: 5px;\" src=\"https:\/\/istlyr-caba.infd.edu.ar\/sitio\/wp-content\/uploads\/2018\/07\/res3f.jpg\" border=\"0\" width=\"470\" height=\"300\"><br \/><img decoding=\"async\" loading=\"lazy\" style=\"float: left; margin-top: 5px; margin-bottom: 5px;\" src=\"https:\/\/istlyr-caba.infd.edu.ar\/sitio\/wp-content\/uploads\/2018\/07\/res3g.jpg\" border=\"0\" width=\"470\" height=\"300\"><\/p>\n<p>A cuarenta a&ntilde;os &iquest;cu&aacute;l es la mirada de estos colectivos que hoy eligen desarrollar su producci&oacute;n en torno a los derechos humanos? <br \/>En el caso del colectivo <em>Serigrafistas Queer,<\/em> surgido en el a&ntilde;o 2007, realizan cada a&ntilde;o encuentros donde discuten consignas y arman colectivamente dise&ntilde;os que posteriormente estampan en el contexto de la Marcha del orgullo <em>lgbtttiqp<\/em> que cada a&ntilde;o se realiza en distintas ciudades de Argentina. Desde el a&ntilde;o 2013 <em>Serigrafistas Queer<\/em> cuenta con un archivo (ASK) el cual posee, entre otros materiales vinculados a su accionar, una shabloteca (matrices para estampar serigraf&iacute;a) que pone a libre disposici&oacute;n los shablones que se van generando en cada encuentro. En los dise&ntilde;os de este colectivo, puede verse que no hay un especial cuidado de la imagen sino la importancia en torno a comunicar las reivindicaciones de g&eacute;nero. El soporte que utilizan es en general un papel de muy bajo costo, y lo reparten gratuitamente. Estampan tambi&eacute;n tela y camisetas. <\/p>\n<p><img decoding=\"async\" style=\"float: left; margin-top: 7px; margin-bottom: 7px; border: 0; margin-left: 5px; margin-right: 5px;\" src=\"https:\/\/istlyr-caba.infd.edu.ar\/sitio\/wp-content\/uploads\/2018\/07\/res3c.jpg\" border=\"0\"><br \/><img decoding=\"async\" loading=\"lazy\" style=\"float: left; margin-top: 5px; margin-bottom: 5px;\" src=\"https:\/\/istlyr-caba.infd.edu.ar\/sitio\/wp-content\/uploads\/2018\/07\/res3d.jpg\" border=\"0\" width=\"470\" height=\"300\"><br \/>La pared central de la muestra corresponde al trabajo de <em>Estampida<\/em>. A trav&eacute;s de la serigraf&iacute;a este colectivo estrecha lazos en diferentes espacios, articulando desde el lenguaje Serigr&aacute;fico proyectos multidisciplinarios. <em>Estampida<\/em> inicia su trabajo desde la <em>Fundaci&oacute;n Augusto y Le&oacute;n Ferrari,<\/em> estampando la obra de Ferrari, artista de gran trayectoria comprometido con los derechos humanos. Desde esta acci&oacute;n, <em>Estampida<\/em> busc&oacute; divulgar y multiplicar la obra de Le&oacute;n, llev&aacute;ndola m&aacute;s all&aacute; de los museos, multiplicando su imagen, y rompiendo con los c&aacute;nones que el mercado hoy dicta para sus obras. En particular para esta exhibici&oacute;n, las estampas expuestas corresponden a im&aacute;genes, poes&iacute;as, escritos de personas que estuvieron detenidas en la Ex Esma y hoy se encuentran desaparecidas. Estas im&aacute;genes, que permanecieron durante a&ntilde;os archivadas, hoy son llevadas a la tela y expuestas, y de esta forma, se hacen presentes. Ya no es el rostro de cada uno y cada una, imagen a la que estamos habituados, sino lo que sent&iacute;an, lo que expresaban y produc&iacute;an en sus espacios de intimidad y en este caso de encierro y privaci&oacute;n de su libertad. La disponibilidad de estos archivos, y la intenci&oacute;n de su reproducci&oacute;n en este formato, es tambi&eacute;n una forma de presencia, desde la ausencia. Algunas reproducciones de Ferrari tambi&eacute;n se presentan intervenidas por estas im&aacute;genes, dialogando desde la producci&oacute;n art&iacute;stica de por s&iacute;. <\/p>\n<p>A la experiencia de <em>Tanga pincel<\/em> la conocimos estampando en Parque Centenario, eran &ldquo;parches&rdquo; (peque&ntilde;os retazos de tela) estampados con &ntilde;oquis y tenedores, aludiendo a la ola reciente de despidos del nuevo gobierno. Precarizaci&oacute;n laboral, despidos, presentes en los mensajes hoy, en sinton&iacute;a con algunas de las reivindicaciones que se ve&iacute;an en las calles tambi&eacute;n en las revueltas en torno al a&ntilde;o 2001. Ese es el caso del colectivo <em>Esfera com&uacute;n,<\/em> conformado por varios colectivos de artistas y otras personas que se fueron sumando para producir y accionar desde la acci&oacute;n cultural. La serie de dise&ntilde;os de <em>Esfera com&uacute;n<\/em> en este caso tiene un dialogo con directo con la criminalizaci&oacute;n de la protesta, y tambi&eacute;n la denuncia con respecto a los despidos. El soporte pone en dialogo el dise&ntilde;o utilizado de viejas tapas de revistas como es el caso de &ldquo;Para ti&rdquo; o &ldquo;Lucha armada&rdquo;, sosteniendo la diagramaci&oacute;n del dise&ntilde;o de tapa, pero volcando contenidos que buscan desde la iron&iacute;a satirizar diversos acontecimientos. <\/p>\n<p><img decoding=\"async\" loading=\"lazy\" style=\"float: left; margin-top: 5px; margin-bottom: 5px;\" src=\"https:\/\/istlyr-caba.infd.edu.ar\/sitio\/wp-content\/uploads\/2018\/07\/res3b.jpg\" border=\"0\" width=\"470\" height=\"300\"><\/p>\n<p>La participaci&oacute;n del colectivo <em>P.A.PO (Paternal Arte y Pol&iacute;tica)<\/em> fue a trav&eacute;s de una acci&oacute;n participativa el d&iacute;a de la inauguraci&oacute;n, en la que se invit&oacute; a los participantes a que intervinieran con sellos, stencil, o escritos, una ampliaci&oacute;n de una editorial que publico el diario La Naci&oacute;n a prop&oacute;sito de la &uacute;ltima dictadura. Varias De esas producciones quedaron luego exhibidas en la muestra. <\/p>\n<p>Cecilia Mur, una de las integrantes del colectivo <em>Abya Yala<\/em>, quienes tienen su espacio de trabajo en La Casona de Flores, comparti&oacute; a estudiantes del ISTLyR en una visita a la exposici&oacute;n, la experiencia del grupo, y tambi&eacute;n tuvieron la posibilidad de conocer y participar del proceso de estampado all&iacute; mismo. El espacio de taller es uno de los elementos comunes en estos colectivos, como forma de sociabilizar la t&eacute;cnica y de trabajo colectivo, que es lo que se requiere para poder desarrollar producci&oacute;n gr&aacute;fica. Los materiales que utilizan, de bajo costo, ecol&oacute;gicos, son tambi&eacute;n una postura ante la forma de producci&oacute;n, no solo qu&eacute; se dice sino c&oacute;mo y con qu&eacute;. <\/p>\n<p><img decoding=\"async\" loading=\"lazy\" style=\"float: left; margin-top: 5px; margin-bottom: 5px;\" src=\"https:\/\/istlyr-caba.infd.edu.ar\/sitio\/wp-content\/uploads\/2018\/07\/res3h.jpg\" border=\"0\" width=\"470\" height=\"300\"><br \/><img decoding=\"async\" loading=\"lazy\" style=\"float: left; border: 0; margin: 5px;\" src=\"https:\/\/istlyr-caba.infd.edu.ar\/sitio\/wp-content\/uploads\/2018\/07\/res3i.jpg\" border=\"0\" width=\"214\" height=\"300\"><\/p>\n<p>Las im&aacute;genes que expusieron tienen que ver tambi&eacute;n con la criminalizaci&oacute;n de la pobreza y la juventud, denunciando el acoso que sufren ni&ntilde;os, ni&ntilde;as y adolescentes de los barrios m&aacute;s marginales de la capital. Pero tambi&eacute;n tienen un fuerte compromiso con las reivindicaciones por los derechos de las mujeres. Recientemente han participado de un Encuentro callejero de arte feminista en Santiago de Chile, compartiendo experiencias y problem&aacute;ticas comunes. <\/p>\n<p>Por &uacute;ltimo, me gustar&iacute;a mencionar la campa&ntilde;a &ldquo;Vivas nos queremos&rdquo;. Esta campa&ntilde;a se inici&oacute; en M&eacute;xico a fines del a&ntilde;o 2014 con la intenci&oacute;n de visibilizar las violencias hacia las mujeres. La particularidad de esta iniciativa es que se convoca mujeres para realizar las im&aacute;genes, la t&eacute;cnica propuesta es la xilograf&iacute;a. Esta campa&ntilde;a hoy ha sido replicada en Costa Rica, Colombia y Argentina. En la muestra se exhibieron estampas realizadas en Argentina, una de ellas, correspond&iacute;a al retrato de la campesina y militante hondure&ntilde;a Berta C&aacute;seres, asesinada el pasado 4 de marzo. <\/p>\n<p><img decoding=\"async\" loading=\"lazy\" style=\"float: left; margin-top: 7px; margin-bottom: 7px;\" src=\"https:\/\/istlyr-caba.infd.edu.ar\/sitio\/wp-content\/uploads\/2018\/07\/res3a.jpg\" border=\"0\" width=\"470\" height=\"300\"><\/p>\n<p>La exposici&oacute;n tuvo la urgencia con la que trabajan estos grupos, muchos de los dise&ntilde;os estaban reci&eacute;n cocinados, listos para salir a la calle a la semana siguiente, a 40 a&ntilde;os del golpe. La muestra se convirti&oacute; en la cocina de los preparativos para salir a la calle, ya que la gente pudo llevarse estampas para pegar y sus remeras serigrafiadas para marchar. <\/p>\n<p>Con la mirada en el presente, una trayectoria de cuarenta a&ntilde;os produciendo desde la gr&aacute;fica por la memoria, la verdad y la justicia, por los derechos humanos de ayer y de hoy. <\/p>\n<p><strong>Para m&aacute;s informaci&oacute;n de los artistas:<\/strong> <br \/><a href=\"http:\/\/www.esferacomun.com.ar\/web\/%20\" target=\"_blank\">Esfera Com&uacute;n <\/a><br \/><a href=\"https:\/\/www.facebook.com\/Serigrafistas-queer-1524034414520025\/?fref=ts%20\" target=\"_blank\">Serigrafistas queer<\/a>&nbsp;<br \/><a href=\"https:\/\/www.facebook.com\/Gr%C3%A1fica-Abya-Yala-1721467301447040\/?fref=ts%20\" target=\"_blank\">Gr&aacute;fica Abya Yala<\/a> <br \/><a href=\"http:\/\/lapaternalespacioproyecto.blogspot.com.ar\/%20\" target=\"_blank\">Estampida<\/a> <br \/><a href=\"https:\/\/www.facebook.com\/serigrafia.estampida\/?fref=ts%20\" target=\"_blank\">Facebook\/Estampida<\/a><br \/><a href=\"https:\/\/www.facebook.com\/serigrafia.colectiva?fref=ts\" target=\"_blank\">Serigraf&iacute;a\/26<\/a> &nbsp;<br \/><a href=\"https:\/\/www.facebook.com\/Vivas-Nos-Queremos-Argentina-1532024977088005\/?fref=ts\" target=\"_blank\">Vivas nos queremos argentina&nbsp;<\/a><\/span><\/p>\n<hr>\n<p dir=\"ltr\"><span>* Curadur&iacute;a de la muestra a cargo de Natalia Revale y Javier del Olmo. Expusieron:<\/span><span>Arte al Ataque &#8211; Barricadas Gr&aacute;ficas &#8211; Colectiva Lohana Berkins &#8211; Cooperativa de Dise&ntilde;o &#8211; Daniel Malnati &#8211; Esfera com&uacute;n &ndash; Estampida &#8211; Etc&eacute;tera y La Internacional Errorista &#8211; Matanza n&oacute;made &#8211; P.A.P.O Paternal arte y pol&iacute;tica &#8211; Repo Bandini &#8211; Serigraf&iacute;a\/26 &#8211; Serigrafistas Queer &#8211; Taller popular de serigraf&iacute;a &#8211;&nbsp;Tanga pincel &#8211; Vivas nos Queremos.<\/span><span> La exposici&oacute;n se llev&oacute; a cabo entre el 17 de marzo y el 28 de abril de 2016.<\/span><\/p>\n<p><span style=\"font-size: 8pt;\"><span style=\"font-size: 8pt;\">1.&nbsp;<\/span><\/span>El Siluetazo se le llam&oacute; a la acci&oacute;n propuesta por los artistas Rodolfo Arguerreberry, Julio Flores y Guillermo Kexel que &nbsp;junto a organismos de DDHH y grupos estudiantiles, a siluetear los cuerpos de las personas en papeles para de esa forma visibilizar la desaparici&oacute;n forzada de personas en la &uacute;ltima dictadura militar.<\/td>\n<td style=\"width: 175px;\" align=\"left\" valign=\"top\"><span style=\"font-size: 10pt;\"><strong><span style=\"color: #c380a1;\">Rondas de apertura<\/span><\/strong><\/span><br \/><span style=\"font-size: 10pt;\"><a title=\"Hacia una recreaci&oacute;n cr&iacute;tica\" href=\"index.cgi?wid_item=67&amp;wid_seccion=25\">Hacia una recreaci&oacute;n cr&iacute;tica<\/a><\/span><br \/><span style=\"font-size: 10pt;\"><em>Por Mariano Algava<\/em><\/span><br \/><span style=\"font-size: 10pt;\"><a title=\"Educaci&oacute;n, Organizaci&oacute;n y Derechos. Resistir y construir hacia una &eacute;tica de la Recreaci&oacute;n \" href=\"index.cgi?wid_item=68&amp;wid_seccion=25\">Educaci&oacute;n, Organizaci&oacute;n y Derechos.&nbsp;Resistir y Construir hacia una &eacute;tica de Recreaci&oacute;n<\/a><\/span><br \/><span style=\"font-size: 10pt;\"><em>Por por el Equipo de las 14&ordm; Jornadas de Tiempo Libre y Recreaci&oacute;n<\/em><\/span><\/p>\n<hr style=\"height: 1px; width: 175px; border-width: 1px; border-style: solid; border-color: #CCCCCC; color: #ffffff;\" width=\"175\" size=\"1\" noshade><span style=\"color: #f380a1; font-size: 10pt;\"><strong>Traves&iacute;as<\/strong><\/span><br \/><span style=\"font-size: 10pt;\"><a title=\"La comunicaci&oacute;n como herramienta en la lucha por los DDHH\" href=\"index.cgi?wid_item=69&amp;wid_seccion=25\">La comunicaci&oacute;n como herramienta en la lucha por los DDHH<\/a>&nbsp;<\/span><br \/><span style=\"font-size: 10pt;\"><em>Por Lucrecia Fern&aacute;ndez<\/em><\/span><br \/><span style=\"font-size: 10pt;\"><a title=\"Pedagog&iacute;as de la memoria: entre la participaci&oacute;n popular, las pol&iacute;ticas p&uacute;blicas y las pr&aacute;cticas profesionalizantes \" href=\"index.cgi?wid_item=70&amp;wid_seccion=25\">Pedagog&iacute;as de la Memoria: Entre la participaci&oacute;n popular, las pol&iacute;ticas p&uacute;blicas y las pr&aacute;cticas profesionalizantes<\/a><\/span><br \/><span style=\"font-size: 10pt;\"><em>Por J. Arazi, S. Astudillo y M. Oesterheld<br \/><\/em><\/span><span style=\"font-size: 10pt;\"><a title=\"Nuestro lugar para defender la comunicaci&oacute;n como derecho humano:\" href=\"index.cgi?wid_item=71&amp;wid_seccion=25\">Nuestro lugar para defender la comunicaci&oacute;n como Derecho Humano<\/a>&nbsp;<\/span><br \/><span style=\"font-size: 10pt;\"><em>Por Mariano Carril<\/em><\/span><br \/><span style=\"font-size: 10pt;\"><a title=\"Club Popular El Dari: una herramienta en la construcci&oacute;n de sujetos pol&iacute;ticos \" href=\"index.cgi?wid_item=72&amp;wid_seccion=25\">Club Popular El Dari: una herramienta en la construcci&oacute;n de sujetos pol&iacute;ticos<\/a><\/span><br \/><span style=\"font-size: 10pt;\"><em>Por Francisco Farina<\/em><\/span><\/p>\n<hr style=\"height: 1px; width: 175px; border-width: 1px; border-style: solid; border-color: #CCCCCC; color: #ffffff;\" width=\"175\" size=\"1\" noshade> <strong style=\"color: #447060; font-size: 10pt;\">Rese&ntilde;as<\/strong><br \/> <span style=\"font-size: 10pt;\"><a title=\"Disputas en la enunciaci&oacute;n de la memoria\" href=\"index.cgi?wid_item=73&amp;wid_seccion=25\">Disputas en la enunciaci&oacute;n de la memoria<\/a><\/span><br \/> <span style=\"font-size: 10pt;\"><em>Por Agustina P&eacute;rez Rial<\/em><\/span><br \/> <span style=\"font-size: 10pt;\"><a title=\"La Guarder&iacute;a: el inmenso documental de Virginia Croatto\" href=\"index.cgi?wid_item=74&amp;wid_seccion=25\">La Guarder&iacute;a, el inmenso documental de Virginia Croatto<\/a><\/span><br \/> <span style=\"font-size: 10pt;\"><em>Por Ramiro Gonz&aacute;lez&nbsp;<em>Gainza<\/em><\/em><\/span><br \/><span style=\"font-size: 10pt;\"><a title=\"Derechos humanos hoy. Gr&aacute;fica a 40 a&ntilde;os de la &uacute;ltima dictadura militar\" href=\"index.cgi?wid_item=75&amp;wid_seccion=25\">Derechos humanos hoy. Gr&aacute;fica a 40 a&ntilde;os de la &uacute;ltima dictadura militar<\/a><\/span><br \/> <span style=\"font-size: 10pt;\"><em>Por Natalia Revale<\/em><\/span><\/p>\n<hr style=\"height: 1px; width: 175px; border-width: 1px; border-style: solid; border-color: #CCCCCC; color: #ffffff;\" width=\"175\" size=\"1\" noshade> <strong style=\"color: #82c5ae; font-size: 10pt;\">Ficci&oacute;n<\/strong><br \/> <span style=\"font-size: 10pt;\"><a title=\"Juan de Monserrat\" href=\"index.cgi?wid_item=76&amp;wid_seccion=25\">Juan de Monserrat<\/a><\/span><br \/> <span style=\"font-size: 10pt;\"><em>Por Mat&iacute;as Segreti<\/em><\/span><\/p>\n<hr style=\"height: 1px; width: 175px; border-width: 1px; border-style: solid; border-color: #CCCCCC; color: #ffffff;\" width=\"175\" size=\"1\" noshade><\/td>\n<\/tr>\n<\/tbody>\n<\/table>\n","protected":false},"excerpt":{"rendered":"<p>&ndash;Rese&ntilde;as&ndash; Por Natalia Revale El pasado 17 de marzo se realiz&oacute; la exposici&oacute;n &ldquo;Derechos humanos hoy &ndash; gr&aacute;fica a 40 a&ntilde;os de la &uacute;ltima dictadura militar&rdquo; en el espacio de artes visuales del espacio cultural de FM La Tribu. La muestra reun&iacute;a trabajos de m&aacute;s de 15 colectivos que trabajan desde la gr&aacute;fica, con un &#8230; <a title=\"Derechos humanos hoy. Gr\u00e1fica a 40 a\u00f1os de la \u00faltima dictadura militar\" class=\"read-more\" href=\"https:\/\/istlyr-caba.infd.edu.ar\/sitio\/derechos-humanos-hoy-grafica-a-40-anos-de-la-ultima-dictadura-militar\/\" aria-label=\"More on Derechos humanos hoy. Gr\u00e1fica a 40 a\u00f1os de la \u00faltima dictadura militar\">[+]<\/a><\/p>\n","protected":false},"author":19,"featured_media":0,"parent":0,"menu_order":0,"comment_status":"closed","ping_status":"closed","template":"","meta":[],"acf":[],"_links":{"self":[{"href":"https:\/\/istlyr-caba.infd.edu.ar\/sitio\/wp-json\/wp\/v2\/pages\/1498"}],"collection":[{"href":"https:\/\/istlyr-caba.infd.edu.ar\/sitio\/wp-json\/wp\/v2\/pages"}],"about":[{"href":"https:\/\/istlyr-caba.infd.edu.ar\/sitio\/wp-json\/wp\/v2\/types\/page"}],"author":[{"embeddable":true,"href":"https:\/\/istlyr-caba.infd.edu.ar\/sitio\/wp-json\/wp\/v2\/users\/19"}],"replies":[{"embeddable":true,"href":"https:\/\/istlyr-caba.infd.edu.ar\/sitio\/wp-json\/wp\/v2\/comments?post=1498"}],"version-history":[{"count":0,"href":"https:\/\/istlyr-caba.infd.edu.ar\/sitio\/wp-json\/wp\/v2\/pages\/1498\/revisions"}],"wp:attachment":[{"href":"https:\/\/istlyr-caba.infd.edu.ar\/sitio\/wp-json\/wp\/v2\/media?parent=1498"}],"curies":[{"name":"wp","href":"https:\/\/api.w.org\/{rel}","templated":true}]}}