{"id":1488,"date":"2018-07-03T13:11:54","date_gmt":"2018-07-03T16:11:54","guid":{"rendered":"https:\/\/istlyr-caba.infd.edu.ar\/sitio\/tutorias\/"},"modified":"2024-08-28T10:38:02","modified_gmt":"2024-08-28T13:38:02","slug":"tutorias","status":"publish","type":"page","link":"https:\/\/istlyr-caba.infd.edu.ar\/sitio\/tutorias\/","title":{"rendered":"Tutor\u00edas"},"content":{"rendered":"\n<p>Son intervenciones tendientes a orientar, acompa\u00f1ar y resolver problem\u00e1ticas acad\u00e9micas que puedan presentar les estudiantes.<\/p>\n\n\n\n<p>Una tutor\u00eda puede iniciarse por solicitud directa de le estudiante, del requerimiento de une docente, del pedido de la conducci\u00f3n del ISTLYR o por decisi\u00f3n del tutor cuando identifica problem\u00e1ticas espec\u00edficas.<\/p>\n\n\n\n<p>El \u00e1rea de Tutor\u00eda impulsa, adem\u00e1s, acciones para la promoci\u00f3n de los recorridos acad\u00e9micos:<\/p>\n\n\n\n<p>\u2022 <strong>Programa par-tutor\/a<\/strong><br>Programa de acompa\u00f1amiento tutorial a cargo de estudiantes avanzades, que funcionan bajo la coordinaci\u00f3n del tutor, como pares-tutores.<\/p>\n\n\n\n<p>\u2022 <strong>Talleres de escritura y lectura de textos, y de textos acad\u00e9micos<br><\/strong>Parciales, monograf\u00edas, informes o ensayos (ense\u00f1anza de estrategias para escribir en el Nivel Superior).<\/p>\n\n\n\n<p>\u2022 <strong>Grupos de estudio de textos y autores relevantes para las carreras.<\/strong><\/p>\n\n\n\n<p><strong>\u2022 Talleres para la preparaci\u00f3n de ex\u00e1menes finales.<\/strong><\/p>\n\n\n\n<p><strong>Prof. Santiago Barugel<br>Contacto:<\/strong> <a href=\"mailto:pptutora@gmail.com\">pptutora@gmail.com<\/a><\/p>\n","protected":false},"excerpt":{"rendered":"<p>Son intervenciones tendientes a orientar, acompa\u00f1ar y resolver problem\u00e1ticas acad\u00e9micas que puedan presentar les estudiantes. Una tutor\u00eda puede iniciarse por solicitud directa de le estudiante, del requerimiento de une docente, del pedido de la conducci\u00f3n del ISTLYR o por decisi\u00f3n del tutor cuando identifica problem\u00e1ticas espec\u00edficas. El \u00e1rea de Tutor\u00eda impulsa, adem\u00e1s, acciones para la &#8230; <a title=\"Tutor\u00edas\" class=\"read-more\" href=\"https:\/\/istlyr-caba.infd.edu.ar\/sitio\/tutorias\/\" aria-label=\"More on Tutor\u00edas\">[+]<\/a><\/p>\n","protected":false},"author":19,"featured_media":0,"parent":0,"menu_order":0,"comment_status":"closed","ping_status":"closed","template":"","meta":[],"acf":[],"_links":{"self":[{"href":"https:\/\/istlyr-caba.infd.edu.ar\/sitio\/wp-json\/wp\/v2\/pages\/1488"}],"collection":[{"href":"https:\/\/istlyr-caba.infd.edu.ar\/sitio\/wp-json\/wp\/v2\/pages"}],"about":[{"href":"https:\/\/istlyr-caba.infd.edu.ar\/sitio\/wp-json\/wp\/v2\/types\/page"}],"author":[{"embeddable":true,"href":"https:\/\/istlyr-caba.infd.edu.ar\/sitio\/wp-json\/wp\/v2\/users\/19"}],"replies":[{"embeddable":true,"href":"https:\/\/istlyr-caba.infd.edu.ar\/sitio\/wp-json\/wp\/v2\/comments?post=1488"}],"version-history":[{"count":2,"href":"https:\/\/istlyr-caba.infd.edu.ar\/sitio\/wp-json\/wp\/v2\/pages\/1488\/revisions"}],"predecessor-version":[{"id":6190,"href":"https:\/\/istlyr-caba.infd.edu.ar\/sitio\/wp-json\/wp\/v2\/pages\/1488\/revisions\/6190"}],"wp:attachment":[{"href":"https:\/\/istlyr-caba.infd.edu.ar\/sitio\/wp-json\/wp\/v2\/media?parent=1488"}],"curies":[{"name":"wp","href":"https:\/\/api.w.org\/{rel}","templated":true}]}}