{"id":1447,"date":"2018-07-03T13:11:35","date_gmt":"2018-07-03T16:11:35","guid":{"rendered":"https:\/\/istlyr-caba.infd.edu.ar\/sitio\/practicas-especiales\/"},"modified":"2022-09-01T11:04:58","modified_gmt":"2022-09-01T14:04:58","slug":"practicas-especiales","status":"publish","type":"page","link":"https:\/\/istlyr-caba.infd.edu.ar\/sitio\/practicas-especiales\/","title":{"rendered":"Pr\u00e1cticas especiales"},"content":{"rendered":"<p><strong>Prof. Ramiro Coelho<\/strong><\/p>\n<p><strong>Qu\u00e9 son las Pr\u00e1cticas Especiales<br \/>\n<\/strong><br \/>\nPr\u00e1cticas Especiales es un espacio de formaci\u00f3n optativo y complementario de las Pr\u00e1cticas Profesionalizantes curriculares. A trav\u00e9s de ellas lxs estudiantes de las tres carreras pueden acceder a experiencias de trabajo rentadas y\/o voluntarias en programas socioeducativos estatales, organizaciones sociales y comunitarias, medios de comunicaci\u00f3n populares, centros culturales, cooperativas, etc. y de esa manera ampliar su formaci\u00f3n pre profesional, accediendo a una mayor diversidad de \u00e1mbitos institucionales. A trav\u00e9s de la participaci\u00f3n en estas pr\u00e1cticas cada estudiante accede a la posibilidad de formarse laboralmente y orientar su perfil profesional.<\/p>\n<p><strong>Algunos espacios en los que nuestros estudiantes realizan pr\u00e1cticas especiales:<br \/>\n<\/strong><br \/>\nProgramas socio educativos del Gobierno de la Ciudad Aut\u00f3noma de Buenos Aires<br \/>\n\u2022 Juegotecas Barriales<br \/>\n\u2022 Jard\u00edn Bot\u00e1nico<br \/>\n\u2022 Parque Avellaneda<br \/>\n\u2022 Reserva Ecol\u00f3gica<\/p>\n<p>Medios de comunicaci\u00f3n populares<br \/>\n\u2022 FM Riachuelo<br \/>\n\u2022 Radio Gr\u00e1fica<br \/>\n\u2022 Bachillerato Popular Soho<\/p>\n<p>Organizaciones sociales y ONG<br \/>\n\u2022 Fundaci\u00f3n SES<br \/>\n\u2022 Federaci\u00f3n Argentina de Instituciones de Ciegos y Ambliopes (FAICA)<br \/>\n\u2022 Asociaci\u00f3n Civil Intercambios<\/p>\n<p><strong>Contacto:<\/strong>\u00a0<a href=\"mailto:coelho.ramiro67@gmail.com\">coelho.ramiro67@gmail.com<\/a><br \/>\n<strong>Facebook:<\/strong>\u00a0<a href=\"https:\/\/www.facebook.com\/Pr%C3%A1cticas-Especiales-ISTLyR-172165099973055\/\" target=\"_blank\" rel=\"noopener\">Pr\u00e1cticas Especiales ISTLyR<\/a><br \/>\n<strong>Tel\u00e9fono:<\/strong> 15 5 592 0906<\/p>\n<hr \/>\n<p><a href=\"index.cgi?wid_seccion=21&amp;wid_item=81\" rel=\"noopener\">Per\u00f3dos Anteriores &#8211; Profesor Eduardo Sanchez<\/a><\/p>\n","protected":false},"excerpt":{"rendered":"<p>Prof. Ramiro Coelho Qu\u00e9 son las Pr\u00e1cticas Especiales Pr\u00e1cticas Especiales es un espacio de formaci\u00f3n optativo y complementario de las Pr\u00e1cticas Profesionalizantes curriculares. A trav\u00e9s de ellas lxs estudiantes de las tres carreras pueden acceder a experiencias de trabajo rentadas y\/o voluntarias en programas socioeducativos estatales, organizaciones sociales y comunitarias, medios de comunicaci\u00f3n populares, centros &#8230; <a title=\"Pr\u00e1cticas especiales\" class=\"read-more\" href=\"https:\/\/istlyr-caba.infd.edu.ar\/sitio\/practicas-especiales\/\" aria-label=\"More on Pr\u00e1cticas especiales\">[+]<\/a><\/p>\n","protected":false},"author":19,"featured_media":0,"parent":0,"menu_order":0,"comment_status":"closed","ping_status":"closed","template":"","meta":[],"acf":[],"_links":{"self":[{"href":"https:\/\/istlyr-caba.infd.edu.ar\/sitio\/wp-json\/wp\/v2\/pages\/1447"}],"collection":[{"href":"https:\/\/istlyr-caba.infd.edu.ar\/sitio\/wp-json\/wp\/v2\/pages"}],"about":[{"href":"https:\/\/istlyr-caba.infd.edu.ar\/sitio\/wp-json\/wp\/v2\/types\/page"}],"author":[{"embeddable":true,"href":"https:\/\/istlyr-caba.infd.edu.ar\/sitio\/wp-json\/wp\/v2\/users\/19"}],"replies":[{"embeddable":true,"href":"https:\/\/istlyr-caba.infd.edu.ar\/sitio\/wp-json\/wp\/v2\/comments?post=1447"}],"version-history":[{"count":3,"href":"https:\/\/istlyr-caba.infd.edu.ar\/sitio\/wp-json\/wp\/v2\/pages\/1447\/revisions"}],"predecessor-version":[{"id":5013,"href":"https:\/\/istlyr-caba.infd.edu.ar\/sitio\/wp-json\/wp\/v2\/pages\/1447\/revisions\/5013"}],"wp:attachment":[{"href":"https:\/\/istlyr-caba.infd.edu.ar\/sitio\/wp-json\/wp\/v2\/media?parent=1447"}],"curies":[{"name":"wp","href":"https:\/\/api.w.org\/{rel}","templated":true}]}}