{"id":1443,"date":"2018-07-03T13:11:34","date_gmt":"2018-07-03T16:11:34","guid":{"rendered":"https:\/\/istlyr-caba.infd.edu.ar\/sitio\/extension-consultoria-y-difusion\/"},"modified":"2025-04-30T21:22:06","modified_gmt":"2025-05-01T00:22:06","slug":"extension-consultoria-y-difusion","status":"publish","type":"page","link":"https:\/\/istlyr-caba.infd.edu.ar\/sitio\/extension-consultoria-y-difusion\/","title":{"rendered":"Extensi\u00f3n, consultor\u00eda y difusi\u00f3n"},"content":{"rendered":"\n<p><strong>Responsable: Lic. Mariana Bernal<\/strong><\/p>\n\n\n\n<div>\n<div>El \u00e1rea de Extensi\u00f3n, Consultor\u00eda y Difusi\u00f3n se orienta a la promoci\u00f3n y sostenimiento de la vinculaci\u00f3n con distintas instituciones. Por ello, y en consonancia con los objetivos institucionales, el \u00e1rea se propone priorizar el fortalecimiento de los v\u00ednculos que el Instituto Superior de Tiempo Libre y Recreaci\u00f3n ha construido durante sus m\u00e1s de 30 a\u00f1os de historia y otros que puedan sumarse: movimientos sociales e instituciones y organizaciones educativas, culturales, art\u00edsticas, tur\u00edsticas, recreativas, comunitarias -tanto p\u00fablicas como privadas-, entre otras.<\/div>\n<div><\/div>\n<\/div>\n\n\n\n<div>\n<div>El \u00e1rea procura dar a conocer m\u00e1s y mejor al instituto, ampliar sus modos de vincularse con la comunidad, poniendo el foco en experiencias que impliquen un compromiso social y se orienten a la formaci\u00f3n permanente de estudiantes y graduadxs y a la creaci\u00f3n de diversos y mejores espacios educativos.<\/div>\n<\/div>\n\n\n\n<div>\n<div>La extensi\u00f3n y difusi\u00f3n institucional procuran promover una mayor cercan\u00eda del ISTLyR con la comunidad, entendiendo a la extensi\u00f3n no como transferencia sino como di\u00e1logo entre actores, culturas y pr\u00e1cticas institucionales y sociales. El desaf\u00edo es articular la calidad educativa -como parte de la formaci\u00f3n continua- con el compromiso social, uno de los ejes que distinguen al Instituto desde su creaci\u00f3n.<\/div>\n<\/div>\n\n\n\n<div>\n<div>Desde 2019, el \u00e1rea est\u00e1 dedicada a dar a conocer al Instituto entre docentes y estudiantes de escuelas de CABA as\u00ed como organizaciones sociales, asociaciones sindicales y espacios comunitarios que consideramos encontrar\u00edan en el Instituto un espacio de formaci\u00f3n apropiado con un abordaje inclusivo. La difusi\u00f3n, lejos de una mirada instrumental, se presenta como un modo de hablarnos y contarnos a nosotros mismos, de darnos a conocer para invitar a participar a estudiantes, docentes y organizaciones.<\/div>\n<\/div>\n\n\n\n<div>\n<div>En s\u00edntesis, esta propuesta entiende la extensi\u00f3n institucional como un puente entre actores, culturas y pr\u00e1cticas institucionales y sociales. Dise\u00f1amos las actividades de extensi\u00f3n alejadas de formas de transferencia de conocimientos de la instituci\u00f3n a la sociedad, sino como espacios de di\u00e1logo e interacci\u00f3n socio-cultural en el que el conocimiento se recrea y modifica con la sociedad m\u00e1s amplia.<\/div>\n<\/div>\n\n\n\n<p><strong>Contacto:<\/strong>&nbsp;<a href=\"mailto:extensionistlyr@gmail.com\">extensionistlyr@gmail.com<\/a><\/p>\n","protected":false},"excerpt":{"rendered":"<p>Responsable: Lic. Mariana Bernal El \u00e1rea de Extensi\u00f3n, Consultor\u00eda y Difusi\u00f3n se orienta a la promoci\u00f3n y sostenimiento de la vinculaci\u00f3n con distintas instituciones. Por ello, y en consonancia con los objetivos institucionales, el \u00e1rea se propone priorizar el fortalecimiento de los v\u00ednculos que el Instituto Superior de Tiempo Libre y Recreaci\u00f3n ha construido durante &#8230; <a title=\"Extensi\u00f3n, consultor\u00eda y difusi\u00f3n\" class=\"read-more\" href=\"https:\/\/istlyr-caba.infd.edu.ar\/sitio\/extension-consultoria-y-difusion\/\" aria-label=\"More on Extensi\u00f3n, consultor\u00eda y difusi\u00f3n\">[+]<\/a><\/p>\n","protected":false},"author":19,"featured_media":0,"parent":0,"menu_order":0,"comment_status":"closed","ping_status":"closed","template":"","meta":[],"acf":[],"_links":{"self":[{"href":"https:\/\/istlyr-caba.infd.edu.ar\/sitio\/wp-json\/wp\/v2\/pages\/1443"}],"collection":[{"href":"https:\/\/istlyr-caba.infd.edu.ar\/sitio\/wp-json\/wp\/v2\/pages"}],"about":[{"href":"https:\/\/istlyr-caba.infd.edu.ar\/sitio\/wp-json\/wp\/v2\/types\/page"}],"author":[{"embeddable":true,"href":"https:\/\/istlyr-caba.infd.edu.ar\/sitio\/wp-json\/wp\/v2\/users\/19"}],"replies":[{"embeddable":true,"href":"https:\/\/istlyr-caba.infd.edu.ar\/sitio\/wp-json\/wp\/v2\/comments?post=1443"}],"version-history":[{"count":9,"href":"https:\/\/istlyr-caba.infd.edu.ar\/sitio\/wp-json\/wp\/v2\/pages\/1443\/revisions"}],"predecessor-version":[{"id":6947,"href":"https:\/\/istlyr-caba.infd.edu.ar\/sitio\/wp-json\/wp\/v2\/pages\/1443\/revisions\/6947"}],"wp:attachment":[{"href":"https:\/\/istlyr-caba.infd.edu.ar\/sitio\/wp-json\/wp\/v2\/media?parent=1443"}],"curies":[{"name":"wp","href":"https:\/\/api.w.org\/{rel}","templated":true}]}}