{"id":1441,"date":"2018-07-03T13:11:33","date_gmt":"2018-07-03T16:11:33","guid":{"rendered":"https:\/\/istlyr-caba.infd.edu.ar\/sitio\/area-de-acompanamiento-academico-y-bienestar-estudiantil\/"},"modified":"2024-08-31T20:08:30","modified_gmt":"2024-08-31T23:08:30","slug":"area-de-acompanamiento-academico-y-bienestar-estudiantil","status":"publish","type":"page","link":"https:\/\/istlyr-caba.infd.edu.ar\/sitio\/area-de-acompanamiento-academico-y-bienestar-estudiantil\/","title":{"rendered":"\u00c1rea de Acompa\u00f1amiento Acad\u00e9mico y Bienestar Estudiantil"},"content":{"rendered":"<p><span style=\"font-size: revert;\">Es un espacio institucional orientado al trabajo para y con les estudiantes del ISTLyR, con la finalidad de mejorar y profundizar sus experiencias formativas.<\/span><\/p>\n<p>El \u00c1rea se propone,\u00a0<b>desde una escucha atenta y desprejuiciada,<\/b> construir un trabajo sostenido con el claustro de estudiantes, los espacios de participaci\u00f3n estudiantil (Centro de Estudiantes, Cooperadora), docentes y coordinadores.<\/p>\n<p>El acompa\u00f1amiento,\u00a0<b>situado en una perspectiva de g\u00e9nero, derechos y diversidad<\/b>, se da en un marco de acciones que tienen por objeto discutir y reflexionar sobre la realidad acad\u00e9mica del Instituto, la organizaci\u00f3n institucional y la vida estudiantil para llevar adelante acciones concretas.<\/p>\n<p>Si quer\u00e9s comunicarte con la <b>profesora Soledad Gallardo, a cargo del \u00c1rea<\/b>, escribile a\u00a0<span dir=\"ltr\"><b>areabienestarestudiantil@gmail.com<\/b><\/span><\/p>\n","protected":false},"excerpt":{"rendered":"<p>Es un espacio institucional orientado al trabajo para y con les estudiantes del ISTLyR, con la finalidad de mejorar y profundizar sus experiencias formativas. El \u00c1rea se propone,\u00a0desde una escucha atenta y desprejuiciada, construir un trabajo sostenido con el claustro de estudiantes, los espacios de participaci\u00f3n estudiantil (Centro de Estudiantes, Cooperadora), docentes y coordinadores. El &#8230; <a title=\"\u00c1rea de Acompa\u00f1amiento Acad\u00e9mico y Bienestar Estudiantil\" class=\"read-more\" href=\"https:\/\/istlyr-caba.infd.edu.ar\/sitio\/area-de-acompanamiento-academico-y-bienestar-estudiantil\/\" aria-label=\"More on \u00c1rea de Acompa\u00f1amiento Acad\u00e9mico y Bienestar Estudiantil\">[+]<\/a><\/p>\n","protected":false},"author":19,"featured_media":0,"parent":0,"menu_order":0,"comment_status":"closed","ping_status":"closed","template":"","meta":[],"acf":[],"_links":{"self":[{"href":"https:\/\/istlyr-caba.infd.edu.ar\/sitio\/wp-json\/wp\/v2\/pages\/1441"}],"collection":[{"href":"https:\/\/istlyr-caba.infd.edu.ar\/sitio\/wp-json\/wp\/v2\/pages"}],"about":[{"href":"https:\/\/istlyr-caba.infd.edu.ar\/sitio\/wp-json\/wp\/v2\/types\/page"}],"author":[{"embeddable":true,"href":"https:\/\/istlyr-caba.infd.edu.ar\/sitio\/wp-json\/wp\/v2\/users\/19"}],"replies":[{"embeddable":true,"href":"https:\/\/istlyr-caba.infd.edu.ar\/sitio\/wp-json\/wp\/v2\/comments?post=1441"}],"version-history":[{"count":3,"href":"https:\/\/istlyr-caba.infd.edu.ar\/sitio\/wp-json\/wp\/v2\/pages\/1441\/revisions"}],"predecessor-version":[{"id":6257,"href":"https:\/\/istlyr-caba.infd.edu.ar\/sitio\/wp-json\/wp\/v2\/pages\/1441\/revisions\/6257"}],"wp:attachment":[{"href":"https:\/\/istlyr-caba.infd.edu.ar\/sitio\/wp-json\/wp\/v2\/media?parent=1441"}],"curies":[{"name":"wp","href":"https:\/\/api.w.org\/{rel}","templated":true}]}}