{"id":1412,"date":"2018-07-03T13:11:21","date_gmt":"2018-07-03T16:11:21","guid":{"rendered":"https:\/\/istlyr-caba.infd.edu.ar\/sitio\/historia\/"},"modified":"2019-04-08T17:40:50","modified_gmt":"2019-04-08T20:40:50","slug":"historia","status":"publish","type":"page","link":"https:\/\/istlyr-caba.infd.edu.ar\/sitio\/historia\/","title":{"rendered":"Historia"},"content":{"rendered":"<p style=\"text-align: justify;\"><img decoding=\"async\" loading=\"lazy\" class=\"alignnone size-full wp-image-2959\" src=\"https:\/\/istlyr-caba.infd.edu.ar\/sitio\/wp-content\/uploads\/2019\/04\/IMG_2942historia.jpg\" alt=\"\" width=\"1080\" height=\"600\" srcset=\"https:\/\/istlyr-caba.infd.edu.ar\/sitio\/wp-content\/uploads\/2019\/04\/IMG_2942historia.jpg 1080w, https:\/\/istlyr-caba.infd.edu.ar\/sitio\/wp-content\/uploads\/2019\/04\/IMG_2942historia-1000x556.jpg 1000w, https:\/\/istlyr-caba.infd.edu.ar\/sitio\/wp-content\/uploads\/2019\/04\/IMG_2942historia-768x427.jpg 768w\" sizes=\"(max-width: 1080px) 100vw, 1080px\" \/><\/p>\n<p style=\"text-align: justify;\">El Instituto Superior de Tiempo Libre y Recreaci\u00f3n fue creado en 1987. Ese a\u00f1o se abri\u00f3 la primera Tecnicatura, Tiempo Libre y Recreaci\u00f3n, con el objetivo de formar profesionales capaces de desarrollar e implementar proyectos socioculturales de car\u00e1cter grupal, dirigidos, procesuales y de participaci\u00f3n voluntaria a trav\u00e9s del juego y de la l\u00fadica.<\/p>\n<p>En el a\u00f1o 2007 se cre\u00f3 la carrera de Pedagog\u00eda y Educaci\u00f3n Social con el objetivo de formar educadores para desarrollar acciones socioeducativas en \u00e1mbitos culturales, de la salud, educativos y sociales estatales, privados y de la sociedad civil. La formaci\u00f3n se orienta a contribuir a la transmisi\u00f3n de la cultura para la construcci\u00f3n de una ciudadan\u00eda plena.<\/p>\n<p>Finalmente en 2012 se abri\u00f3 la carrera de Comunicaci\u00f3n Social orientada al Desarrollo Local con la propuesta de llevar adelante una formaci\u00f3n que invite a que m\u00e1s voces e im\u00e1genes puedan crearse y circular, y que nuevos actores se sumen a la transformaci\u00f3n de la realidad a trav\u00e9s de la comunicaci\u00f3n como herramienta democratizadora de la cultura.<\/p>\n<p>Actualmente el Instituto cuenta con m\u00e1s de 500 estudiantes y un equipo de alrededor de 100 docentes.<\/p>\n<p style=\"text-align: justify;\"><span style=\"font-family: helvetica;\">\u00a0<\/span><\/p>\n<p style=\"text-align: justify;\">\n","protected":false},"excerpt":{"rendered":"<p>El Instituto Superior de Tiempo Libre y Recreaci\u00f3n fue creado en 1987. Ese a\u00f1o se abri\u00f3 la primera Tecnicatura, Tiempo Libre y Recreaci\u00f3n, con el objetivo de formar profesionales capaces de desarrollar e implementar proyectos socioculturales de car\u00e1cter grupal, dirigidos, procesuales y de participaci\u00f3n voluntaria a trav\u00e9s del juego y de la l\u00fadica. En el &#8230; <a title=\"Historia\" class=\"read-more\" href=\"https:\/\/istlyr-caba.infd.edu.ar\/sitio\/historia\/\" aria-label=\"More on Historia\">[+]<\/a><\/p>\n","protected":false},"author":19,"featured_media":0,"parent":0,"menu_order":0,"comment_status":"closed","ping_status":"closed","template":"","meta":[],"acf":[],"_links":{"self":[{"href":"https:\/\/istlyr-caba.infd.edu.ar\/sitio\/wp-json\/wp\/v2\/pages\/1412"}],"collection":[{"href":"https:\/\/istlyr-caba.infd.edu.ar\/sitio\/wp-json\/wp\/v2\/pages"}],"about":[{"href":"https:\/\/istlyr-caba.infd.edu.ar\/sitio\/wp-json\/wp\/v2\/types\/page"}],"author":[{"embeddable":true,"href":"https:\/\/istlyr-caba.infd.edu.ar\/sitio\/wp-json\/wp\/v2\/users\/19"}],"replies":[{"embeddable":true,"href":"https:\/\/istlyr-caba.infd.edu.ar\/sitio\/wp-json\/wp\/v2\/comments?post=1412"}],"version-history":[{"count":1,"href":"https:\/\/istlyr-caba.infd.edu.ar\/sitio\/wp-json\/wp\/v2\/pages\/1412\/revisions"}],"predecessor-version":[{"id":2960,"href":"https:\/\/istlyr-caba.infd.edu.ar\/sitio\/wp-json\/wp\/v2\/pages\/1412\/revisions\/2960"}],"wp:attachment":[{"href":"https:\/\/istlyr-caba.infd.edu.ar\/sitio\/wp-json\/wp\/v2\/media?parent=1412"}],"curies":[{"name":"wp","href":"https:\/\/api.w.org\/{rel}","templated":true}]}}