{"id":1408,"date":"2018-07-03T13:11:20","date_gmt":"2018-07-03T16:11:20","guid":{"rendered":"https:\/\/istlyr-caba.infd.edu.ar\/sitio\/plan-de-estudios-tecnicatura-superior-en-comunicacion-social\/"},"modified":"2024-09-18T19:07:52","modified_gmt":"2024-09-18T22:07:52","slug":"plan-de-estudios-tecnicatura-superior-en-comunicacion-social","status":"publish","type":"page","link":"https:\/\/istlyr-caba.infd.edu.ar\/sitio\/plan-de-estudios-tecnicatura-superior-en-comunicacion-social\/","title":{"rendered":"Plan de estudios Tecnicatura Superior en Comunicaci\u00f3n Social"},"content":{"rendered":"\n<figure class=\"wp-block-table has-small-font-size\"><table><thead><tr><th><\/th><th class=\"has-text-align-left\" data-align=\"left\">Instancias curriculares<\/th><th class=\"has-text-align-left\" data-align=\"left\">R\u00e9gimen\/ condiciones cursada<\/th><th class=\"has-text-align-left\" data-align=\"left\">hs\/c\u00e1t. sem.<\/th><th class=\"has-text-align-left\" data-align=\"left\">hs\/c\u00e1t.<\/th><th class=\"has-text-align-left\" data-align=\"left\"><strong>trab aut\u00f3n.<\/strong><\/th><\/tr><\/thead><tbody><tr><th rowspan=\"4\">\u00c1rea de<br>Formaci\u00f3n General<\/th><td class=\"has-text-align-left\" data-align=\"left\">Historia social Argentina<\/td><td class=\"has-text-align-left\" data-align=\"left\">Materia cuatrimestral<\/td><td class=\"has-text-align-left\" data-align=\"left\">3 <\/td><td class=\"has-text-align-left\" data-align=\"left\">48<\/td><td class=\"has-text-align-left\" data-align=\"left\">0<\/td><\/tr><tr><td class=\"has-text-align-left\" data-align=\"left\">Sujetos e identidades<\/td><td class=\"has-text-align-left\" data-align=\"left\">Materia cuatrimestral<\/td><td class=\"has-text-align-left\" data-align=\"left\">3<\/td><td class=\"has-text-align-left\" data-align=\"left\">48<\/td><td class=\"has-text-align-left\" data-align=\"left\">0<\/td><\/tr><tr><td class=\"has-text-align-left\" data-align=\"left\">Perspectivas filos\u00f3ficas<br>y culturales contempor\u00e1neas<\/td><td class=\"has-text-align-left\" data-align=\"left\">Materia cuatrimestral<\/td><td class=\"has-text-align-left\" data-align=\"left\">6<\/td><td class=\"has-text-align-left\" data-align=\"left\">96<\/td><td class=\"has-text-align-left\" data-align=\"left\">0<\/td><\/tr><tr><td class=\"has-text-align-left\" data-align=\"left\">Sociedad, Estado y Desarrollo Local<\/td><td class=\"has-text-align-left\" data-align=\"left\">Materia cuatrimestral<\/td><td class=\"has-text-align-left\" data-align=\"left\">6<\/td><td class=\"has-text-align-left\" data-align=\"left\">96<\/td><td class=\"has-text-align-left\" data-align=\"left\">0<\/td><\/tr><tr><th rowspan=\"12\">\u00c1rea de Formaci\u00f3n<br>en Comunicaci\u00f3n<\/th><td class=\"has-text-align-left\" data-align=\"left\">Teor\u00edas de la Comunicaci\u00f3n I<\/td><td class=\"has-text-align-left\" data-align=\"left\">Materia cuatrimestral<\/td><td class=\"has-text-align-left\" data-align=\"left\">6<\/td><td class=\"has-text-align-left\" data-align=\"left\">96<\/td><td class=\"has-text-align-left\" data-align=\"left\">0<\/td><\/tr><tr><td class=\"has-text-align-left\" data-align=\"left\">Teor\u00edas de la Comunicaci\u00f3n II<\/td><td class=\"has-text-align-left\" data-align=\"left\">Materia cuatrimestral<\/td><td class=\"has-text-align-left\" data-align=\"left\">6<\/td><td class=\"has-text-align-left\" data-align=\"left\">96<\/td><td class=\"has-text-align-left\" data-align=\"left\">0<\/td><\/tr><tr><td class=\"has-text-align-left\" data-align=\"left\">Semiolog\u00eda An\u00e1lisis<br>de los discursos sociales<\/td><td class=\"has-text-align-left\" data-align=\"left\">Materia cuatrimestral<\/td><td class=\"has-text-align-left\" data-align=\"left\">6<\/td><td class=\"has-text-align-left\" data-align=\"left\">96<\/td><td class=\"has-text-align-left\" data-align=\"left\">0<\/td><\/tr><tr><td class=\"has-text-align-left\" data-align=\"left\">Comunicaci\u00f3n y Desarrollo I:<br>Abordajes te\u00f3rico-pr\u00e1cticos<\/td><td class=\"has-text-align-left\" data-align=\"left\">Materia cuatrimestral<\/td><td class=\"has-text-align-left\" data-align=\"left\">6<\/td><td class=\"has-text-align-left\" data-align=\"left\">96<\/td><td class=\"has-text-align-left\" data-align=\"left\">0<\/td><\/tr><tr><td class=\"has-text-align-left\" data-align=\"left\">Comunicaci\u00f3n y Desarrollo II:<br>Planificaci\u00f3n y Gesti\u00f3n<br>de proyectos de comunicaci\u00f3n<\/td><td class=\"has-text-align-left\" data-align=\"left\">Materia cuatrimestral<\/td><td class=\"has-text-align-left\" data-align=\"left\">6<\/td><td class=\"has-text-align-left\" data-align=\"left\">96<\/td><td class=\"has-text-align-left\" data-align=\"left\">20<\/td><\/tr><tr><td class=\"has-text-align-left\" data-align=\"left\">Historia de los Medios<br>de Comunicaci\u00f3n<\/td><td class=\"has-text-align-left\" data-align=\"left\">Materia cuatrimestral<\/td><td class=\"has-text-align-left\" data-align=\"left\">3<\/td><td class=\"has-text-align-left\" data-align=\"left\">48<\/td><td class=\"has-text-align-left\" data-align=\"left\">0<\/td><\/tr><tr><td class=\"has-text-align-left\" data-align=\"left\">Derecho a la Comunicaci\u00f3n<\/td><td class=\"has-text-align-left\" data-align=\"left\">Materia cuatrimestral<\/td><td class=\"has-text-align-left\" data-align=\"left\">3<\/td><td class=\"has-text-align-left\" data-align=\"left\">48<\/td><td class=\"has-text-align-left\" data-align=\"left\">0<\/td><\/tr><tr><td class=\"has-text-align-left\" data-align=\"left\">Econom\u00eda Pol\u00edtica y Comunicaci\u00f3n<\/td><td class=\"has-text-align-left\" data-align=\"left\">Seminario cuatrimestral<\/td><td class=\"has-text-align-left\" data-align=\"left\">3 <\/td><td class=\"has-text-align-left\" data-align=\"left\">48<\/td><td class=\"has-text-align-left\" data-align=\"left\">0<\/td><\/tr><tr><td class=\"has-text-align-left\" data-align=\"left\">Comunicaci\u00f3n Institucional<br>y Comunitaria<\/td><td class=\"has-text-align-left\" data-align=\"left\">Taller cuatrimestral<\/td><td class=\"has-text-align-left\" data-align=\"left\">3 <\/td><td class=\"has-text-align-left\" data-align=\"left\">48<\/td><td class=\"has-text-align-left\" data-align=\"left\">20<\/td><\/tr><tr><td class=\"has-text-align-left\" data-align=\"left\">Tecnolog\u00edas de la informaci\u00f3n<br>y la comunicaci\u00f3n<\/td><td class=\"has-text-align-left\" data-align=\"left\">Materia cuatrimestral<\/td><td class=\"has-text-align-left\" data-align=\"left\">3<\/td><td class=\"has-text-align-left\" data-align=\"left\">48<\/td><td class=\"has-text-align-left\" data-align=\"left\">0<\/td><\/tr><tr><td class=\"has-text-align-left\" data-align=\"left\">Idioma extranjero: Portugu\u00e9s<\/td><td class=\"has-text-align-left\" data-align=\"left\">Materia cuatrimestral<\/td><td class=\"has-text-align-left\" data-align=\"left\">3<\/td><td class=\"has-text-align-left\" data-align=\"left\">48<\/td><td class=\"has-text-align-left\" data-align=\"left\">0<\/td><\/tr><tr><td class=\"has-text-align-left\" data-align=\"left\">Seminario Taller de Actualizaci\u00f3n<br>en el \u00c1rea de Comunicaci\u00f3n<\/td><td class=\"has-text-align-left\" data-align=\"left\">Seminario cuatrimestral<\/td><td class=\"has-text-align-left\" data-align=\"left\">3<\/td><td class=\"has-text-align-left\" data-align=\"left\">48<\/td><td class=\"has-text-align-left\" data-align=\"left\">0<\/td><\/tr><tr><th rowspan=\"3\">\u00c1rea de las<br>pr\u00e1cticas profesionalizantes<\/th><td class=\"has-text-align-left\" data-align=\"left\">Pr\u00e1cticas Profesionalizantes I:<br>El campo de la Comunicaci\u00f3n<br>en el Desarrollo local<\/td><td class=\"has-text-align-left\" data-align=\"left\">Taller cuatrimestral<\/td><td class=\"has-text-align-left\" data-align=\"left\">3<\/td><td class=\"has-text-align-left\" data-align=\"left\">48<\/td><td class=\"has-text-align-left\" data-align=\"left\">30<\/td><\/tr><tr><td class=\"has-text-align-left\" data-align=\"left\">Pr\u00e1cticas Profesionalizantes II:<br>Desarrollo de Intervenciones<br>Comunicacionales<\/td><td class=\"has-text-align-left\" data-align=\"left\">Taller cuatrimestral <\/td><td class=\"has-text-align-left\" data-align=\"left\">6<\/td><td class=\"has-text-align-left\" data-align=\"left\">96<\/td><td class=\"has-text-align-left\" data-align=\"left\">50<\/td><\/tr><tr><td class=\"has-text-align-left\" data-align=\"left\">Pr\u00e1cticas Profesionalizantes III:<br>Dise\u00f1o, desarrollo y evaluaci\u00f3n<br>de proyectos de comunicaci\u00f3n<br>y desarrollo local.<\/td><td class=\"has-text-align-left\" data-align=\"left\">Taller anual <\/td><td class=\"has-text-align-left\" data-align=\"left\">6<\/td><td class=\"has-text-align-left\" data-align=\"left\">192<\/td><td class=\"has-text-align-left\" data-align=\"left\">100<\/td><\/tr><tr><th colspan=\"5\">Carga horaria total de la carrera: <\/th><td class=\"has-text-align-left\" data-align=\"left\">2416<\/td><\/tr><\/tbody><\/table><\/figure>\n\n\n\n<p><span style=\"color: #000000; font-family: Verdana; font-size: small;\"><\/span><\/p>\n\n\n\n<p><span style=\"font-size: 10pt;\">Si desea descargar el PDF del Plan de Estudios de la Carrera haga clic <a title=\"Comunicacion Social\" href=\"upload\/ComunicacionSocial.pdf\" target=\"_blank\" rel=\"noopener\">aqu\u00ed.<\/a><\/span><\/p>\n","protected":false},"excerpt":{"rendered":"<p>Instancias curriculares R\u00e9gimen\/ condiciones cursada hs\/c\u00e1t. sem. hs\/c\u00e1t. trab aut\u00f3n. \u00c1rea deFormaci\u00f3n General Historia social Argentina Materia cuatrimestral 3 48 0 Sujetos e identidades Materia cuatrimestral 3 48 0 Perspectivas filos\u00f3ficasy culturales contempor\u00e1neas Materia cuatrimestral 6 96 0 Sociedad, Estado y Desarrollo Local Materia cuatrimestral 6 96 0 \u00c1rea de Formaci\u00f3nen Comunicaci\u00f3n Teor\u00edas de la &#8230; <a title=\"Plan de estudios Tecnicatura Superior en Comunicaci\u00f3n Social\" class=\"read-more\" href=\"https:\/\/istlyr-caba.infd.edu.ar\/sitio\/plan-de-estudios-tecnicatura-superior-en-comunicacion-social\/\" aria-label=\"More on Plan de estudios Tecnicatura Superior en Comunicaci\u00f3n Social\">[+]<\/a><\/p>\n","protected":false},"author":19,"featured_media":0,"parent":0,"menu_order":0,"comment_status":"closed","ping_status":"closed","template":"","meta":[],"acf":[],"_links":{"self":[{"href":"https:\/\/istlyr-caba.infd.edu.ar\/sitio\/wp-json\/wp\/v2\/pages\/1408"}],"collection":[{"href":"https:\/\/istlyr-caba.infd.edu.ar\/sitio\/wp-json\/wp\/v2\/pages"}],"about":[{"href":"https:\/\/istlyr-caba.infd.edu.ar\/sitio\/wp-json\/wp\/v2\/types\/page"}],"author":[{"embeddable":true,"href":"https:\/\/istlyr-caba.infd.edu.ar\/sitio\/wp-json\/wp\/v2\/users\/19"}],"replies":[{"embeddable":true,"href":"https:\/\/istlyr-caba.infd.edu.ar\/sitio\/wp-json\/wp\/v2\/comments?post=1408"}],"version-history":[{"count":4,"href":"https:\/\/istlyr-caba.infd.edu.ar\/sitio\/wp-json\/wp\/v2\/pages\/1408\/revisions"}],"predecessor-version":[{"id":6401,"href":"https:\/\/istlyr-caba.infd.edu.ar\/sitio\/wp-json\/wp\/v2\/pages\/1408\/revisions\/6401"}],"wp:attachment":[{"href":"https:\/\/istlyr-caba.infd.edu.ar\/sitio\/wp-json\/wp\/v2\/media?parent=1408"}],"curies":[{"name":"wp","href":"https:\/\/api.w.org\/{rel}","templated":true}]}}