{"id":1406,"date":"2018-07-03T13:11:19","date_gmt":"2018-07-03T16:11:19","guid":{"rendered":"https:\/\/istlyr-caba.infd.edu.ar\/sitio\/plan-de-estudios-2\/"},"modified":"2024-09-18T18:49:30","modified_gmt":"2024-09-18T21:49:30","slug":"plan-de-estudios-2","status":"publish","type":"page","link":"https:\/\/istlyr-caba.infd.edu.ar\/sitio\/plan-de-estudios-2\/","title":{"rendered":"Plan de estudios"},"content":{"rendered":"\n<figure class=\"wp-block-table has-small-font-size\"><table><thead><tr><th><\/th><th class=\"has-text-align-left\" data-align=\"left\">Instancias curriculares<\/th><th class=\"has-text-align-left\" data-align=\"left\">R\u00e9gimen\/ condiciones cursada<\/th><th class=\"has-text-align-left\" data-align=\"left\">hs\/c\u00e1t<\/th><th class=\"has-text-align-left\" data-align=\"left\">hs\/c\u00e1t. sem.<\/th><th class=\"has-text-align-left\" data-align=\"left\">trab aut\u00f3n.<\/th><\/tr><\/thead><tbody><tr><th rowspan=\"9\">\u00c1rea de Formaci\u00f3n en el An\u00e1lisis<br>y comprensi\u00f3n del contexto social<\/th><td class=\"has-text-align-left\" data-align=\"left\">Historia social Argentina<\/td><td class=\"has-text-align-left\" data-align=\"left\">Materia cuatrimestral<\/td><td class=\"has-text-align-left\" data-align=\"left\">3<\/td><td class=\"has-text-align-left\" data-align=\"left\">0<\/td><td class=\"has-text-align-left\" data-align=\"left\">48<\/td><\/tr><tr><td class=\"has-text-align-left\" data-align=\"left\">Sociedad y cultura<\/td><td class=\"has-text-align-left\" data-align=\"left\">Materia cuatrimestral<\/td><td class=\"has-text-align-left\" data-align=\"left\">3<\/td><td class=\"has-text-align-left\" data-align=\"left\">0<\/td><td class=\"has-text-align-left\" data-align=\"left\">48<\/td><\/tr><tr><td class=\"has-text-align-left\" data-align=\"left\">Pedagog\u00eda<\/td><td class=\"has-text-align-left\" data-align=\"left\">Materia cuatrimestral<\/td><td class=\"has-text-align-left\" data-align=\"left\">6<\/td><td class=\"has-text-align-left\" data-align=\"left\">0<\/td><td class=\"has-text-align-left\" data-align=\"left\">96<\/td><\/tr><tr><td class=\"has-text-align-left\" data-align=\"left\">Mundo del trabajo<br>y formaci\u00f3n profesional<\/td><td class=\"has-text-align-left\" data-align=\"left\">Materia cuatrimestral<\/td><td class=\"has-text-align-left\" data-align=\"left\">3<\/td><td class=\"has-text-align-left\" data-align=\"left\">0<\/td><td class=\"has-text-align-left\" data-align=\"left\">48<\/td><\/tr><tr><td class=\"has-text-align-left\" data-align=\"left\">Pol\u00edticas p\u00fablicas<br>sociales y educativas<\/td><td class=\"has-text-align-left\" data-align=\"left\">Materia cuatrimestral<\/td><td class=\"has-text-align-left\" data-align=\"left\">3<\/td><td class=\"has-text-align-left\" data-align=\"left\">0<\/td><td class=\"has-text-align-left\" data-align=\"left\">48<\/td><\/tr><tr><td class=\"has-text-align-left\" data-align=\"left\">Sujetos y aprendizaje<\/td><td class=\"has-text-align-left\" data-align=\"left\">Materia cuatrimestral<\/td><td class=\"has-text-align-left\" data-align=\"left\">3<\/td><td class=\"has-text-align-left\" data-align=\"left\">0<\/td><td class=\"has-text-align-left\" data-align=\"left\">48<\/td><\/tr><tr><td class=\"has-text-align-left\" data-align=\"left\">Sujetos e identidades<\/td><td class=\"has-text-align-left\" data-align=\"left\">Materia cuatrimestral<\/td><td class=\"has-text-align-left\" data-align=\"left\">3<\/td><td class=\"has-text-align-left\" data-align=\"left\">0<\/td><td class=\"has-text-align-left\" data-align=\"left\">48<\/td><\/tr><tr><td class=\"has-text-align-left\" data-align=\"left\">Comunicaci\u00f3n, tecnolog\u00edas<br>y educaci\u00f3n<\/td><td class=\"has-text-align-left\" data-align=\"left\">Materia cuatrimestral<\/td><td class=\"has-text-align-left\" data-align=\"left\">3<\/td><td class=\"has-text-align-left\" data-align=\"left\">0<\/td><td class=\"has-text-align-left\" data-align=\"left\">48<\/td><\/tr><tr><td class=\"has-text-align-left\" data-align=\"left\">\u00c9tica<\/td><td class=\"has-text-align-left\" data-align=\"left\">Materia cuatrimestral<\/td><td class=\"has-text-align-left\" data-align=\"left\">3<\/td><td class=\"has-text-align-left\" data-align=\"left\">0<\/td><td class=\"has-text-align-left\" data-align=\"left\">48<\/td><\/tr><tr><th rowspan=\"6\">\u00c1rea de Formaci\u00f3n en Pedagog\u00eda<br>y educaci\u00f3n social<\/th><td class=\"has-text-align-left\" data-align=\"left\">Sujetos de la educaci\u00f3n social:<br>Infancias y adolescencias<\/td><td class=\"has-text-align-left\" data-align=\"left\">Materia cuatrimestral<\/td><td class=\"has-text-align-left\" data-align=\"left\">6<\/td><td class=\"has-text-align-left\" data-align=\"left\">0<\/td><td class=\"has-text-align-left\" data-align=\"left\">96<\/td><\/tr><tr><td class=\"has-text-align-left\" data-align=\"left\">Sujetos de la educaci\u00f3n social:<br>Adultos y organzaciones sociales<\/td><td class=\"has-text-align-left\" data-align=\"left\">Materia cuatrimestral<\/td><td class=\"has-text-align-left\" data-align=\"left\">3<\/td><td class=\"has-text-align-left\" data-align=\"left\">0<\/td><td class=\"has-text-align-left\" data-align=\"left\">48<\/td><\/tr><tr><td class=\"has-text-align-left\" data-align=\"left\">Pedagog\u00eda y educaci\u00f3n social I<\/td><td class=\"has-text-align-left\" data-align=\"left\">Materia cuatrimestral<\/td><td class=\"has-text-align-left\" data-align=\"left\">6<\/td><td class=\"has-text-align-left\" data-align=\"left\">0<\/td><td class=\"has-text-align-left\" data-align=\"left\">96<\/td><\/tr><tr><td class=\"has-text-align-left\" data-align=\"left\">Pedagog\u00eda y educaci\u00f3n social II<\/td><td class=\"has-text-align-left\" data-align=\"left\">Materia cuatrimestral<\/td><td class=\"has-text-align-left\" data-align=\"left\">6<\/td><td class=\"has-text-align-left\" data-align=\"left\">0<\/td><td class=\"has-text-align-left\" data-align=\"left\">96<\/td><\/tr><tr><td class=\"has-text-align-left\" data-align=\"left\">Psicolog\u00eda social e institucional<\/td><td class=\"has-text-align-left\" data-align=\"left\">Materia cuatrimestral<\/td><td class=\"has-text-align-left\" data-align=\"left\">6<\/td><td class=\"has-text-align-left\" data-align=\"left\">0<\/td><td class=\"has-text-align-left\" data-align=\"left\">96<\/td><\/tr><tr><td class=\"has-text-align-left\" data-align=\"left\">Seminario de Actualizaci\u00f3n\/<br>Profundizaci\u00f3n<\/td><td class=\"has-text-align-left\" data-align=\"left\">Seminario cuatrimestral<\/td><td class=\"has-text-align-left\" data-align=\"left\">3<\/td><td class=\"has-text-align-left\" data-align=\"left\">20<\/td><td class=\"has-text-align-left\" data-align=\"left\">68<\/td><\/tr><tr><th rowspan=\"12\">\u00c1rea de la formaci\u00f3n en Gesti\u00f3n<br>de proyectos socioeducativos<\/th><td class=\"has-text-align-left\" data-align=\"left\">Taller Investigaci\u00f3n social y educativa<\/td><td class=\"has-text-align-left\" data-align=\"left\">Taller cuatrimestral<\/td><td class=\"has-text-align-left\" data-align=\"left\">3<\/td><td class=\"has-text-align-left\" data-align=\"left\">0<\/td><td class=\"has-text-align-left\" data-align=\"left\">48<\/td><\/tr><tr><td class=\"has-text-align-left\" data-align=\"left\">Dise\u00f1o y gesti\u00f3n integral<br>de proyectos socioeducativos<\/td><td class=\"has-text-align-left\" data-align=\"left\">Materia cuatrimestral<\/td><td class=\"has-text-align-left\" data-align=\"left\">6<\/td><td class=\"has-text-align-left\" data-align=\"left\">0<\/td><td class=\"has-text-align-left\" data-align=\"left\">96<\/td><\/tr><tr><td class=\"has-text-align-left\" data-align=\"left\">Seminario de Estudios urbanos<br>y experiencias socioculturales<\/td><td class=\"has-text-align-left\" data-align=\"left\">Seminario cuatrimestral<\/td><td class=\"has-text-align-left\" data-align=\"left\">3<\/td><td class=\"has-text-align-left\" data-align=\"left\">24<\/td><td class=\"has-text-align-left\" data-align=\"left\">72<\/td><\/tr><tr><td class=\"has-text-align-left\" data-align=\"left\">Taller de Arte, educaci\u00f3n y sociedad<\/td><td class=\"has-text-align-left\" data-align=\"left\">Taller cuatrimestral<\/td><td class=\"has-text-align-left\" data-align=\"left\">3<\/td><td class=\"has-text-align-left\" data-align=\"left\">24<\/td><td class=\"has-text-align-left\" data-align=\"left\">72<\/td><\/tr><tr><td class=\"has-text-align-left\" data-align=\"left\">Taller de Arte y lenguajes expresivos<\/td><td class=\"has-text-align-left\" data-align=\"left\">Taller cuatrimestral<\/td><td class=\"has-text-align-left\" data-align=\"left\">3<\/td><td class=\"has-text-align-left\" data-align=\"left\">24<\/td><td class=\"has-text-align-left\" data-align=\"left\">72<\/td><\/tr><tr><td class=\"has-text-align-left\" data-align=\"left\">Taller de producci\u00f3n de materiales<br>de comunicaci\u00f3n y educaci\u00f3n<\/td><td class=\"has-text-align-left\" data-align=\"left\">Taller cuatrimestral<\/td><td class=\"has-text-align-left\" data-align=\"left\">3<\/td><td class=\"has-text-align-left\" data-align=\"left\">24<\/td><td class=\"has-text-align-left\" data-align=\"left\">72<\/td><\/tr><tr><td class=\"has-text-align-left\" data-align=\"left\">Seminario de Judicializaci\u00f3n,<br>pobreza y vulnerabilidad social<\/td><td class=\"has-text-align-left\" data-align=\"left\">Seminario cuatrimestral<\/td><td class=\"has-text-align-left\" data-align=\"left\">3 <\/td><td class=\"has-text-align-left\" data-align=\"left\">0<\/td><td class=\"has-text-align-left\" data-align=\"left\">48<\/td><\/tr><tr><td class=\"has-text-align-left\" data-align=\"left\">Taller de herramientas inform\u00e1ticas<\/td><td class=\"has-text-align-left\" data-align=\"left\">Taller cuatrimestral<\/td><td class=\"has-text-align-left\" data-align=\"left\">3<\/td><td class=\"has-text-align-left\" data-align=\"left\">0<\/td><td class=\"has-text-align-left\" data-align=\"left\">48<\/td><\/tr><tr><td class=\"has-text-align-left\" data-align=\"left\">Taller de escritura y<br>memoria profesional<\/td><td class=\"has-text-align-left\" data-align=\"left\">Taller cuatrimestral<\/td><td class=\"has-text-align-left\" data-align=\"left\">3<\/td><td class=\"has-text-align-left\" data-align=\"left\">25<\/td><td class=\"has-text-align-left\" data-align=\"left\">73<\/td><\/tr><tr><td class=\"has-text-align-left\" data-align=\"left\">Seminario de Perspectiva<br>de g\u00e9nero, identidad y derechos<\/td><td class=\"has-text-align-left\" data-align=\"left\">Seminario cuatrimestral<\/td><td class=\"has-text-align-left\" data-align=\"left\">3<\/td><td class=\"has-text-align-left\" data-align=\"left\">0<\/td><td class=\"has-text-align-left\" data-align=\"left\">48<\/td><\/tr><tr><td class=\"has-text-align-left\" data-align=\"left\">Seminario de Actualizaci\u00f3n\/<br>Profundizaci\u00f3n en el<br>campo de la l\u00fadica<\/td><td class=\"has-text-align-left\" data-align=\"left\">Seminario cuatrimestral<\/td><td class=\"has-text-align-left\" data-align=\"left\">3<\/td><td class=\"has-text-align-left\" data-align=\"left\">18<\/td><td class=\"has-text-align-left\" data-align=\"left\">66<\/td><\/tr><tr><td class=\"has-text-align-left\" data-align=\"left\">Seminario de Profundizaci\u00f3n<\/td><td class=\"has-text-align-left\" data-align=\"left\">Seminario cuatrimestral<\/td><td class=\"has-text-align-left\" data-align=\"left\">3<\/td><td class=\"has-text-align-left\" data-align=\"left\">18<\/td><td class=\"has-text-align-left\" data-align=\"left\">66<\/td><\/tr><tr><th rowspan=\"3\">\u00c1rea de las<br>pr\u00e1cticas profesionalizantes<\/th><td class=\"has-text-align-left\" data-align=\"left\">Observaci\u00f3n institucional<br>Ocho semanas de 3 hs<\/td><td class=\"has-text-align-left\" data-align=\"left\">Taller cuatrimestral<\/td><td class=\"has-text-align-left\" data-align=\"left\">6 <\/td><td class=\"has-text-align-left\" data-align=\"left\">24<\/td><td class=\"has-text-align-left\" data-align=\"left\">96 <br>24<\/td><\/tr><tr><td class=\"has-text-align-left\" data-align=\"left\">Desarrollo de actividades<br>socioeducativas<br>Ocho semanas de 4 hs.<\/td><td class=\"has-text-align-left\" data-align=\"left\">Taller anual<\/td><td class=\"has-text-align-left\" data-align=\"left\">6<\/td><td class=\"has-text-align-left\" data-align=\"left\">64<\/td><td class=\"has-text-align-left\" data-align=\"left\"> 64<br>192<\/td><\/tr><tr><td class=\"has-text-align-left\" data-align=\"left\">Dise\u00f1o e implementaci\u00f3n<br>de proyectos socioeducativos<br>Ocho semanas de 6 hs.<\/td><td class=\"has-text-align-left\" data-align=\"left\">Taller anual<\/td><td class=\"has-text-align-left\" data-align=\"left\">6<\/td><td class=\"has-text-align-left\" data-align=\"left\">96<\/td><td class=\"has-text-align-left\" data-align=\"left\">96<br>192<\/td><\/tr><tr><th colspan=\"5\">Carga horaria total de la carrera: <\/th><td class=\"has-text-align-left\" data-align=\"left\">2425<\/td><\/tr><\/tbody><\/table><\/figure>\n\n\n\n<p>Si desea descargar el PDF del Plan de Estudios de la Carrera haga clic <a rel=\"noreferrer noopener\" href=\"upload\/PYES.pdf\" target=\"_blank\">aqu\u00ed<\/a>.<\/p>\n","protected":false},"excerpt":{"rendered":"<p>Instancias curriculares R\u00e9gimen\/ condiciones cursada hs\/c\u00e1t hs\/c\u00e1t. sem. trab aut\u00f3n. \u00c1rea de Formaci\u00f3n en el An\u00e1lisisy comprensi\u00f3n del contexto social Historia social Argentina Materia cuatrimestral 3 0 48 Sociedad y cultura Materia cuatrimestral 3 0 48 Pedagog\u00eda Materia cuatrimestral 6 0 96 Mundo del trabajoy formaci\u00f3n profesional Materia cuatrimestral 3 0 48 Pol\u00edticas p\u00fablicassociales y &#8230; <a title=\"Plan de estudios\" class=\"read-more\" href=\"https:\/\/istlyr-caba.infd.edu.ar\/sitio\/plan-de-estudios-2\/\" aria-label=\"More on Plan de estudios\">[+]<\/a><\/p>\n","protected":false},"author":19,"featured_media":0,"parent":0,"menu_order":0,"comment_status":"closed","ping_status":"closed","template":"","meta":[],"acf":[],"_links":{"self":[{"href":"https:\/\/istlyr-caba.infd.edu.ar\/sitio\/wp-json\/wp\/v2\/pages\/1406"}],"collection":[{"href":"https:\/\/istlyr-caba.infd.edu.ar\/sitio\/wp-json\/wp\/v2\/pages"}],"about":[{"href":"https:\/\/istlyr-caba.infd.edu.ar\/sitio\/wp-json\/wp\/v2\/types\/page"}],"author":[{"embeddable":true,"href":"https:\/\/istlyr-caba.infd.edu.ar\/sitio\/wp-json\/wp\/v2\/users\/19"}],"replies":[{"embeddable":true,"href":"https:\/\/istlyr-caba.infd.edu.ar\/sitio\/wp-json\/wp\/v2\/comments?post=1406"}],"version-history":[{"count":10,"href":"https:\/\/istlyr-caba.infd.edu.ar\/sitio\/wp-json\/wp\/v2\/pages\/1406\/revisions"}],"predecessor-version":[{"id":6396,"href":"https:\/\/istlyr-caba.infd.edu.ar\/sitio\/wp-json\/wp\/v2\/pages\/1406\/revisions\/6396"}],"wp:attachment":[{"href":"https:\/\/istlyr-caba.infd.edu.ar\/sitio\/wp-json\/wp\/v2\/media?parent=1406"}],"curies":[{"name":"wp","href":"https:\/\/api.w.org\/{rel}","templated":true}]}}