{"id":1403,"date":"2018-07-03T13:11:18","date_gmt":"2018-07-03T16:11:18","guid":{"rendered":"https:\/\/istlyr-caba.infd.edu.ar\/sitio\/plan-de-estudios\/"},"modified":"2026-02-27T09:42:52","modified_gmt":"2026-02-27T12:42:52","slug":"plan-de-estudios","status":"publish","type":"page","link":"https:\/\/istlyr-caba.infd.edu.ar\/sitio\/plan-de-estudios\/","title":{"rendered":"Plan de Estudios"},"content":{"rendered":"\n<p><span style=\"font-family: arial,helvetica,sans-serif; font-size: 10pt;\">&nbsp;<\/span><\/p>\n\n\n\n<figure class=\"wp-block-table has-small-font-size\"><table><thead><tr><th class=\"has-text-align-left\" data-align=\"left\">\u00c1rea de formaci\u00f3n<\/th><th class=\"has-text-align-left\" data-align=\"left\"><strong>Instancias curriculares<\/strong><\/th><th class=\"has-text-align-left\" data-align=\"left\"><strong>R\u00e9gimen\/ condiciones cursada<\/strong><\/th><th class=\"has-text-align-left\" data-align=\"left\"><strong>hs\/c\u00e1t.<\/strong> sem.<\/th><th class=\"has-text-align-left\" data-align=\"left\"><strong>hs. trab.<\/strong> aut\u00f3n.<\/th><th class=\"has-text-align-left\" data-align=\"left\">Total<\/th><\/tr><\/thead><tbody><tr><th class=\"has-text-align-left\" data-align=\"left\" rowspan=\"5\"><strong>\u00c1rea Sociedad, cultura y tiempo libre<\/strong><\/th><td class=\"has-text-align-left\" data-align=\"left\">Historia social Argentina<\/td><td class=\"has-text-align-left\" data-align=\"left\">Materia cuatrimestral<\/td><td class=\"has-text-align-left\" data-align=\"left\">3<\/td><td class=\"has-text-align-left\" data-align=\"left\"><\/td><td class=\"has-text-align-left\" data-align=\"left\">48<\/td><\/tr><tr><td class=\"has-text-align-left\" data-align=\"left\">Sociolog\u00eda de la cultura<br>y del tiempo libre<\/td><td class=\"has-text-align-left\" data-align=\"left\">Materia cuatrimestral<\/td><td class=\"has-text-align-left\" data-align=\"left\">6 <\/td><td class=\"has-text-align-left\" data-align=\"left\"><\/td><td class=\"has-text-align-left\" data-align=\"left\">96<\/td><\/tr><tr><td class=\"has-text-align-left\" data-align=\"left\">Historias y teor\u00edas del tiempo <br>libre y la recreaci\u00f3n<\/td><td class=\"has-text-align-left\" data-align=\"left\">Materia cuatrimestral<\/td><td class=\"has-text-align-left\" data-align=\"left\">6 <\/td><td class=\"has-text-align-left\" data-align=\"left\"><\/td><td class=\"has-text-align-left\" data-align=\"left\">96<\/td><\/tr><tr><td class=\"has-text-align-left\" data-align=\"left\">Historias y teor\u00edas del juego<\/td><td class=\"has-text-align-left\" data-align=\"left\">Materia cuatrimestral<\/td><td class=\"has-text-align-left\" data-align=\"left\">6 <\/td><td class=\"has-text-align-left\" data-align=\"left\"><\/td><td class=\"has-text-align-left\" data-align=\"left\">96<\/td><\/tr><tr><td class=\"has-text-align-left\" data-align=\"left\">Pol\u00edticas y organizaciones<br>del tiempo libre y la recreaci\u00f3n<\/td><td class=\"has-text-align-left\" data-align=\"left\">Materia cuatrimestral<\/td><td class=\"has-text-align-left\" data-align=\"left\">3 <\/td><td class=\"has-text-align-left\" data-align=\"left\">20 <\/td><td class=\"has-text-align-left\" data-align=\"left\">68<\/td><\/tr><tr><th class=\"has-text-align-left\" data-align=\"left\" rowspan=\"4\"><strong>\u00c1rea Sujetos, instituciones y contextos<\/strong><\/th><td class=\"has-text-align-left\" data-align=\"left\">Sujetos e identidades<\/td><td class=\"has-text-align-left\" data-align=\"left\">Materia cuatrimestral<\/td><td class=\"has-text-align-left\" data-align=\"left\">3 <\/td><td class=\"has-text-align-left\" data-align=\"left\"><\/td><td class=\"has-text-align-left\" data-align=\"left\">48<\/td><\/tr><tr><td class=\"has-text-align-left\" data-align=\"left\">Sujetos de la recreaci\u00f3n I:<br>infancias y adolescencias<\/td><td class=\"has-text-align-left\" data-align=\"left\">Materia cuatrimestral<\/td><td class=\"has-text-align-left\" data-align=\"left\">6 <\/td><td class=\"has-text-align-left\" data-align=\"left\"><\/td><td class=\"has-text-align-left\" data-align=\"left\">96<\/td><\/tr><tr><td class=\"has-text-align-left\" data-align=\"left\">Sujetos de la recreaci\u00f3n II<br>adultos y tercera edad<\/td><td class=\"has-text-align-left\" data-align=\"left\">Materia cuatrimestral<\/td><td class=\"has-text-align-left\" data-align=\"left\">3 <\/td><td class=\"has-text-align-left\" data-align=\"left\"><\/td><td class=\"has-text-align-left\" data-align=\"left\">48<\/td><\/tr><tr><td class=\"has-text-align-left\" data-align=\"left\">Psicolog\u00eda social e institucional<\/td><td class=\"has-text-align-left\" data-align=\"left\">Materia cuatrimestral<\/td><td class=\"has-text-align-left\" data-align=\"left\">6 <\/td><td class=\"has-text-align-left\" data-align=\"left\"><\/td><td class=\"has-text-align-left\" data-align=\"left\">96<\/td><\/tr><tr><th class=\"has-text-align-left\" data-align=\"left\" rowspan=\"9\"><strong>\u00c1rea Recreaci\u00f3n, Pedagog\u00eda y proyectos<\/strong><\/th><td class=\"has-text-align-left\" data-align=\"left\">Recreaci\u00f3n y Educaci\u00f3n.<br>Contextos y mediaciones<\/td><td class=\"has-text-align-left\" data-align=\"left\">Materia cuatrimestral<\/td><td class=\"has-text-align-left\" data-align=\"left\">6 <\/td><td class=\"has-text-align-left\" data-align=\"left\">20 <\/td><td class=\"has-text-align-left\" data-align=\"left\">116<\/td><\/tr><tr><td class=\"has-text-align-left\" data-align=\"left\">Recreaci\u00f3n y Pedagog\u00eda.<br>Pr\u00e1cticas y sentidos<\/td><td class=\"has-text-align-left\" data-align=\"left\">Materia cuatrimestral<\/td><td class=\"has-text-align-left\" data-align=\"left\">6 <\/td><td class=\"has-text-align-left\" data-align=\"left\"><\/td><td class=\"has-text-align-left\" data-align=\"left\">96<\/td><\/tr><tr><td class=\"has-text-align-left\" data-align=\"left\">Taller de Dise\u00f1o integral<br>de proyectos de Recreaci\u00f3n<\/td><td class=\"has-text-align-left\" data-align=\"left\">Taller cuatrimestral<\/td><td class=\"has-text-align-left\" data-align=\"left\">6 <\/td><td class=\"has-text-align-left\" data-align=\"left\"><\/td><td class=\"has-text-align-left\" data-align=\"left\">116<\/td><\/tr><tr><td class=\"has-text-align-left\" data-align=\"left\">Taller de experiencias l\u00fadicas y juegos<\/td><td class=\"has-text-align-left\" data-align=\"left\">Taller cuatrimestral<\/td><td class=\"has-text-align-left\" data-align=\"left\">6 <\/td><td class=\"has-text-align-left\" data-align=\"left\"><\/td><td class=\"has-text-align-left\" data-align=\"left\">96<\/td><\/tr><tr><td class=\"has-text-align-left\" data-align=\"left\">Taller de coordinaci\u00f3n de actividades<br>l\u00fadicas en Recreaci\u00f3n<\/td><td class=\"has-text-align-left\" data-align=\"left\">Taller cuatrimestral<\/td><td class=\"has-text-align-left\" data-align=\"left\">6 <\/td><td class=\"has-text-align-left\" data-align=\"left\"><\/td><td class=\"has-text-align-left\" data-align=\"left\">96<\/td><\/tr><tr><td class=\"has-text-align-left\" data-align=\"left\">Taller de coordinaci\u00f3n de espacios<br>y proyectos en Recreaci\u00f3n<\/td><td class=\"has-text-align-left\" data-align=\"left\">Taller cuatrimestral<\/td><td class=\"has-text-align-left\" data-align=\"left\">3 <\/td><td class=\"has-text-align-left\" data-align=\"left\">20 <\/td><td class=\"has-text-align-left\" data-align=\"left\">68<\/td><\/tr><tr><td class=\"has-text-align-left\" data-align=\"left\">Taller de experiencias recreativas<br>en la naturaleza<\/td><td class=\"has-text-align-left\" data-align=\"left\">Taller cuatrimestral<\/td><td class=\"has-text-align-left\" data-align=\"left\">3 <\/td><td class=\"has-text-align-left\" data-align=\"left\">30 <\/td><td class=\"has-text-align-left\" data-align=\"left\">78<\/td><\/tr><tr><td class=\"has-text-align-left\" data-align=\"left\">Taller la dimensi\u00f3n ambiental<br>en las experiencias l\u00fadicas<\/td><td class=\"has-text-align-left\" data-align=\"left\">Taller cuatrimestral<\/td><td class=\"has-text-align-left\" data-align=\"left\">3 <\/td><td class=\"has-text-align-left\" data-align=\"left\">50 <\/td><td class=\"has-text-align-left\" data-align=\"left\">98<\/td><\/tr><tr><td class=\"has-text-align-left\" data-align=\"left\">Taller de gesti\u00f3n y documentaci\u00f3n<br>de proyectos de recreaci\u00f3n o<br>Taller de escritura<br>y memoria profesional<\/td><td class=\"has-text-align-left\" data-align=\"left\">Taller cuatrimestral<\/td><td class=\"has-text-align-left\" data-align=\"left\">3 <\/td><td class=\"has-text-align-left\" data-align=\"left\">20 <\/td><td class=\"has-text-align-left\" data-align=\"left\">68<\/td><\/tr><tr><th class=\"has-text-align-left\" data-align=\"left\" rowspan=\"7\"><strong>\u00c1rea Artes, expresi\u00f3n y lenguajes<\/strong><\/th><td class=\"has-text-align-left\" data-align=\"left\">Taller de expresi\u00f3n corporal<\/td><td class=\"has-text-align-left\" data-align=\"left\">Taller cuatrimestral<\/td><td class=\"has-text-align-left\" data-align=\"left\">3 <\/td><td class=\"has-text-align-left\" data-align=\"left\">0<\/td><td class=\"has-text-align-left\" data-align=\"left\">48<\/td><\/tr><tr><td class=\"has-text-align-left\" data-align=\"left\">Taller de expresi\u00f3n musical<\/td><td class=\"has-text-align-left\" data-align=\"left\">Taller cuatrimestral<\/td><td class=\"has-text-align-left\" data-align=\"left\">3 <\/td><td class=\"has-text-align-left\" data-align=\"left\">6<\/td><td class=\"has-text-align-left\" data-align=\"left\">54<\/td><\/tr><tr><td class=\"has-text-align-left\" data-align=\"left\">Taller de expresi\u00f3n pl\u00e1stica<\/td><td class=\"has-text-align-left\" data-align=\"left\">Taller cuatrimestral<\/td><td class=\"has-text-align-left\" data-align=\"left\">3 <\/td><td class=\"has-text-align-left\" data-align=\"left\">6<\/td><td class=\"has-text-align-left\" data-align=\"left\">54<\/td><\/tr><tr><td class=\"has-text-align-left\" data-align=\"left\">Taller de lectura, escritura<br>y literatura infantil y juvenil<\/td><td class=\"has-text-align-left\" data-align=\"left\">Taller cuatrimestral<\/td><td class=\"has-text-align-left\" data-align=\"left\">3 <\/td><td class=\"has-text-align-left\" data-align=\"left\">6<\/td><td class=\"has-text-align-left\" data-align=\"left\">54<\/td><\/tr><tr><td class=\"has-text-align-left\" data-align=\"left\">Taller de lenguajes esc\u00e9nicos<\/td><td class=\"has-text-align-left\" data-align=\"left\">Taller cuatrimestral<\/td><td class=\"has-text-align-left\" data-align=\"left\">3 <\/td><td class=\"has-text-align-left\" data-align=\"left\">6<\/td><td class=\"has-text-align-left\" data-align=\"left\">54<\/td><\/tr><tr><td class=\"has-text-align-left\" data-align=\"left\">Taller de medios audiovisuales<br>y TICS<\/td><td class=\"has-text-align-left\" data-align=\"left\">Taller cuatrimestral<\/td><td class=\"has-text-align-left\" data-align=\"left\">3 <\/td><td class=\"has-text-align-left\" data-align=\"left\">6 <\/td><td class=\"has-text-align-left\" data-align=\"left\">54<\/td><\/tr><tr><td class=\"has-text-align-left\" data-align=\"left\">Taller de herramientas inform\u00e1ticas<\/td><td class=\"has-text-align-left\" data-align=\"left\">Taller cuatrimestral<\/td><td class=\"has-text-align-left\" data-align=\"left\">3 <\/td><td class=\"has-text-align-left\" data-align=\"left\">0 <\/td><td class=\"has-text-align-left\" data-align=\"left\">48<\/td><\/tr><tr><th class=\"has-text-align-left\" data-align=\"left\" rowspan=\"2\"><strong>Profundizaci\u00f3n\/ actualizaci\u00f3n<\/strong><\/th><td class=\"has-text-align-left\" data-align=\"left\">Seminario electivo de actualizaci\u00f3n<br>y\/o profundizaci\u00f3n<\/td><td class=\"has-text-align-left\" data-align=\"left\">Seminario cuatrimestral<\/td><td class=\"has-text-align-left\" data-align=\"left\">3<\/td><td class=\"has-text-align-left\" data-align=\"left\">0<\/td><td class=\"has-text-align-left\" data-align=\"left\">48<\/td><\/tr><tr><td class=\"has-text-align-left\" data-align=\"left\">Taller electivo de actualizaci\u00f3n<br>y\/o profundizaci\u00f3n<\/td><td class=\"has-text-align-left\" data-align=\"left\">Taller cuatrimestral<\/td><td class=\"has-text-align-left\" data-align=\"left\">3 <\/td><td class=\"has-text-align-left\" data-align=\"left\">0 <\/td><td class=\"has-text-align-left\" data-align=\"left\">48<\/td><\/tr><tr><th class=\"has-text-align-left\" data-align=\"left\" rowspan=\"4\"><strong>Pr\u00e1cticas profesionalizantes<\/strong><\/th><td class=\"has-text-align-left\" data-align=\"left\">Pr\u00e1cticas profesionales I<br>(Pr\u00e1ct. de iniciaci\u00f3n en recreaci\u00f3n)<\/td><td class=\"has-text-align-left\" data-align=\"left\">Taller cuatrimestral<\/td><td class=\"has-text-align-left\" data-align=\"left\">3<\/td><td class=\"has-text-align-left\" data-align=\"left\">60<\/td><td class=\"has-text-align-left\" data-align=\"left\">108<\/td><\/tr><tr><td class=\"has-text-align-left\" data-align=\"left\">Pr\u00e1cticas profesionales II<br>(Pr\u00e1ct. de desarrollo en recreaci\u00f3n)<\/td><td class=\"has-text-align-left\" data-align=\"left\">Taller cuatrimestral<\/td><td class=\"has-text-align-left\" data-align=\"left\">3 <\/td><td class=\"has-text-align-left\" data-align=\"left\">60<\/td><td class=\"has-text-align-left\" data-align=\"left\">108<\/td><\/tr><tr><td class=\"has-text-align-left\" data-align=\"left\">Pr\u00e1cticas profesionales III (Pr\u00e1ct.<br>de consolidaci\u00f3n en recreaci\u00f3n)<\/td><td class=\"has-text-align-left\" data-align=\"left\">Taller cuatrimestral<\/td><td class=\"has-text-align-left\" data-align=\"left\">3 <\/td><td class=\"has-text-align-left\" data-align=\"left\">60<\/td><td class=\"has-text-align-left\" data-align=\"left\">108<\/td><\/tr><tr><td class=\"has-text-align-left\" data-align=\"left\">Pr\u00e1cticas profesionales IV (Pr\u00e1ct.<br>de especializaci\u00f3n en recreaci\u00f3n)<\/td><td class=\"has-text-align-left\" data-align=\"left\">Taller cuatrimestral<\/td><td class=\"has-text-align-left\" data-align=\"left\">3 <\/td><td class=\"has-text-align-left\" data-align=\"left\">60 <\/td><td class=\"has-text-align-left\" data-align=\"left\">108<\/td><\/tr><tr><th class=\"has-text-align-left\" data-align=\"left\" colspan=\"5\"><strong>Carga horaria total de la carrera:<\/strong><\/th><td class=\"has-text-align-left\" data-align=\"left\">2418<\/td><\/tr><\/tbody><\/table><\/figure>\n\n\n\n<p>&nbsp;Si dese\u00e1s descargar en PDF el Plan de Estudios de la Carrera, hac\u00e9 <a rel=\"noreferrer noopener\" href=\"https:\/\/istlyr-caba.infd.edu.ar\/sitio\/wp-admin\/upload\/TiempoLibreyRecreacion.pdf\" target=\"_blank\">clic aqu\u00ed.<\/a><\/p>\n","protected":false},"excerpt":{"rendered":"<p>&nbsp; \u00c1rea de formaci\u00f3n Instancias curriculares R\u00e9gimen\/ condiciones cursada hs\/c\u00e1t. sem. hs. trab. aut\u00f3n. Total \u00c1rea Sociedad, cultura y tiempo libre Historia social Argentina Materia cuatrimestral 3 48 Sociolog\u00eda de la culturay del tiempo libre Materia cuatrimestral 6 96 Historias y teor\u00edas del tiempo libre y la recreaci\u00f3n Materia cuatrimestral 6 96 Historias y teor\u00edas &#8230; <a title=\"Plan de Estudios\" class=\"read-more\" href=\"https:\/\/istlyr-caba.infd.edu.ar\/sitio\/plan-de-estudios\/\" aria-label=\"More on Plan de Estudios\">[+]<\/a><\/p>\n","protected":false},"author":19,"featured_media":0,"parent":0,"menu_order":0,"comment_status":"closed","ping_status":"closed","template":"","meta":[],"acf":[],"_links":{"self":[{"href":"https:\/\/istlyr-caba.infd.edu.ar\/sitio\/wp-json\/wp\/v2\/pages\/1403"}],"collection":[{"href":"https:\/\/istlyr-caba.infd.edu.ar\/sitio\/wp-json\/wp\/v2\/pages"}],"about":[{"href":"https:\/\/istlyr-caba.infd.edu.ar\/sitio\/wp-json\/wp\/v2\/types\/page"}],"author":[{"embeddable":true,"href":"https:\/\/istlyr-caba.infd.edu.ar\/sitio\/wp-json\/wp\/v2\/users\/19"}],"replies":[{"embeddable":true,"href":"https:\/\/istlyr-caba.infd.edu.ar\/sitio\/wp-json\/wp\/v2\/comments?post=1403"}],"version-history":[{"count":13,"href":"https:\/\/istlyr-caba.infd.edu.ar\/sitio\/wp-json\/wp\/v2\/pages\/1403\/revisions"}],"predecessor-version":[{"id":7618,"href":"https:\/\/istlyr-caba.infd.edu.ar\/sitio\/wp-json\/wp\/v2\/pages\/1403\/revisions\/7618"}],"wp:attachment":[{"href":"https:\/\/istlyr-caba.infd.edu.ar\/sitio\/wp-json\/wp\/v2\/media?parent=1403"}],"curies":[{"name":"wp","href":"https:\/\/api.w.org\/{rel}","templated":true}]}}