{"id":1387,"date":"2018-07-03T13:11:12","date_gmt":"2018-07-03T16:11:12","guid":{"rendered":"https:\/\/istlyr-caba.infd.edu.ar\/sitio\/calendario-academico\/"},"modified":"2026-03-31T13:57:11","modified_gmt":"2026-03-31T16:57:11","slug":"calendario-academico","status":"publish","type":"page","link":"https:\/\/istlyr-caba.infd.edu.ar\/sitio\/calendario-academico\/","title":{"rendered":"Calendario Acad\u00e9mico"},"content":{"rendered":"\n<p><strong>Primer cuatrimestre 2026<\/strong><\/p>\n\n\n\n<figure class=\"wp-block-table is-style-regular\"><table><tbody><tr><td rowspan=\"8\"><strong><mark style=\"background-color:rgba(0, 0, 0, 0);color:#af1c53\" class=\"has-inline-color\">Febrero<\/mark><\/strong><\/td><td><strong>Preinscripci\u00f3n a Tecnicaturas por SIU GUARAN\u00cd \u2013 ESTUDIANTES INGRESANTES<\/strong><br>Del 1 de febrero al 4 de marzo<\/td><\/tr><tr><td><strong>Inscripci\u00f3n a mesas de ex\u00e1menes finaIes turno febrero\/marzo \u2013 ESTUDIANTES REGULARES<\/strong><br>del lunes 9\/02 al viernes 13<\/td><\/tr><tr><td><strong><mark style=\"background-color:rgba(0, 0, 0, 0);color:#d5690b\" class=\"has-inline-color\">Feriados de Carnaval<\/mark><\/strong><br><mark style=\"background-color:rgba(0, 0, 0, 0);color:#d5690b\" class=\"has-inline-color\">lunes 16 y martes 17<\/mark><\/td><\/tr><tr><td><strong>Mesas de examen Turno Febrero\/ Marzo \u2013 ESTUDIANTES REGULARES<\/strong><br>Del mi\u00e9rcoles 18\/02 al martes 03\/03<\/td><\/tr><tr><td><strong>Examen de PREINGRESO \u2013 ESTUDIANTES INGRESANTES<\/strong><br>Del mi\u00e9rcoles 18 de febrero al viernes 6 de marzo<\/td><\/tr><tr><td><strong>Taller aulas Moodle (para docentes)<\/strong><br>Del lunes 23 al viernes 27<\/td><\/tr><tr><td><strong>Primera reuni\u00f3n de Consejo Directivo<\/strong><br>Martes 24<\/td><\/tr><tr><td><strong>Fecha l\u00edmite de entrega de informes de gesti\u00f3n -per\u00edodo 2025- <br>para Jefaturas, Responsabilidades y Coordinaciones<\/strong><br>Viernes 27<\/td><\/tr><tr><td rowspan=\"7\"><strong><mark style=\"background-color:rgba(0, 0, 0, 0);color:#af1c53\" class=\"has-inline-color\">Marzo<\/mark><\/strong><\/td><td><strong>Inscripci\u00f3n a materias del primer cuatrimestre y anuales por SIU GUARAN\u00cd<\/strong><br>Del 1 al 6<\/td><\/tr><tr><td><strong>Curso introductorio \u2013 ESTUDIANTES INGRESANTES<\/strong><br>Del lunes 2 al mi\u00e9rcoles 4<\/td><\/tr><tr><td><strong>Reuni\u00f3n de Jefaturas, Responsabilidades, Coordinaciones y Equipo Directivo<\/strong><br>Jueves 5<\/td><\/tr><tr><td><mark style=\"background-color:rgba(0, 0, 0, 0);color:#af1c53\" class=\"has-inline-color\"><strong>Jornada EMI &#8211; Reuni\u00f3n docente <\/strong><\/mark><br><mark style=\"background-color:rgba(0, 0, 0, 0);color:#af1c53\" class=\"has-inline-color\">Mi\u00e9rcoles 11<\/mark><\/td><\/tr><tr><td><strong><mark style=\"background-color:rgba(0, 0, 0, 0);color:#088198\" class=\"has-inline-color\">Inicio de clases para todes les estudiantes<\/mark><\/strong><br><mark style=\"background-color:rgba(0, 0, 0, 0);color:#088198\" class=\"has-inline-color\">Lunes 16<\/mark><\/td><\/tr><tr><td><mark style=\"background-color:rgba(0, 0, 0, 0);color:#d5690b\" class=\"has-inline-color\"><strong>Feriado D\u00eda de la Verdad, la Memoria y la Justicia<\/strong><\/mark><br><mark style=\"background-color:rgba(0, 0, 0, 0);color:#d5690b\" class=\"has-inline-color\">Lunes 23 y Martes 24<\/mark><\/td><\/tr><tr><td><mark style=\"background-color:rgba(0, 0, 0, 0);color:#af1c53\" class=\"has-inline-color\"><strong>Actividades por los 50 a\u00f1os del golpe de Estado<\/strong><\/mark><br><mark style=\"background-color:rgba(0, 0, 0, 0);color:#af1c53\" class=\"has-inline-color\">Acto principal + acciones entre m\u00f3dulos<\/mark><\/td><\/tr><tr><td rowspan=\"6\"><strong><mark style=\"background-color:rgba(0, 0, 0, 0);color:#af1c53\" class=\"has-inline-color\">Abril<\/mark><\/strong><\/td><td><mark style=\"background-color:rgba(0, 0, 0, 0);color:#d5690b\" class=\"has-inline-color\"><strong>Feriado D\u00eda del Veterano y de los Ca\u00eddos en Malvinas<\/strong><\/mark><br><mark style=\"background-color:rgba(0, 0, 0, 0);color:#d5690b\" class=\"has-inline-color\">Jueves 2<\/mark><\/td><\/tr><tr><td><mark style=\"background-color:rgba(0, 0, 0, 0);color:#d5690b\" class=\"has-inline-color\"><strong>Feriados por Semana Santa<\/strong><\/mark><br><mark style=\"background-color:rgba(0, 0, 0, 0);color:#d5690b\" class=\"has-inline-color\">Jueves 2 y viernes 3<\/mark> <\/td><\/tr><tr><td><mark style=\"background-color:rgba(0, 0, 0, 0);color:#af1c53\" class=\"has-inline-color\"><strong>Actividades por la Memoria<\/strong><\/mark><br><mark style=\"background-color:rgba(0, 0, 0, 0);color:#af1c53\" class=\"has-inline-color\">Sin suspensi\u00f3n de clases<\/mark><\/td><\/tr><tr><td><strong>Asamblea de Cooperadora &#8211; sin suspensi\u00f3n de clases&nbsp;<\/strong><br>Martes 21 de 20:30 a 21:30 h<\/td><\/tr><tr><td><strong>Asamblea Estudiantil &#8211; con suspensi\u00f3n de clases&nbsp;<\/strong><br>Jueves 23, 21 h<\/td><\/tr><tr><td><strong><mark style=\"background-color:rgba(0, 0, 0, 0);color:#af1c53\" class=\"has-inline-color\">1\u00ba Jornada ESI<\/mark><\/strong><br><mark style=\"background-color:rgba(0, 0, 0, 0);color:#af1c53\" class=\"has-inline-color\">Mi\u00e9rcoles 29 de 19 a 21 h (Participaci\u00f3n obligatoria con suspensi\u00f3n de clases)<\/mark><\/td><\/tr><tr><td rowspan=\"6\"><strong><mark style=\"background-color:rgba(0, 0, 0, 0);color:#af1c53\" class=\"has-inline-color\">Mayo<\/mark><\/strong><\/td><td><strong><mark style=\"background-color:rgba(0, 0, 0, 0);color:#d5690b\" class=\"has-inline-color\">Feriado D\u00eda de les Trabajadores<\/mark><\/strong><br><mark style=\"background-color:rgba(0, 0, 0, 0);color:#d5690b\" class=\"has-inline-color\">Viernes 1<\/mark><\/td><\/tr><tr><td><strong>B\u00fasqueda de libros &#8211; Actividad organizada por Biblioteca<\/strong>&nbsp;<br>Mi\u00e9rcoles 13, durante el recreo<\/td><\/tr><tr><td><strong>Fecha l\u00edmite para entrega de Anexo III \u2013 Pr\u00e1cticas profesionalizantes<\/strong>&nbsp;<br>Viernes 15<\/td><\/tr><tr><td><mark style=\"background-color:rgba(0, 0, 0, 0);color:#af1c53\" class=\"has-inline-color\"><strong>Elecciones de autoridades del instituto <\/strong><\/mark><br><mark style=\"background-color:rgba(0, 0, 0, 0);color:#af1c53\" class=\"has-inline-color\">Fecha a definir<\/mark><\/td><\/tr><tr><td><strong><mark style=\"background-color:rgba(0, 0, 0, 0);color:#d5690b\" class=\"has-inline-color\">Feriado por la Revoluci\u00f3n de Mayo<\/mark><\/strong><br><mark style=\"background-color:rgba(0, 0, 0, 0);color:#d5690b\" class=\"has-inline-color\">Lunes 25<\/mark><\/td><\/tr><tr><td><strong>Preinscripci\u00f3n a Tecnicaturas por SIU GUARAN\u00cd \u2013 ESTUDIANTES INGRESANTES&nbsp;<\/strong><br>Del lunes 25 de mayo al jueves 9 de julio<\/td><\/tr><tr><td rowspan=\"4\"><strong><mark style=\"background-color:rgba(0, 0, 0, 0);color:#af1c53\" class=\"has-inline-color\">Junio<\/mark><\/strong><\/td><td><strong>Examen de PREINGRESO \u2013&nbsp;<strong>ESTUDIANTES INGRESANTES&nbsp;<\/strong><\/strong><br>Del 1 de junio al 19 de julio<\/td><\/tr><tr><td><strong><mark style=\"background-color:rgba(0, 0, 0, 0);color:#af1c53\" class=\"has-inline-color\">Jornada Institucional sobre Salud Mental<\/mark><\/strong><br><mark style=\"background-color:rgba(0, 0, 0, 0);color:#af1c53\" class=\"has-inline-color\">Primera semana de junio (Con suspensi\u00f3n de clases)<\/mark><\/td><\/tr><tr><td><strong><mark style=\"background-color:rgba(0, 0, 0, 0);color:#d5690b\" class=\"has-inline-color\">Feriado Paso a la Inmortalidad de G\u00fcemes<\/mark><\/strong><br><mark style=\"background-color:rgba(0, 0, 0, 0);color:#d5690b\" class=\"has-inline-color\">Mi\u00e9rcoles 17<\/mark><\/td><\/tr><tr><td><strong><mark style=\"background-color:rgba(0, 0, 0, 0);color:#d5690b\" class=\"has-inline-color\">Feriado Paso a la Inmortalidad de Belgrano<\/mark><\/strong><br><mark style=\"background-color:rgba(0, 0, 0, 0);color:#d5690b\" class=\"has-inline-color\">S\u00e1bado 20<\/mark><\/td><\/tr><tr><td rowspan=\"7\"><strong><mark style=\"background-color:rgba(0, 0, 0, 0);color:#af1c53\" class=\"has-inline-color\">Julio<\/mark><\/strong><\/td><td><strong><mark style=\"background-color:rgba(0, 0, 0, 0);color:#088198\" class=\"has-inline-color\">Fin de cursada del primer cuatrimestre<\/mark><\/strong><br><mark style=\"background-color:rgba(0, 0, 0, 0);color:#088198\" class=\"has-inline-color\">Viernes 3 <\/mark><\/td><\/tr><tr><td><mark style=\"background-color:rgba(0, 0, 0, 0);color:#088198\" class=\"has-inline-color\"><strong>Fecha l\u00edmite para carga de notas por SIU GUARAN\u00cd <\/strong><\/mark><br><mark style=\"background-color:rgba(0, 0, 0, 0);color:#088198\" class=\"has-inline-color\">S\u00e1bado 4<\/mark> <\/td><\/tr><tr><td><strong>Reuniones docentes&nbsp;<\/strong><br>Semana del 6 al 10. D\u00eda a definir<\/td><\/tr><tr><td><strong>Inscripci\u00f3n a mesas de ex\u00e1menes finaIes turno julio\/ agosto por SIU GUARAN\u00cd\u2013 ESTUDIANTES REGULARES&nbsp;<\/strong><br>Del 6 al 9<\/td><\/tr><tr><td><mark style=\"background-color:rgba(0, 0, 0, 0);color:#d5690b\" class=\"has-inline-color\"><strong><mark style=\"background-color:rgba(0, 0, 0, 0);color:#d5690b\" class=\"has-inline-color\">Feriado D\u00eda de la Independencia<\/mark><\/strong><\/mark><br><mark style=\"background-color:rgba(0, 0, 0, 0);color:#d5690b\" class=\"has-inline-color\">Jueves 9 y viernes 10<\/mark> <\/td><\/tr><tr><td><strong>Primera semana de examen turno julio\/ agosto &#8211; <strong>ESTUDIANTES REGULARES&nbsp;<\/strong>&nbsp;<\/strong><br>Del 13 al 17<\/td><\/tr><tr><td><mark style=\"background-color:rgba(0, 0, 0, 0);color:#088198\" class=\"has-inline-color\"><strong>Receso de invierno<\/strong><\/mark><br><mark style=\"background-color:rgba(0, 0, 0, 0);color:#088198\" class=\"has-inline-color\">Del 20 al 31<\/mark><\/td><\/tr><tr><td rowspan=\"3\"><strong><mark style=\"background-color:rgba(0, 0, 0, 0);color:#af1c53\" class=\"has-inline-color\">Agosto<\/mark><\/strong><\/td><td><strong>Segunda semana de examen turno julio\/ agosto &#8211; <strong>ESTUDIANTES REGULARES<\/strong><\/strong><br>Del 3 al 7<\/td><\/tr><tr><td><strong>Inscripci\u00f3n a materias del primer cuatrimestre por SIU GUARAN\u00cd<\/strong><br>Del 3 al 7<\/td><\/tr><tr><td><mark style=\"background-color:rgba(0, 0, 0, 0);color:#d5690b\" class=\"has-inline-color\"><strong><mark style=\"background-color:rgba(0, 0, 0, 0);color:#d5690b\" class=\"has-inline-color\">Feriado Paso a la Inmortalidad del Gral. Don Jos\u00e9 de San Mart\u00edn<\/mark><\/strong><\/mark><br><mark style=\"background-color:rgba(0, 0, 0, 0);color:#d5690b\" class=\"has-inline-color\">Lunes 17<\/mark> <\/td><\/tr><tr><td colspan=\"2\"><mark style=\"background-color:rgba(0, 0, 0, 0);color:#088198\" class=\"has-inline-color\"><strong>Per\u00edodo de clases del segundo cuatrimestre<\/strong><\/mark><br><mark style=\"background-color:rgba(0, 0, 0, 0);color:#088198\" class=\"has-inline-color\">Del lunes 10 de agosto al viernes 27 de noviembre<\/mark><\/td><\/tr><\/tbody><\/table><\/figure>\n","protected":false},"excerpt":{"rendered":"<p>Primer cuatrimestre 2026 Febrero Preinscripci\u00f3n a Tecnicaturas por SIU GUARAN\u00cd \u2013 ESTUDIANTES INGRESANTESDel 1 de febrero al 4 de marzo Inscripci\u00f3n a mesas de ex\u00e1menes finaIes turno febrero\/marzo \u2013 ESTUDIANTES REGULARESdel lunes 9\/02 al viernes 13 Feriados de Carnavallunes 16 y martes 17 Mesas de examen Turno Febrero\/ Marzo \u2013 ESTUDIANTES REGULARESDel mi\u00e9rcoles 18\/02 al &#8230; <a title=\"Calendario Acad\u00e9mico\" class=\"read-more\" href=\"https:\/\/istlyr-caba.infd.edu.ar\/sitio\/calendario-academico\/\" aria-label=\"More on Calendario Acad\u00e9mico\">[+]<\/a><\/p>\n","protected":false},"author":766,"featured_media":0,"parent":0,"menu_order":0,"comment_status":"closed","ping_status":"closed","template":"","meta":[],"acf":[],"_links":{"self":[{"href":"https:\/\/istlyr-caba.infd.edu.ar\/sitio\/wp-json\/wp\/v2\/pages\/1387"}],"collection":[{"href":"https:\/\/istlyr-caba.infd.edu.ar\/sitio\/wp-json\/wp\/v2\/pages"}],"about":[{"href":"https:\/\/istlyr-caba.infd.edu.ar\/sitio\/wp-json\/wp\/v2\/types\/page"}],"author":[{"embeddable":true,"href":"https:\/\/istlyr-caba.infd.edu.ar\/sitio\/wp-json\/wp\/v2\/users\/766"}],"replies":[{"embeddable":true,"href":"https:\/\/istlyr-caba.infd.edu.ar\/sitio\/wp-json\/wp\/v2\/comments?post=1387"}],"version-history":[{"count":70,"href":"https:\/\/istlyr-caba.infd.edu.ar\/sitio\/wp-json\/wp\/v2\/pages\/1387\/revisions"}],"predecessor-version":[{"id":7651,"href":"https:\/\/istlyr-caba.infd.edu.ar\/sitio\/wp-json\/wp\/v2\/pages\/1387\/revisions\/7651"}],"wp:attachment":[{"href":"https:\/\/istlyr-caba.infd.edu.ar\/sitio\/wp-json\/wp\/v2\/media?parent=1387"}],"curies":[{"name":"wp","href":"https:\/\/api.w.org\/{rel}","templated":true}]}}