{"id":1379,"date":"2018-07-03T13:11:08","date_gmt":"2018-07-03T16:11:08","guid":{"rendered":"https:\/\/istlyr-caba.infd.edu.ar\/sitio\/tecnicatura-superior-en-comunicacion-social\/"},"modified":"2024-06-28T12:38:49","modified_gmt":"2024-06-28T15:38:49","slug":"tecnicatura-superior-en-comunicacion-social","status":"publish","type":"page","link":"https:\/\/istlyr-caba.infd.edu.ar\/sitio\/tecnicatura-superior-en-comunicacion-social\/","title":{"rendered":"Tecnicatura Superior en Comunicaci\u00f3n Social"},"content":{"rendered":"<p><img decoding=\"async\" loading=\"lazy\" class=\"alignnone size-full wp-image-3006\" src=\"https:\/\/istlyr-caba.infd.edu.ar\/sitio\/wp-content\/uploads\/2019\/04\/comIMG_20171025_180710.jpg\" alt=\"\" width=\"1080\" height=\"600\" srcset=\"https:\/\/istlyr-caba.infd.edu.ar\/sitio\/wp-content\/uploads\/2019\/04\/comIMG_20171025_180710.jpg 1080w, https:\/\/istlyr-caba.infd.edu.ar\/sitio\/wp-content\/uploads\/2019\/04\/comIMG_20171025_180710-1000x556.jpg 1000w, https:\/\/istlyr-caba.infd.edu.ar\/sitio\/wp-content\/uploads\/2019\/04\/comIMG_20171025_180710-768x427.jpg 768w\" sizes=\"(max-width: 1080px) 100vw, 1080px\" \/><\/p>\n<p><a href=\"https:\/\/istlyr-caba.infd.edu.ar\/sitio\/plan-de-estudios-tecnicatura-superior-en-comunicacion-social\/\">Ver Plan de estudios<\/a><\/p>\n<p>El T\u00e9cnico Superior en Comunicaci\u00f3n Social orientada al Desarrollo Local est\u00e1 capacitado para:<\/p>\n<ul>\n<li>Diagnosticar, planificar, gestionar, ejecutar y evaluar procesos y proyectos de comunicaci\u00f3n a nivel comunitario, local, municipal y regional.<\/li>\n<li>Elaborar materiales y contenidos en diversos lenguajes medi\u00e1ticos que puedan circular y distribuirse a trav\u00e9s de distintos soportes.<\/li>\n<li>Adecuar contenidos a partir de la comprensi\u00f3n de sus circuitos de producci\u00f3n, circulaci\u00f3n y distribuci\u00f3n, sus estrategias y dispositivos narrativos y de enunciaci\u00f3n, teniendo en cuenta el destinatario del mensaje.<\/li>\n<li>Desarrollar estrategias de gesti\u00f3n de recursos, producci\u00f3n y desarrollo de fondos en el marco de emprendimientos socio-comunitarios impulsados por organizaciones sociales, de la econom\u00eda social y sin fines de lucro, a fin de que logren llevar adelante propuestas comunicacionales sostenibles y sustentables.<\/li>\n<li>Promover y acompa\u00f1ar experiencias formativas que tengan como eje la comunicaci\u00f3n y los medios en sus diferentes soportes, con especial \u00e9nfasis en el uso de las nuevas tecnolog\u00edas de la comunicaci\u00f3n y la informaci\u00f3n en tanto herramientas de democratizaci\u00f3n de la comunicaci\u00f3n, la cultura y el conocimiento.<\/li>\n<li>Articular los diversos actores de la sociedad, construyendo capacidades de an\u00e1lisis e intervenci\u00f3n en problem\u00e1ticas asociadas al efectivo ejercicio de los derechos humanos y sociales en el \u00e1mbito local, en una din\u00e1mica conjunta de creaci\u00f3n de posibilidades para el desarrollo.<\/li>\n<\/ul>\n<p><img decoding=\"async\" loading=\"lazy\" class=\"alignnone size-full wp-image-3005\" src=\"https:\/\/istlyr-caba.infd.edu.ar\/sitio\/wp-content\/uploads\/2019\/04\/com.jpg\" alt=\"\" width=\"1080\" height=\"400\" srcset=\"https:\/\/istlyr-caba.infd.edu.ar\/sitio\/wp-content\/uploads\/2019\/04\/com.jpg 1080w, https:\/\/istlyr-caba.infd.edu.ar\/sitio\/wp-content\/uploads\/2019\/04\/com-1000x370.jpg 1000w, https:\/\/istlyr-caba.infd.edu.ar\/sitio\/wp-content\/uploads\/2019\/04\/com-768x284.jpg 768w\" sizes=\"(max-width: 1080px) 100vw, 1080px\" \/><\/p>\n<p>El egresado de la Tecnicatura Superior en Comunicaci\u00f3n Social orientada al Desarrollo Local puede desempe\u00f1arse en medios de comunicaci\u00f3n, organismos del estado, organizaciones comunitarias y culturales, ONGs, instituciones privadas y consultoras, entre otros espacios.<\/p>\n<p>El T\u00e9cnico Superior en Comunicaci\u00f3n Social orientada\u00a0al Desarrollo Local entiende la comunicaci\u00f3n como\u00a0herramienta democratizadora de la cultura y el conocimiento\u00a0como clave para contribuir a la transformaci\u00f3n de la realidad.<\/p>\n<p><iframe loading=\"lazy\" src=\"https:\/\/www.youtube.com\/embed\/gJdgHyU6-Xw?rel=0&amp;showinfo=0&amp;wmode=transparent\" width=\"640\" height=\"360\" frameborder=\"0\" allowfullscreen=\"allowfullscreen\"><\/iframe><\/p>\n","protected":false},"excerpt":{"rendered":"<p>Ver Plan de estudios El T\u00e9cnico Superior en Comunicaci\u00f3n Social orientada al Desarrollo Local est\u00e1 capacitado para: Diagnosticar, planificar, gestionar, ejecutar y evaluar procesos y proyectos de comunicaci\u00f3n a nivel comunitario, local, municipal y regional. Elaborar materiales y contenidos en diversos lenguajes medi\u00e1ticos que puedan circular y distribuirse a trav\u00e9s de distintos soportes. Adecuar contenidos &#8230; <a title=\"Tecnicatura Superior en Comunicaci\u00f3n Social\" class=\"read-more\" href=\"https:\/\/istlyr-caba.infd.edu.ar\/sitio\/tecnicatura-superior-en-comunicacion-social\/\" aria-label=\"More on Tecnicatura Superior en Comunicaci\u00f3n Social\">[+]<\/a><\/p>\n","protected":false},"author":19,"featured_media":0,"parent":0,"menu_order":0,"comment_status":"closed","ping_status":"closed","template":"","meta":[],"acf":[],"_links":{"self":[{"href":"https:\/\/istlyr-caba.infd.edu.ar\/sitio\/wp-json\/wp\/v2\/pages\/1379"}],"collection":[{"href":"https:\/\/istlyr-caba.infd.edu.ar\/sitio\/wp-json\/wp\/v2\/pages"}],"about":[{"href":"https:\/\/istlyr-caba.infd.edu.ar\/sitio\/wp-json\/wp\/v2\/types\/page"}],"author":[{"embeddable":true,"href":"https:\/\/istlyr-caba.infd.edu.ar\/sitio\/wp-json\/wp\/v2\/users\/19"}],"replies":[{"embeddable":true,"href":"https:\/\/istlyr-caba.infd.edu.ar\/sitio\/wp-json\/wp\/v2\/comments?post=1379"}],"version-history":[{"count":2,"href":"https:\/\/istlyr-caba.infd.edu.ar\/sitio\/wp-json\/wp\/v2\/pages\/1379\/revisions"}],"predecessor-version":[{"id":5985,"href":"https:\/\/istlyr-caba.infd.edu.ar\/sitio\/wp-json\/wp\/v2\/pages\/1379\/revisions\/5985"}],"wp:attachment":[{"href":"https:\/\/istlyr-caba.infd.edu.ar\/sitio\/wp-json\/wp\/v2\/media?parent=1379"}],"curies":[{"name":"wp","href":"https:\/\/api.w.org\/{rel}","templated":true}]}}