{"id":1377,"date":"2018-07-03T13:11:07","date_gmt":"2018-07-03T16:11:07","guid":{"rendered":"https:\/\/istlyr-caba.infd.edu.ar\/sitio\/tecnicatura-superior-en-pedagogia-y-educacion-social\/"},"modified":"2024-06-28T12:37:58","modified_gmt":"2024-06-28T15:37:58","slug":"tecnicatura-superior-en-pedagogia-y-educacion-social","status":"publish","type":"page","link":"https:\/\/istlyr-caba.infd.edu.ar\/sitio\/tecnicatura-superior-en-pedagogia-y-educacion-social\/","title":{"rendered":"Tecnicatura Superior en Pedagog\u00eda y Educaci\u00f3n Social"},"content":{"rendered":"<p><img decoding=\"async\" loading=\"lazy\" class=\"alignnone size-full wp-image-2996\" src=\"https:\/\/istlyr-caba.infd.edu.ar\/sitio\/wp-content\/uploads\/2019\/04\/pyesDSC00393.jpg\" alt=\"\" width=\"1080\" height=\"600\" srcset=\"https:\/\/istlyr-caba.infd.edu.ar\/sitio\/wp-content\/uploads\/2019\/04\/pyesDSC00393.jpg 1080w, https:\/\/istlyr-caba.infd.edu.ar\/sitio\/wp-content\/uploads\/2019\/04\/pyesDSC00393-1000x556.jpg 1000w, https:\/\/istlyr-caba.infd.edu.ar\/sitio\/wp-content\/uploads\/2019\/04\/pyesDSC00393-768x427.jpg 768w\" sizes=\"(max-width: 1080px) 100vw, 1080px\" \/><\/p>\n<p><a href=\"https:\/\/istlyr-caba.infd.edu.ar\/sitio\/plan-de-estudios-2\/\">&gt; Ver Plan de estudios<\/a><\/p>\n<p>El T\u00e9cnico Superior en Pedagog\u00eda y Educaci\u00f3n Social (PyES) estar\u00e1 en condiciones de desempe\u00f1ar las siguientes funciones:<\/p>\n<ul>\n<li>Analizar e interpretar la situaci\u00f3n socioeducativa general y las particularidades del contexto en el que realizar\u00e1 sus funciones.<\/li>\n<li>Interpretar pol\u00edticas sociales y educativas que atraviesan el \u00e1mbito de intervenci\u00f3n.<\/li>\n<li>Dise\u00f1ar, implementar y evaluar proyectos, programas y acciones educativas pertenecientes a los \u00e1mbitos p\u00fablico, privado y de la sociedad civil, y enfocadas al desarrollo socioeducativo en las comunidades y a la promoci\u00f3n social de sujetos y colectivos.<\/li>\n<li>Desarrollar estrategias para la inclusi\u00f3n y promoci\u00f3n de ciudadan\u00eda plena en los sujetos y colectivos que atraviesan situaciones de vulnerabilidad.<\/li>\n<li>Promover, comunicar y difundir planes, programas, proyectos y acciones educativas, art\u00edsticas y culturales para favorecer el acceso pleno al patrimonio cultural.<\/li>\n<li>Participar en la producci\u00f3n, sistematizaci\u00f3n y difusi\u00f3n de informaci\u00f3n sobre las diferentes pr\u00e1cticas y conocimientos en pedagog\u00eda y educaci\u00f3n social.<\/li>\n<\/ul>\n<p><img decoding=\"async\" loading=\"lazy\" class=\"alignnone size-full wp-image-2997\" src=\"https:\/\/istlyr-caba.infd.edu.ar\/sitio\/wp-content\/uploads\/2019\/04\/pyes.jpg\" alt=\"\" width=\"1080\" height=\"400\" srcset=\"https:\/\/istlyr-caba.infd.edu.ar\/sitio\/wp-content\/uploads\/2019\/04\/pyes.jpg 1080w, https:\/\/istlyr-caba.infd.edu.ar\/sitio\/wp-content\/uploads\/2019\/04\/pyes-1000x370.jpg 1000w, https:\/\/istlyr-caba.infd.edu.ar\/sitio\/wp-content\/uploads\/2019\/04\/pyes-768x284.jpg 768w\" sizes=\"(max-width: 1080px) 100vw, 1080px\" \/><\/p>\n<p>Podr\u00e1 desempe\u00f1arse en \u00e1mbitos culturales, sociales, educativos, de salud, en organismos estatales, privados y de la sociedad civil vinculados con la Pedagog\u00eda y Educaci\u00f3n Social.<\/p>\n<p style=\"text-align: justify;\">El egresado de la Tecnicatura Superior en Pedagog\u00eda y Educaci\u00f3n Social\u00a0se forma para contribuir desde diversas experiencias educativas\u00a0a la construcci\u00f3n de una ciudadan\u00eda plena.<\/p>\n<p><iframe loading=\"lazy\" src=\"https:\/\/www.youtube.com\/embed\/wcXAsAFkaFA?rel=0&amp;showinfo=0&amp;wmode=transparent\" width=\"640\" height=\"360\" frameborder=\"0\" allowfullscreen=\"allowfullscreen\"><\/iframe><\/p>\n","protected":false},"excerpt":{"rendered":"<p>&gt; Ver Plan de estudios El T\u00e9cnico Superior en Pedagog\u00eda y Educaci\u00f3n Social (PyES) estar\u00e1 en condiciones de desempe\u00f1ar las siguientes funciones: Analizar e interpretar la situaci\u00f3n socioeducativa general y las particularidades del contexto en el que realizar\u00e1 sus funciones. Interpretar pol\u00edticas sociales y educativas que atraviesan el \u00e1mbito de intervenci\u00f3n. Dise\u00f1ar, implementar y evaluar &#8230; <a title=\"Tecnicatura Superior en Pedagog\u00eda y Educaci\u00f3n Social\" class=\"read-more\" href=\"https:\/\/istlyr-caba.infd.edu.ar\/sitio\/tecnicatura-superior-en-pedagogia-y-educacion-social\/\" aria-label=\"More on Tecnicatura Superior en Pedagog\u00eda y Educaci\u00f3n Social\">[+]<\/a><\/p>\n","protected":false},"author":19,"featured_media":0,"parent":0,"menu_order":0,"comment_status":"closed","ping_status":"closed","template":"","meta":[],"acf":[],"_links":{"self":[{"href":"https:\/\/istlyr-caba.infd.edu.ar\/sitio\/wp-json\/wp\/v2\/pages\/1377"}],"collection":[{"href":"https:\/\/istlyr-caba.infd.edu.ar\/sitio\/wp-json\/wp\/v2\/pages"}],"about":[{"href":"https:\/\/istlyr-caba.infd.edu.ar\/sitio\/wp-json\/wp\/v2\/types\/page"}],"author":[{"embeddable":true,"href":"https:\/\/istlyr-caba.infd.edu.ar\/sitio\/wp-json\/wp\/v2\/users\/19"}],"replies":[{"embeddable":true,"href":"https:\/\/istlyr-caba.infd.edu.ar\/sitio\/wp-json\/wp\/v2\/comments?post=1377"}],"version-history":[{"count":2,"href":"https:\/\/istlyr-caba.infd.edu.ar\/sitio\/wp-json\/wp\/v2\/pages\/1377\/revisions"}],"predecessor-version":[{"id":5982,"href":"https:\/\/istlyr-caba.infd.edu.ar\/sitio\/wp-json\/wp\/v2\/pages\/1377\/revisions\/5982"}],"wp:attachment":[{"href":"https:\/\/istlyr-caba.infd.edu.ar\/sitio\/wp-json\/wp\/v2\/media?parent=1377"}],"curies":[{"name":"wp","href":"https:\/\/api.w.org\/{rel}","templated":true}]}}