{"id":1373,"date":"2018-07-03T13:11:06","date_gmt":"2018-07-03T16:11:06","guid":{"rendered":"https:\/\/istlyr-caba.infd.edu.ar\/sitio\/el-instituto\/"},"modified":"2022-09-01T10:27:24","modified_gmt":"2022-09-01T13:27:24","slug":"el-instituto","status":"publish","type":"page","link":"https:\/\/istlyr-caba.infd.edu.ar\/sitio\/el-instituto\/","title":{"rendered":"El Instituto"},"content":{"rendered":"<p><img decoding=\"async\" loading=\"lazy\" class=\"alignnone size-full wp-image-2952\" src=\"https:\/\/istlyr-caba.infd.edu.ar\/sitio\/wp-content\/uploads\/2019\/04\/30a\u00f1os-3el-instituto.jpg\" alt=\"\" width=\"1080\" height=\"600\" srcset=\"https:\/\/istlyr-caba.infd.edu.ar\/sitio\/wp-content\/uploads\/2019\/04\/30a\u00f1os-3el-instituto.jpg 1080w, https:\/\/istlyr-caba.infd.edu.ar\/sitio\/wp-content\/uploads\/2019\/04\/30a\u00f1os-3el-instituto-1000x556.jpg 1000w, https:\/\/istlyr-caba.infd.edu.ar\/sitio\/wp-content\/uploads\/2019\/04\/30a\u00f1os-3el-instituto-768x427.jpg 768w\" sizes=\"(max-width: 1080px) 100vw, 1080px\" \/><\/p>\n<p style=\"text-align: justify;\">El Instituto Superior de Tiempo Libre y Recreaci\u00f3n (ISTLyR) es una instituci\u00f3n educativa p\u00fablica y gratuita que dicta carreras de Nivel Superior con t\u00edtulos oficiales en la Ciudad de Buenos Aires. Depende de la Direcci\u00f3n de Formaci\u00f3n T\u00e9cnica Superior del Ministerio de Educaci\u00f3n del Gobierno de la Ciudad.<\/p>\n<p>En el ISTLyR se ofrecen tres Tecnicaturas: Tiempo Libre y Recreaci\u00f3n; Pedagog\u00eda y Educaci\u00f3n Social; y Comunicaci\u00f3n Social orientada al Desarrollo Local. Las tres carreras forman profesionales para intervenir en el campo socioeducativo a trav\u00e9s de una formaci\u00f3n integral que fomenta el pensamiento cr\u00edtico sobre la realidad.<\/p>\n<p>Tiene una forma de gobierno de la que participan sus tres claustros: estudiantes, docentes y graduados. Cada claustro elige sus autoridades por un mandato de 2 a\u00f1os y dichas autoridades integran el Consejo Directivo, que acompa\u00f1a el gobierno del Instituto. Los estudiantes de cada carrera eligen, adem\u00e1s, a los compa\u00f1eros que forman parte del Centro de Estudiantes, que desarrolla gran cantidad de actividades dentro del Instituto y mantiene un di\u00e1logo constante con el equipo directivo.<\/p>\n<p><img decoding=\"async\" loading=\"lazy\" class=\"alignnone size-full wp-image-2964\" src=\"https:\/\/istlyr-caba.infd.edu.ar\/sitio\/wp-content\/uploads\/2019\/04\/instituto.jpg\" alt=\"\" width=\"1080\" height=\"400\" srcset=\"https:\/\/istlyr-caba.infd.edu.ar\/sitio\/wp-content\/uploads\/2019\/04\/instituto.jpg 1080w, https:\/\/istlyr-caba.infd.edu.ar\/sitio\/wp-content\/uploads\/2019\/04\/instituto-1000x370.jpg 1000w, https:\/\/istlyr-caba.infd.edu.ar\/sitio\/wp-content\/uploads\/2019\/04\/instituto-768x284.jpg 768w\" sizes=\"(max-width: 1080px) 100vw, 1080px\" \/><\/p>\n<p>Desde el Instituto Superior de Tiempo Libre y Recreaci\u00f3n procuramos educar en la ampliaci\u00f3n de los derechos de ni\u00f1os, ni\u00f1as, adolescentes, j\u00f3venes y adultos desde diversos lenguajes y herramientas te\u00f3rico pr\u00e1cticas. Tanto desde la recreaci\u00f3n como desde la educaci\u00f3n y la comunicaci\u00f3n, trabajamos para contribuir al desarrollo de personas, organizaciones sociales e instituciones del estado con el fin de mejorar sus entornos.<\/p>\n<p>Proponemos una formaci\u00f3n en interacci\u00f3n con el territorio y sus actores. Esta es una de las premisas que nuestras tres Tecnicaturas comparten. Por tal motivo trabajamos de modo integrado con organizaciones sociales, instituciones p\u00fablicas y otros colectivos con un horizonte com\u00fan de transformaci\u00f3n social. A trav\u00e9s de pr\u00e1cticas, talleres, viajes de estudio y campamentos nos acercamos a diferentes modos de habitar, dialogar y actuar con las comunidades y las personas en sus contextos. Tambi\u00e9n realizamos jornadas, conferencias, cursos e investigaciones abiertas a la comunidad.<\/p>\n<p><em>Interpelar, poner el cuerpo, imaginar, preguntar, dar sentido. Construir e interpretar la realidad.<\/em><\/p>\n<p style=\"text-align: justify;\"><\/p>\n\n\n<p><\/p>\n","protected":false},"excerpt":{"rendered":"<p>El Instituto Superior de Tiempo Libre y Recreaci\u00f3n (ISTLyR) es una instituci\u00f3n educativa p\u00fablica y gratuita que dicta carreras de Nivel Superior con t\u00edtulos oficiales en la Ciudad de Buenos Aires. Depende de la Direcci\u00f3n de Formaci\u00f3n T\u00e9cnica Superior del Ministerio de Educaci\u00f3n del Gobierno de la Ciudad. En el ISTLyR se ofrecen tres Tecnicaturas: &#8230; <a title=\"El Instituto\" class=\"read-more\" href=\"https:\/\/istlyr-caba.infd.edu.ar\/sitio\/el-instituto\/\" aria-label=\"More on El Instituto\">[+]<\/a><\/p>\n","protected":false},"author":19,"featured_media":0,"parent":0,"menu_order":0,"comment_status":"closed","ping_status":"closed","template":"","meta":[],"acf":[],"_links":{"self":[{"href":"https:\/\/istlyr-caba.infd.edu.ar\/sitio\/wp-json\/wp\/v2\/pages\/1373"}],"collection":[{"href":"https:\/\/istlyr-caba.infd.edu.ar\/sitio\/wp-json\/wp\/v2\/pages"}],"about":[{"href":"https:\/\/istlyr-caba.infd.edu.ar\/sitio\/wp-json\/wp\/v2\/types\/page"}],"author":[{"embeddable":true,"href":"https:\/\/istlyr-caba.infd.edu.ar\/sitio\/wp-json\/wp\/v2\/users\/19"}],"replies":[{"embeddable":true,"href":"https:\/\/istlyr-caba.infd.edu.ar\/sitio\/wp-json\/wp\/v2\/comments?post=1373"}],"version-history":[{"count":3,"href":"https:\/\/istlyr-caba.infd.edu.ar\/sitio\/wp-json\/wp\/v2\/pages\/1373\/revisions"}],"predecessor-version":[{"id":5007,"href":"https:\/\/istlyr-caba.infd.edu.ar\/sitio\/wp-json\/wp\/v2\/pages\/1373\/revisions\/5007"}],"wp:attachment":[{"href":"https:\/\/istlyr-caba.infd.edu.ar\/sitio\/wp-json\/wp\/v2\/media?parent=1373"}],"curies":[{"name":"wp","href":"https:\/\/api.w.org\/{rel}","templated":true}]}}